{"id":784,"date":"2022-04-06T12:28:11","date_gmt":"2022-04-06T10:28:11","guid":{"rendered":"http:\/\/janex-jl.pl\/?post_type=product&#038;p=784"},"modified":"2022-04-06T12:28:12","modified_gmt":"2022-04-06T10:28:12","slug":"breakfast-musli","status":"publish","type":"product","link":"https:\/\/janex-jl.pl\/en\/product\/breakfast-musli\/","title":{"rendered":"Breakfast Musli"},"content":{"rendered":"\n<p>Janex breakfast muesli is a composition of four types of cereals and aromatic fruits. Due to the high content of wheat, oats, barley and rye, it provides the supply of nutrients, minerals and vitamins. The presence of dietary fiber guarantees the proper functioning of the digestive system, ensures a long feeling of fullness and lowers the level of cholesterol in the blood. It also has a hypoglycaemic and immunomodulatory effect. Muesli is an excellent alternative to traditional porridge, it contains tasty fruit and does not require heat treatment. In combination with yogurt or milk, it is perfect as a wholesome, nutritious breakfast or a quick snack during the day.<\/p>\n","protected":false},"featured_media":783,"template":"","product_category":[],"weight":[],"class_list":["post-784","product","type-product","status-publish","has-post-thumbnail","hentry"],"acf":[],"yoast_head":"<!-- This site is optimized with the Yoast SEO plugin v26.9 - https:\/\/yoast.com\/product\/yoast-seo-wordpress\/ -->\n<title>Breakfast Musli - Janex<\/title>\n<meta name=\"robots\" content=\"index, follow, max-snippet:-1, max-image-preview:large, max-video-preview:-1\" \/>\n<link rel=\"canonical\" href=\"https:\/\/janex-jl.pl\/produkt\/musli-sniadaniowe\/\" \/>\n<meta property=\"og:locale\" content=\"en_US\" \/>\n<meta property=\"og:type\" content=\"article\" \/>\n<meta property=\"og:title\" content=\"Breakfast Musli - Janex\" \/>\n<meta property=\"og:description\" content=\"Janex breakfast muesli is a composition of four types of cereals and aromatic fruits. Due to the high content of wheat, oats, barley and rye, it provides the supply of nutrients, minerals and vitamins. The presence of dietary fiber guarantees the proper functioning of the digestive system, ensures a long feeling of fullness and lowers &hellip; Continued\" \/>\n<meta property=\"og:url\" content=\"https:\/\/janex-jl.pl\/produkt\/musli-sniadaniowe\/\" \/>\n<meta property=\"og:site_name\" content=\"Janex\" \/>\n<meta property=\"article:publisher\" content=\"https:\/\/www.facebook.com\/JanexZrodloZdrowia\/\" \/>\n<meta property=\"article:modified_time\" content=\"2022-04-06T10:28:12+00:00\" \/>\n<meta property=\"og:image\" content=\"https:\/\/janex-jl.pl\/wp-content\/uploads\/2022\/04\/Janex_musli-sniadaniowe_400-nowa-wizuazlizacja.jpg\" \/>\n\t<meta property=\"og:image:width\" content=\"548\" \/>\n\t<meta property=\"og:image:height\" content=\"768\" \/>\n\t<meta property=\"og:image:type\" content=\"image\/jpeg\" \/>\n<meta name=\"twitter:card\" content=\"summary_large_image\" \/>\n<script type=\"application\/ld+json\" class=\"yoast-schema-graph\">{\"@context\":\"https:\/\/schema.org\",\"@graph\":[{\"@type\":\"WebPage\",\"@id\":\"https:\/\/janex-jl.pl\/produkt\/musli-sniadaniowe\/\",\"url\":\"https:\/\/janex-jl.pl\/produkt\/musli-sniadaniowe\/\",\"name\":\"Breakfast Musli - Janex\",\"isPartOf\":{\"@id\":\"https:\/\/janex-jl.pl\/#website\"},\"primaryImageOfPage\":{\"@id\":\"https:\/\/janex-jl.pl\/produkt\/musli-sniadaniowe\/#primaryimage\"},\"image\":{\"@id\":\"https:\/\/janex-jl.pl\/produkt\/musli-sniadaniowe\/#primaryimage\"},\"thumbnailUrl\":\"https:\/\/janex-jl.pl\/wp-content\/uploads\/2022\/04\/Janex_musli-sniadaniowe_400-nowa-wizuazlizacja.jpg\",\"datePublished\":\"2022-04-06T10:28:11+00:00\",\"dateModified\":\"2022-04-06T10:28:12+00:00\",\"breadcrumb\":{\"@id\":\"https:\/\/janex-jl.pl\/produkt\/musli-sniadaniowe\/#breadcrumb\"},\"inLanguage\":\"en-US\",\"potentialAction\":[{\"@type\":\"ReadAction\",\"target\":[\"https:\/\/janex-jl.pl\/produkt\/musli-sniadaniowe\/\"]}]},{\"@type\":\"ImageObject\",\"inLanguage\":\"en-US\",\"@id\":\"https:\/\/janex-jl.pl\/produkt\/musli-sniadaniowe\/#primaryimage\",\"url\":\"https:\/\/janex-jl.pl\/wp-content\/uploads\/2022\/04\/Janex_musli-sniadaniowe_400-nowa-wizuazlizacja.jpg\",\"contentUrl\":\"https:\/\/janex-jl.pl\/wp-content\/uploads\/2022\/04\/Janex_musli-sniadaniowe_400-nowa-wizuazlizacja.jpg\",\"width\":548,\"height\":768},{\"@type\":\"BreadcrumbList\",\"@id\":\"https:\/\/janex-jl.pl\/produkt\/musli-sniadaniowe\/#breadcrumb\",\"itemListElement\":[{\"@type\":\"ListItem\",\"position\":1,\"name\":\"Strona g\u0142\u00f3wna\",\"item\":\"https:\/\/janex-jl.pl\/en\/\"},{\"@type\":\"ListItem\",\"position\":2,\"name\":\"Breakfast Musli\"}]},{\"@type\":\"WebSite\",\"@id\":\"https:\/\/janex-jl.pl\/#website\",\"url\":\"https:\/\/janex-jl.pl\/\",\"name\":\"Janex \u2013 polski producent kasz\",\"description\":\"Groats Producer\",\"publisher\":{\"@id\":\"https:\/\/janex-jl.pl\/#organization\"},\"potentialAction\":[{\"@type\":\"SearchAction\",\"target\":{\"@type\":\"EntryPoint\",\"urlTemplate\":\"https:\/\/janex-jl.pl\/?s={search_term_string}\"},\"query-input\":{\"@type\":\"PropertyValueSpecification\",\"valueRequired\":true,\"valueName\":\"search_term_string\"}}],\"inLanguage\":\"en-US\"},{\"@type\":\"Organization\",\"@id\":\"https:\/\/janex-jl.pl\/#organization\",\"name\":\"JANEX POLSKI PRODUCENT KASZ SP\u00d3\u0141KA Z OGRANICZON\u0104 ODPOWIEDZIALNO\u015aCI\u0104\",\"url\":\"https:\/\/janex-jl.pl\/\",\"logo\":{\"@type\":\"ImageObject\",\"inLanguage\":\"en-US\",\"@id\":\"https:\/\/janex-jl.pl\/#\/schema\/logo\/image\/\",\"url\":\"https:\/\/janex-jl.pl\/wp-content\/uploads\/2021\/04\/janex-logo.svg\",\"contentUrl\":\"https:\/\/janex-jl.pl\/wp-content\/uploads\/2021\/04\/janex-logo.svg\",\"width\":112,\"height\":77,\"caption\":\"JANEX POLSKI PRODUCENT KASZ SP\u00d3\u0141KA Z OGRANICZON\u0104 ODPOWIEDZIALNO\u015aCI\u0104\"},\"image\":{\"@id\":\"https:\/\/janex-jl.pl\/#\/schema\/logo\/image\/\"},\"sameAs\":[\"https:\/\/www.facebook.com\/JanexZrodloZdrowia\/\",\"https:\/\/www.instagram.com\/twoje_zrodlo_zdrowia\/\"]}]}<\/script>\n<!-- \/ Yoast SEO plugin. -->","yoast_head_json":{"title":"Breakfast Musli - Janex","robots":{"index":"index","follow":"follow","max-snippet":"max-snippet:-1","max-image-preview":"max-image-preview:large","max-video-preview":"max-video-preview:-1"},"canonical":"https:\/\/janex-jl.pl\/produkt\/musli-sniadaniowe\/","og_locale":"en_US","og_type":"article","og_title":"Breakfast Musli - Janex","og_description":"Janex breakfast muesli is a composition of four types of cereals and aromatic fruits. Due to the high content of wheat, oats, barley and rye, it provides the supply of nutrients, minerals and vitamins. The presence of dietary fiber guarantees the proper functioning of the digestive system, ensures a long feeling of fullness and lowers &hellip; Continued","og_url":"https:\/\/janex-jl.pl\/produkt\/musli-sniadaniowe\/","og_site_name":"Janex","article_publisher":"https:\/\/www.facebook.com\/JanexZrodloZdrowia\/","article_modified_time":"2022-04-06T10:28:12+00:00","og_image":[{"width":548,"height":768,"url":"https:\/\/janex-jl.pl\/wp-content\/uploads\/2022\/04\/Janex_musli-sniadaniowe_400-nowa-wizuazlizacja.jpg","type":"image\/jpeg"}],"twitter_card":"summary_large_image","schema":{"@context":"https:\/\/schema.org","@graph":[{"@type":"WebPage","@id":"https:\/\/janex-jl.pl\/produkt\/musli-sniadaniowe\/","url":"https:\/\/janex-jl.pl\/produkt\/musli-sniadaniowe\/","name":"Breakfast Musli - Janex","isPartOf":{"@id":"https:\/\/janex-jl.pl\/#website"},"primaryImageOfPage":{"@id":"https:\/\/janex-jl.pl\/produkt\/musli-sniadaniowe\/#primaryimage"},"image":{"@id":"https:\/\/janex-jl.pl\/produkt\/musli-sniadaniowe\/#primaryimage"},"thumbnailUrl":"https:\/\/janex-jl.pl\/wp-content\/uploads\/2022\/04\/Janex_musli-sniadaniowe_400-nowa-wizuazlizacja.jpg","datePublished":"2022-04-06T10:28:11+00:00","dateModified":"2022-04-06T10:28:12+00:00","breadcrumb":{"@id":"https:\/\/janex-jl.pl\/produkt\/musli-sniadaniowe\/#breadcrumb"},"inLanguage":"en-US","potentialAction":[{"@type":"ReadAction","target":["https:\/\/janex-jl.pl\/produkt\/musli-sniadaniowe\/"]}]},{"@type":"ImageObject","inLanguage":"en-US","@id":"https:\/\/janex-jl.pl\/produkt\/musli-sniadaniowe\/#primaryimage","url":"https:\/\/janex-jl.pl\/wp-content\/uploads\/2022\/04\/Janex_musli-sniadaniowe_400-nowa-wizuazlizacja.jpg","contentUrl":"https:\/\/janex-jl.pl\/wp-content\/uploads\/2022\/04\/Janex_musli-sniadaniowe_400-nowa-wizuazlizacja.jpg","width":548,"height":768},{"@type":"BreadcrumbList","@id":"https:\/\/janex-jl.pl\/produkt\/musli-sniadaniowe\/#breadcrumb","itemListElement":[{"@type":"ListItem","position":1,"name":"Strona g\u0142\u00f3wna","item":"https:\/\/janex-jl.pl\/en\/"},{"@type":"ListItem","position":2,"name":"Breakfast Musli"}]},{"@type":"WebSite","@id":"https:\/\/janex-jl.pl\/#website","url":"https:\/\/janex-jl.pl\/","name":"Janex \u2013 polski producent kasz","description":"Groats Producer","publisher":{"@id":"https:\/\/janex-jl.pl\/#organization"},"potentialAction":[{"@type":"SearchAction","target":{"@type":"EntryPoint","urlTemplate":"https:\/\/janex-jl.pl\/?s={search_term_string}"},"query-input":{"@type":"PropertyValueSpecification","valueRequired":true,"valueName":"search_term_string"}}],"inLanguage":"en-US"},{"@type":"Organization","@id":"https:\/\/janex-jl.pl\/#organization","name":"JANEX POLSKI PRODUCENT KASZ SP\u00d3\u0141KA Z OGRANICZON\u0104 ODPOWIEDZIALNO\u015aCI\u0104","url":"https:\/\/janex-jl.pl\/","logo":{"@type":"ImageObject","inLanguage":"en-US","@id":"https:\/\/janex-jl.pl\/#\/schema\/logo\/image\/","url":"https:\/\/janex-jl.pl\/wp-content\/uploads\/2021\/04\/janex-logo.svg","contentUrl":"https:\/\/janex-jl.pl\/wp-content\/uploads\/2021\/04\/janex-logo.svg","width":112,"height":77,"caption":"JANEX POLSKI PRODUCENT KASZ SP\u00d3\u0141KA Z OGRANICZON\u0104 ODPOWIEDZIALNO\u015aCI\u0104"},"image":{"@id":"https:\/\/janex-jl.pl\/#\/schema\/logo\/image\/"},"sameAs":["https:\/\/www.facebook.com\/JanexZrodloZdrowia\/","https:\/\/www.instagram.com\/twoje_zrodlo_zdrowia\/"]}]}},"_links":{"self":[{"href":"https:\/\/janex-jl.pl\/en\/wp-json\/wp\/v2\/product\/784","targetHints":{"allow":["GET"]}}],"collection":[{"href":"https:\/\/janex-jl.pl\/en\/wp-json\/wp\/v2\/product"}],"about":[{"href":"https:\/\/janex-jl.pl\/en\/wp-json\/wp\/v2\/types\/product"}],"wp:featuredmedia":[{"embeddable":true,"href":"https:\/\/janex-jl.pl\/en\/wp-json\/wp\/v2\/media\/783"}],"wp:attachment":[{"href":"https:\/\/janex-jl.pl\/en\/wp-json\/wp\/v2\/media?parent=784"}],"wp:term":[{"taxonomy":"product_category","embeddable":true,"href":"https:\/\/janex-jl.pl\/en\/wp-json\/wp\/v2\/product_category?post=784"},{"taxonomy":"weight","embeddable":true,"href":"https:\/\/janex-jl.pl\/en\/wp-json\/wp\/v2\/weight?post=784"}],"curies":[{"name":"wp","href":"https:\/\/api.w.org\/{rel}","templated":true}]}}