{"id":644,"date":"2021-06-09T12:13:07","date_gmt":"2021-06-09T10:13:07","guid":{"rendered":"http:\/\/janex.rocktheweb.pl\/?post_type=product&#038;p=644"},"modified":"2021-10-14T13:50:23","modified_gmt":"2021-10-14T11:50:23","slug":"buckwheat-groats-4x100g","status":"publish","type":"product","link":"https:\/\/janex-jl.pl\/en\/product\/buckwheat-groats-4x100g\/","title":{"rendered":"Roasted Buckwheat Groats"},"content":{"rendered":"\n<p>Roasted buckwheat groats are obtained from the buckwheat grain, which undergoes a heat treatment. Buckwheat is a rich source of magnesium, reducing stress levels and encouraging sleep. It contains rutosid, promoting a good condition of blood vessels and preventing vessels rupture, varicose veins and swelling. Rutosid shows antithrombotic properties and is highly recommended to people with risks of the ischaemic heart disease. Buckwheat is a rich source of zinc, stimulating the vitality of your hair, skin and nails. It also boosts the immune system and good eyesight. The benefits of buckwheat include also hormone balance and facilitating insulin action, while a shortage of its elements can provoke the development of type 2 diabetes. Roasted buckwheat shows a low glycemic index so it is a great product for people who want to lose weight or are diabetic. It is also gluten-free, so it is safe for people suffering from celiac disease. This product is perfect for meat and mushroom dishes, vegetables, fillings and dumplings.<\/p>\n","protected":false},"featured_media":590,"template":"","product_category":[34],"weight":[19],"class_list":["post-644","product","type-product","status-publish","has-post-thumbnail","hentry","product_category-groats","weight-4-x-100-g"],"acf":[],"yoast_head":"<!-- This site is optimized with the Yoast SEO plugin v26.9 - https:\/\/yoast.com\/product\/yoast-seo-wordpress\/ -->\n<title>Roasted Buckwheat Groats - Janex<\/title>\n<meta name=\"robots\" content=\"index, follow, max-snippet:-1, max-image-preview:large, max-video-preview:-1\" \/>\n<link rel=\"canonical\" href=\"https:\/\/janex-jl.pl\/produkt\/kasza-gryczana-4x100g\/\" \/>\n<meta property=\"og:locale\" content=\"en_US\" \/>\n<meta property=\"og:type\" content=\"article\" \/>\n<meta property=\"og:title\" content=\"Roasted Buckwheat Groats - Janex\" \/>\n<meta property=\"og:description\" content=\"Roasted buckwheat groats are obtained from the buckwheat grain, which undergoes a heat treatment. Buckwheat is a rich source of magnesium, reducing stress levels and encouraging sleep. It contains rutosid, promoting a good condition of blood vessels and preventing vessels rupture, varicose veins and swelling. Rutosid shows antithrombotic properties and is highly recommended to people &hellip; Continued\" \/>\n<meta property=\"og:url\" content=\"https:\/\/janex-jl.pl\/produkt\/kasza-gryczana-4x100g\/\" \/>\n<meta property=\"og:site_name\" content=\"Janex\" \/>\n<meta property=\"article:publisher\" content=\"https:\/\/www.facebook.com\/JanexZrodloZdrowia\/\" \/>\n<meta property=\"article:modified_time\" content=\"2021-10-14T11:50:23+00:00\" \/>\n<meta property=\"og:image\" content=\"https:\/\/janex-jl.pl\/wp-content\/uploads\/2021\/05\/kasza-gryczana-prazona-4x100g.jpg\" \/>\n\t<meta property=\"og:image:width\" content=\"737\" \/>\n\t<meta property=\"og:image:height\" content=\"887\" \/>\n\t<meta property=\"og:image:type\" content=\"image\/jpeg\" \/>\n<meta name=\"twitter:card\" content=\"summary_large_image\" \/>\n<script type=\"application\/ld+json\" class=\"yoast-schema-graph\">{\"@context\":\"https:\/\/schema.org\",\"@graph\":[{\"@type\":\"WebPage\",\"@id\":\"https:\/\/janex-jl.pl\/produkt\/kasza-gryczana-4x100g\/\",\"url\":\"https:\/\/janex-jl.pl\/produkt\/kasza-gryczana-4x100g\/\",\"name\":\"Roasted Buckwheat Groats - Janex\",\"isPartOf\":{\"@id\":\"https:\/\/janex-jl.pl\/#website\"},\"primaryImageOfPage\":{\"@id\":\"https:\/\/janex-jl.pl\/produkt\/kasza-gryczana-4x100g\/#primaryimage\"},\"image\":{\"@id\":\"https:\/\/janex-jl.pl\/produkt\/kasza-gryczana-4x100g\/#primaryimage\"},\"thumbnailUrl\":\"https:\/\/janex-jl.pl\/wp-content\/uploads\/2021\/05\/kasza-gryczana-prazona-4x100g.jpg\",\"datePublished\":\"2021-06-09T10:13:07+00:00\",\"dateModified\":\"2021-10-14T11:50:23+00:00\",\"breadcrumb\":{\"@id\":\"https:\/\/janex-jl.pl\/produkt\/kasza-gryczana-4x100g\/#breadcrumb\"},\"inLanguage\":\"en-US\",\"potentialAction\":[{\"@type\":\"ReadAction\",\"target\":[\"https:\/\/janex-jl.pl\/produkt\/kasza-gryczana-4x100g\/\"]}]},{\"@type\":\"ImageObject\",\"inLanguage\":\"en-US\",\"@id\":\"https:\/\/janex-jl.pl\/produkt\/kasza-gryczana-4x100g\/#primaryimage\",\"url\":\"https:\/\/janex-jl.pl\/wp-content\/uploads\/2021\/05\/kasza-gryczana-prazona-4x100g.jpg\",\"contentUrl\":\"https:\/\/janex-jl.pl\/wp-content\/uploads\/2021\/05\/kasza-gryczana-prazona-4x100g.jpg\",\"width\":737,\"height\":887},{\"@type\":\"BreadcrumbList\",\"@id\":\"https:\/\/janex-jl.pl\/produkt\/kasza-gryczana-4x100g\/#breadcrumb\",\"itemListElement\":[{\"@type\":\"ListItem\",\"position\":1,\"name\":\"Strona g\u0142\u00f3wna\",\"item\":\"https:\/\/janex-jl.pl\/en\/\"},{\"@type\":\"ListItem\",\"position\":2,\"name\":\"Roasted Buckwheat Groats\"}]},{\"@type\":\"WebSite\",\"@id\":\"https:\/\/janex-jl.pl\/#website\",\"url\":\"https:\/\/janex-jl.pl\/\",\"name\":\"Janex \u2013 polski producent kasz\",\"description\":\"Groats Producer\",\"publisher\":{\"@id\":\"https:\/\/janex-jl.pl\/#organization\"},\"potentialAction\":[{\"@type\":\"SearchAction\",\"target\":{\"@type\":\"EntryPoint\",\"urlTemplate\":\"https:\/\/janex-jl.pl\/?s={search_term_string}\"},\"query-input\":{\"@type\":\"PropertyValueSpecification\",\"valueRequired\":true,\"valueName\":\"search_term_string\"}}],\"inLanguage\":\"en-US\"},{\"@type\":\"Organization\",\"@id\":\"https:\/\/janex-jl.pl\/#organization\",\"name\":\"JANEX POLSKI PRODUCENT KASZ SP\u00d3\u0141KA Z OGRANICZON\u0104 ODPOWIEDZIALNO\u015aCI\u0104\",\"url\":\"https:\/\/janex-jl.pl\/\",\"logo\":{\"@type\":\"ImageObject\",\"inLanguage\":\"en-US\",\"@id\":\"https:\/\/janex-jl.pl\/#\/schema\/logo\/image\/\",\"url\":\"https:\/\/janex-jl.pl\/wp-content\/uploads\/2021\/04\/janex-logo.svg\",\"contentUrl\":\"https:\/\/janex-jl.pl\/wp-content\/uploads\/2021\/04\/janex-logo.svg\",\"width\":112,\"height\":77,\"caption\":\"JANEX POLSKI PRODUCENT KASZ SP\u00d3\u0141KA Z OGRANICZON\u0104 ODPOWIEDZIALNO\u015aCI\u0104\"},\"image\":{\"@id\":\"https:\/\/janex-jl.pl\/#\/schema\/logo\/image\/\"},\"sameAs\":[\"https:\/\/www.facebook.com\/JanexZrodloZdrowia\/\",\"https:\/\/www.instagram.com\/twoje_zrodlo_zdrowia\/\"]}]}<\/script>\n<!-- \/ Yoast SEO plugin. -->","yoast_head_json":{"title":"Roasted Buckwheat Groats - Janex","robots":{"index":"index","follow":"follow","max-snippet":"max-snippet:-1","max-image-preview":"max-image-preview:large","max-video-preview":"max-video-preview:-1"},"canonical":"https:\/\/janex-jl.pl\/produkt\/kasza-gryczana-4x100g\/","og_locale":"en_US","og_type":"article","og_title":"Roasted Buckwheat Groats - Janex","og_description":"Roasted buckwheat groats are obtained from the buckwheat grain, which undergoes a heat treatment. Buckwheat is a rich source of magnesium, reducing stress levels and encouraging sleep. It contains rutosid, promoting a good condition of blood vessels and preventing vessels rupture, varicose veins and swelling. Rutosid shows antithrombotic properties and is highly recommended to people &hellip; Continued","og_url":"https:\/\/janex-jl.pl\/produkt\/kasza-gryczana-4x100g\/","og_site_name":"Janex","article_publisher":"https:\/\/www.facebook.com\/JanexZrodloZdrowia\/","article_modified_time":"2021-10-14T11:50:23+00:00","og_image":[{"width":737,"height":887,"url":"https:\/\/janex-jl.pl\/wp-content\/uploads\/2021\/05\/kasza-gryczana-prazona-4x100g.jpg","type":"image\/jpeg"}],"twitter_card":"summary_large_image","schema":{"@context":"https:\/\/schema.org","@graph":[{"@type":"WebPage","@id":"https:\/\/janex-jl.pl\/produkt\/kasza-gryczana-4x100g\/","url":"https:\/\/janex-jl.pl\/produkt\/kasza-gryczana-4x100g\/","name":"Roasted Buckwheat Groats - Janex","isPartOf":{"@id":"https:\/\/janex-jl.pl\/#website"},"primaryImageOfPage":{"@id":"https:\/\/janex-jl.pl\/produkt\/kasza-gryczana-4x100g\/#primaryimage"},"image":{"@id":"https:\/\/janex-jl.pl\/produkt\/kasza-gryczana-4x100g\/#primaryimage"},"thumbnailUrl":"https:\/\/janex-jl.pl\/wp-content\/uploads\/2021\/05\/kasza-gryczana-prazona-4x100g.jpg","datePublished":"2021-06-09T10:13:07+00:00","dateModified":"2021-10-14T11:50:23+00:00","breadcrumb":{"@id":"https:\/\/janex-jl.pl\/produkt\/kasza-gryczana-4x100g\/#breadcrumb"},"inLanguage":"en-US","potentialAction":[{"@type":"ReadAction","target":["https:\/\/janex-jl.pl\/produkt\/kasza-gryczana-4x100g\/"]}]},{"@type":"ImageObject","inLanguage":"en-US","@id":"https:\/\/janex-jl.pl\/produkt\/kasza-gryczana-4x100g\/#primaryimage","url":"https:\/\/janex-jl.pl\/wp-content\/uploads\/2021\/05\/kasza-gryczana-prazona-4x100g.jpg","contentUrl":"https:\/\/janex-jl.pl\/wp-content\/uploads\/2021\/05\/kasza-gryczana-prazona-4x100g.jpg","width":737,"height":887},{"@type":"BreadcrumbList","@id":"https:\/\/janex-jl.pl\/produkt\/kasza-gryczana-4x100g\/#breadcrumb","itemListElement":[{"@type":"ListItem","position":1,"name":"Strona g\u0142\u00f3wna","item":"https:\/\/janex-jl.pl\/en\/"},{"@type":"ListItem","position":2,"name":"Roasted Buckwheat Groats"}]},{"@type":"WebSite","@id":"https:\/\/janex-jl.pl\/#website","url":"https:\/\/janex-jl.pl\/","name":"Janex \u2013 polski producent kasz","description":"Groats Producer","publisher":{"@id":"https:\/\/janex-jl.pl\/#organization"},"potentialAction":[{"@type":"SearchAction","target":{"@type":"EntryPoint","urlTemplate":"https:\/\/janex-jl.pl\/?s={search_term_string}"},"query-input":{"@type":"PropertyValueSpecification","valueRequired":true,"valueName":"search_term_string"}}],"inLanguage":"en-US"},{"@type":"Organization","@id":"https:\/\/janex-jl.pl\/#organization","name":"JANEX POLSKI PRODUCENT KASZ SP\u00d3\u0141KA Z OGRANICZON\u0104 ODPOWIEDZIALNO\u015aCI\u0104","url":"https:\/\/janex-jl.pl\/","logo":{"@type":"ImageObject","inLanguage":"en-US","@id":"https:\/\/janex-jl.pl\/#\/schema\/logo\/image\/","url":"https:\/\/janex-jl.pl\/wp-content\/uploads\/2021\/04\/janex-logo.svg","contentUrl":"https:\/\/janex-jl.pl\/wp-content\/uploads\/2021\/04\/janex-logo.svg","width":112,"height":77,"caption":"JANEX POLSKI PRODUCENT KASZ SP\u00d3\u0141KA Z OGRANICZON\u0104 ODPOWIEDZIALNO\u015aCI\u0104"},"image":{"@id":"https:\/\/janex-jl.pl\/#\/schema\/logo\/image\/"},"sameAs":["https:\/\/www.facebook.com\/JanexZrodloZdrowia\/","https:\/\/www.instagram.com\/twoje_zrodlo_zdrowia\/"]}]}},"_links":{"self":[{"href":"https:\/\/janex-jl.pl\/en\/wp-json\/wp\/v2\/product\/644","targetHints":{"allow":["GET"]}}],"collection":[{"href":"https:\/\/janex-jl.pl\/en\/wp-json\/wp\/v2\/product"}],"about":[{"href":"https:\/\/janex-jl.pl\/en\/wp-json\/wp\/v2\/types\/product"}],"wp:featuredmedia":[{"embeddable":true,"href":"https:\/\/janex-jl.pl\/en\/wp-json\/wp\/v2\/media\/590"}],"wp:attachment":[{"href":"https:\/\/janex-jl.pl\/en\/wp-json\/wp\/v2\/media?parent=644"}],"wp:term":[{"taxonomy":"product_category","embeddable":true,"href":"https:\/\/janex-jl.pl\/en\/wp-json\/wp\/v2\/product_category?post=644"},{"taxonomy":"weight","embeddable":true,"href":"https:\/\/janex-jl.pl\/en\/wp-json\/wp\/v2\/weight?post=644"}],"curies":[{"name":"wp","href":"https:\/\/api.w.org\/{rel}","templated":true}]}}