{"id":634,"date":"2021-06-07T23:21:24","date_gmt":"2021-06-07T21:21:24","guid":{"rendered":"http:\/\/janex.rocktheweb.pl\/?post_type=product&#038;p=634"},"modified":"2021-06-11T12:06:06","modified_gmt":"2021-06-11T10:06:06","slug":"white-buckwheat-groats-4x100g","status":"publish","type":"product","link":"https:\/\/janex-jl.pl\/en\/product\/white-buckwheat-groats-4x100g\/","title":{"rendered":"White buckwheat groats"},"content":{"rendered":"\n<p>Unroasted buckwheat groats are one of the most valuable for our organism since they are low-processed. Not only buckwheat helps to maintain acid-base balance, but also it is a source of amino acids and microelements such as zinc, copper, iron, potassium and manganese. Like most groats, unroasted buckwheat provides dietary fiber which promotes the feeling of satiety and supports the digestive system. Moreover, it regulates carbohydrate metabolism and reduces cholesterol levels. Buckwheat is recommended for gluten-free and low glycemic index diets. Unlike the more known roasted groats, unroasted buckwheat taste is mild and it can successfully replace rice in cooking. This product is perfect with meat dishes, salads, soups and also for sweet snacks.<\/p>\n","protected":false},"featured_media":588,"template":"","product_category":[34],"weight":[19],"class_list":["post-634","product","type-product","status-publish","has-post-thumbnail","hentry","product_category-groats","weight-4-x-100-g"],"acf":[],"yoast_head":"<!-- This site is optimized with the Yoast SEO plugin v26.9 - https:\/\/yoast.com\/product\/yoast-seo-wordpress\/ -->\n<title>White buckwheat groats - Janex<\/title>\n<meta name=\"robots\" content=\"index, follow, max-snippet:-1, max-image-preview:large, max-video-preview:-1\" \/>\n<link rel=\"canonical\" href=\"https:\/\/janex-jl.pl\/produkt\/kasza-gryczana-biala-4x100g\/\" \/>\n<meta property=\"og:locale\" content=\"en_US\" \/>\n<meta property=\"og:type\" content=\"article\" \/>\n<meta property=\"og:title\" content=\"White buckwheat groats - Janex\" \/>\n<meta property=\"og:description\" content=\"Unroasted buckwheat groats are one of the most valuable for our organism since they are low-processed. Not only buckwheat helps to maintain acid-base balance, but also it is a source of amino acids and microelements such as zinc, copper, iron, potassium and manganese. Like most groats, unroasted buckwheat provides dietary fiber which promotes the feeling &hellip; Continued\" \/>\n<meta property=\"og:url\" content=\"https:\/\/janex-jl.pl\/produkt\/kasza-gryczana-biala-4x100g\/\" \/>\n<meta property=\"og:site_name\" content=\"Janex\" \/>\n<meta property=\"article:publisher\" content=\"https:\/\/www.facebook.com\/JanexZrodloZdrowia\/\" \/>\n<meta property=\"article:modified_time\" content=\"2021-06-11T10:06:06+00:00\" \/>\n<meta property=\"og:image\" content=\"https:\/\/janex-jl.pl\/wp-content\/uploads\/2021\/05\/kasza-gryczana-biala-4x100g.jpg\" \/>\n\t<meta property=\"og:image:width\" content=\"737\" \/>\n\t<meta property=\"og:image:height\" content=\"887\" \/>\n\t<meta property=\"og:image:type\" content=\"image\/jpeg\" \/>\n<meta name=\"twitter:card\" content=\"summary_large_image\" \/>\n<script type=\"application\/ld+json\" class=\"yoast-schema-graph\">{\"@context\":\"https:\/\/schema.org\",\"@graph\":[{\"@type\":\"WebPage\",\"@id\":\"https:\/\/janex-jl.pl\/produkt\/kasza-gryczana-biala-4x100g\/\",\"url\":\"https:\/\/janex-jl.pl\/produkt\/kasza-gryczana-biala-4x100g\/\",\"name\":\"White buckwheat groats - Janex\",\"isPartOf\":{\"@id\":\"https:\/\/janex-jl.pl\/#website\"},\"primaryImageOfPage\":{\"@id\":\"https:\/\/janex-jl.pl\/produkt\/kasza-gryczana-biala-4x100g\/#primaryimage\"},\"image\":{\"@id\":\"https:\/\/janex-jl.pl\/produkt\/kasza-gryczana-biala-4x100g\/#primaryimage\"},\"thumbnailUrl\":\"https:\/\/janex-jl.pl\/wp-content\/uploads\/2021\/05\/kasza-gryczana-biala-4x100g.jpg\",\"datePublished\":\"2021-06-07T21:21:24+00:00\",\"dateModified\":\"2021-06-11T10:06:06+00:00\",\"breadcrumb\":{\"@id\":\"https:\/\/janex-jl.pl\/produkt\/kasza-gryczana-biala-4x100g\/#breadcrumb\"},\"inLanguage\":\"en-US\",\"potentialAction\":[{\"@type\":\"ReadAction\",\"target\":[\"https:\/\/janex-jl.pl\/produkt\/kasza-gryczana-biala-4x100g\/\"]}]},{\"@type\":\"ImageObject\",\"inLanguage\":\"en-US\",\"@id\":\"https:\/\/janex-jl.pl\/produkt\/kasza-gryczana-biala-4x100g\/#primaryimage\",\"url\":\"https:\/\/janex-jl.pl\/wp-content\/uploads\/2021\/05\/kasza-gryczana-biala-4x100g.jpg\",\"contentUrl\":\"https:\/\/janex-jl.pl\/wp-content\/uploads\/2021\/05\/kasza-gryczana-biala-4x100g.jpg\",\"width\":737,\"height\":887},{\"@type\":\"BreadcrumbList\",\"@id\":\"https:\/\/janex-jl.pl\/produkt\/kasza-gryczana-biala-4x100g\/#breadcrumb\",\"itemListElement\":[{\"@type\":\"ListItem\",\"position\":1,\"name\":\"Strona g\u0142\u00f3wna\",\"item\":\"https:\/\/janex-jl.pl\/en\/\"},{\"@type\":\"ListItem\",\"position\":2,\"name\":\"White buckwheat groats\"}]},{\"@type\":\"WebSite\",\"@id\":\"https:\/\/janex-jl.pl\/#website\",\"url\":\"https:\/\/janex-jl.pl\/\",\"name\":\"Janex \u2013 polski producent kasz\",\"description\":\"Groats Producer\",\"publisher\":{\"@id\":\"https:\/\/janex-jl.pl\/#organization\"},\"potentialAction\":[{\"@type\":\"SearchAction\",\"target\":{\"@type\":\"EntryPoint\",\"urlTemplate\":\"https:\/\/janex-jl.pl\/?s={search_term_string}\"},\"query-input\":{\"@type\":\"PropertyValueSpecification\",\"valueRequired\":true,\"valueName\":\"search_term_string\"}}],\"inLanguage\":\"en-US\"},{\"@type\":\"Organization\",\"@id\":\"https:\/\/janex-jl.pl\/#organization\",\"name\":\"JANEX POLSKI PRODUCENT KASZ SP\u00d3\u0141KA Z OGRANICZON\u0104 ODPOWIEDZIALNO\u015aCI\u0104\",\"url\":\"https:\/\/janex-jl.pl\/\",\"logo\":{\"@type\":\"ImageObject\",\"inLanguage\":\"en-US\",\"@id\":\"https:\/\/janex-jl.pl\/#\/schema\/logo\/image\/\",\"url\":\"https:\/\/janex-jl.pl\/wp-content\/uploads\/2021\/04\/janex-logo.svg\",\"contentUrl\":\"https:\/\/janex-jl.pl\/wp-content\/uploads\/2021\/04\/janex-logo.svg\",\"width\":112,\"height\":77,\"caption\":\"JANEX POLSKI PRODUCENT KASZ SP\u00d3\u0141KA Z OGRANICZON\u0104 ODPOWIEDZIALNO\u015aCI\u0104\"},\"image\":{\"@id\":\"https:\/\/janex-jl.pl\/#\/schema\/logo\/image\/\"},\"sameAs\":[\"https:\/\/www.facebook.com\/JanexZrodloZdrowia\/\",\"https:\/\/www.instagram.com\/twoje_zrodlo_zdrowia\/\"]}]}<\/script>\n<!-- \/ Yoast SEO plugin. -->","yoast_head_json":{"title":"White buckwheat groats - Janex","robots":{"index":"index","follow":"follow","max-snippet":"max-snippet:-1","max-image-preview":"max-image-preview:large","max-video-preview":"max-video-preview:-1"},"canonical":"https:\/\/janex-jl.pl\/produkt\/kasza-gryczana-biala-4x100g\/","og_locale":"en_US","og_type":"article","og_title":"White buckwheat groats - Janex","og_description":"Unroasted buckwheat groats are one of the most valuable for our organism since they are low-processed. Not only buckwheat helps to maintain acid-base balance, but also it is a source of amino acids and microelements such as zinc, copper, iron, potassium and manganese. Like most groats, unroasted buckwheat provides dietary fiber which promotes the feeling &hellip; Continued","og_url":"https:\/\/janex-jl.pl\/produkt\/kasza-gryczana-biala-4x100g\/","og_site_name":"Janex","article_publisher":"https:\/\/www.facebook.com\/JanexZrodloZdrowia\/","article_modified_time":"2021-06-11T10:06:06+00:00","og_image":[{"width":737,"height":887,"url":"https:\/\/janex-jl.pl\/wp-content\/uploads\/2021\/05\/kasza-gryczana-biala-4x100g.jpg","type":"image\/jpeg"}],"twitter_card":"summary_large_image","schema":{"@context":"https:\/\/schema.org","@graph":[{"@type":"WebPage","@id":"https:\/\/janex-jl.pl\/produkt\/kasza-gryczana-biala-4x100g\/","url":"https:\/\/janex-jl.pl\/produkt\/kasza-gryczana-biala-4x100g\/","name":"White buckwheat groats - Janex","isPartOf":{"@id":"https:\/\/janex-jl.pl\/#website"},"primaryImageOfPage":{"@id":"https:\/\/janex-jl.pl\/produkt\/kasza-gryczana-biala-4x100g\/#primaryimage"},"image":{"@id":"https:\/\/janex-jl.pl\/produkt\/kasza-gryczana-biala-4x100g\/#primaryimage"},"thumbnailUrl":"https:\/\/janex-jl.pl\/wp-content\/uploads\/2021\/05\/kasza-gryczana-biala-4x100g.jpg","datePublished":"2021-06-07T21:21:24+00:00","dateModified":"2021-06-11T10:06:06+00:00","breadcrumb":{"@id":"https:\/\/janex-jl.pl\/produkt\/kasza-gryczana-biala-4x100g\/#breadcrumb"},"inLanguage":"en-US","potentialAction":[{"@type":"ReadAction","target":["https:\/\/janex-jl.pl\/produkt\/kasza-gryczana-biala-4x100g\/"]}]},{"@type":"ImageObject","inLanguage":"en-US","@id":"https:\/\/janex-jl.pl\/produkt\/kasza-gryczana-biala-4x100g\/#primaryimage","url":"https:\/\/janex-jl.pl\/wp-content\/uploads\/2021\/05\/kasza-gryczana-biala-4x100g.jpg","contentUrl":"https:\/\/janex-jl.pl\/wp-content\/uploads\/2021\/05\/kasza-gryczana-biala-4x100g.jpg","width":737,"height":887},{"@type":"BreadcrumbList","@id":"https:\/\/janex-jl.pl\/produkt\/kasza-gryczana-biala-4x100g\/#breadcrumb","itemListElement":[{"@type":"ListItem","position":1,"name":"Strona g\u0142\u00f3wna","item":"https:\/\/janex-jl.pl\/en\/"},{"@type":"ListItem","position":2,"name":"White buckwheat groats"}]},{"@type":"WebSite","@id":"https:\/\/janex-jl.pl\/#website","url":"https:\/\/janex-jl.pl\/","name":"Janex \u2013 polski producent kasz","description":"Groats Producer","publisher":{"@id":"https:\/\/janex-jl.pl\/#organization"},"potentialAction":[{"@type":"SearchAction","target":{"@type":"EntryPoint","urlTemplate":"https:\/\/janex-jl.pl\/?s={search_term_string}"},"query-input":{"@type":"PropertyValueSpecification","valueRequired":true,"valueName":"search_term_string"}}],"inLanguage":"en-US"},{"@type":"Organization","@id":"https:\/\/janex-jl.pl\/#organization","name":"JANEX POLSKI PRODUCENT KASZ SP\u00d3\u0141KA Z OGRANICZON\u0104 ODPOWIEDZIALNO\u015aCI\u0104","url":"https:\/\/janex-jl.pl\/","logo":{"@type":"ImageObject","inLanguage":"en-US","@id":"https:\/\/janex-jl.pl\/#\/schema\/logo\/image\/","url":"https:\/\/janex-jl.pl\/wp-content\/uploads\/2021\/04\/janex-logo.svg","contentUrl":"https:\/\/janex-jl.pl\/wp-content\/uploads\/2021\/04\/janex-logo.svg","width":112,"height":77,"caption":"JANEX POLSKI PRODUCENT KASZ SP\u00d3\u0141KA Z OGRANICZON\u0104 ODPOWIEDZIALNO\u015aCI\u0104"},"image":{"@id":"https:\/\/janex-jl.pl\/#\/schema\/logo\/image\/"},"sameAs":["https:\/\/www.facebook.com\/JanexZrodloZdrowia\/","https:\/\/www.instagram.com\/twoje_zrodlo_zdrowia\/"]}]}},"_links":{"self":[{"href":"https:\/\/janex-jl.pl\/en\/wp-json\/wp\/v2\/product\/634","targetHints":{"allow":["GET"]}}],"collection":[{"href":"https:\/\/janex-jl.pl\/en\/wp-json\/wp\/v2\/product"}],"about":[{"href":"https:\/\/janex-jl.pl\/en\/wp-json\/wp\/v2\/types\/product"}],"wp:featuredmedia":[{"embeddable":true,"href":"https:\/\/janex-jl.pl\/en\/wp-json\/wp\/v2\/media\/588"}],"wp:attachment":[{"href":"https:\/\/janex-jl.pl\/en\/wp-json\/wp\/v2\/media?parent=634"}],"wp:term":[{"taxonomy":"product_category","embeddable":true,"href":"https:\/\/janex-jl.pl\/en\/wp-json\/wp\/v2\/product_category?post=634"},{"taxonomy":"weight","embeddable":true,"href":"https:\/\/janex-jl.pl\/en\/wp-json\/wp\/v2\/weight?post=634"}],"curies":[{"name":"wp","href":"https:\/\/api.w.org\/{rel}","templated":true}]}}