{"id":632,"date":"2021-06-07T23:05:56","date_gmt":"2021-06-07T21:05:56","guid":{"rendered":"http:\/\/janex.rocktheweb.pl\/?post_type=product&#038;p=632"},"modified":"2021-07-07T15:39:11","modified_gmt":"2021-07-07T13:39:11","slug":"small-white-beans-400g","status":"publish","type":"product","link":"https:\/\/janex-jl.pl\/en\/product\/small-white-beans-400g\/","title":{"rendered":"Small white beans"},"content":{"rendered":"\n<p>Beans belong to the most popular leguminous vegetables. The high protein content makes them an essential ingredient for vegetarians. They contain phyto-oestrogens, used in medicine and cosmetology for their beneficial effects for the human health, prolonging youth and relieving menopause symptoms. Beans are a rich source of vitamins B, A, E and minerals such as potassium and folic acid. Beans are a rich source of fibre, supporting the digestive system. They are recommended as an ingredient of soups, stews, fillings, pates and cakes.<\/p>\n","protected":false},"featured_media":686,"template":"","product_category":[38],"weight":[14],"class_list":["post-632","product","type-product","status-publish","has-post-thumbnail","hentry","product_category-legumes","weight-400-g"],"acf":[],"yoast_head":"<!-- This site is optimized with the Yoast SEO plugin v26.9 - https:\/\/yoast.com\/product\/yoast-seo-wordpress\/ -->\n<title>Small white beans - Janex<\/title>\n<meta name=\"robots\" content=\"index, follow, max-snippet:-1, max-image-preview:large, max-video-preview:-1\" \/>\n<link rel=\"canonical\" href=\"https:\/\/janex-jl.pl\/produkt\/fasola-drobna-biala-400g\/\" \/>\n<meta property=\"og:locale\" content=\"en_US\" \/>\n<meta property=\"og:type\" content=\"article\" \/>\n<meta property=\"og:title\" content=\"Small white beans - Janex\" \/>\n<meta property=\"og:description\" content=\"Beans belong to the most popular leguminous vegetables. The high protein content makes them an essential ingredient for vegetarians. They contain phyto-oestrogens, used in medicine and cosmetology for their beneficial effects for the human health, prolonging youth and relieving menopause symptoms. Beans are a rich source of vitamins B, A, E and minerals such as &hellip; Continued\" \/>\n<meta property=\"og:url\" content=\"https:\/\/janex-jl.pl\/produkt\/fasola-drobna-biala-400g\/\" \/>\n<meta property=\"og:site_name\" content=\"Janex\" \/>\n<meta property=\"article:publisher\" content=\"https:\/\/www.facebook.com\/JanexZrodloZdrowia\/\" \/>\n<meta property=\"article:modified_time\" content=\"2021-07-07T13:39:11+00:00\" \/>\n<meta property=\"og:image\" content=\"https:\/\/janex-jl.pl\/wp-content\/uploads\/2021\/05\/fasola-drobna-biala-400g.jpg\" \/>\n\t<meta property=\"og:image:width\" content=\"737\" \/>\n\t<meta property=\"og:image:height\" content=\"887\" \/>\n\t<meta property=\"og:image:type\" content=\"image\/jpeg\" \/>\n<meta name=\"twitter:card\" content=\"summary_large_image\" \/>\n<script type=\"application\/ld+json\" class=\"yoast-schema-graph\">{\"@context\":\"https:\/\/schema.org\",\"@graph\":[{\"@type\":\"WebPage\",\"@id\":\"https:\/\/janex-jl.pl\/produkt\/fasola-drobna-biala-400g\/\",\"url\":\"https:\/\/janex-jl.pl\/produkt\/fasola-drobna-biala-400g\/\",\"name\":\"Small white beans - Janex\",\"isPartOf\":{\"@id\":\"https:\/\/janex-jl.pl\/#website\"},\"primaryImageOfPage\":{\"@id\":\"https:\/\/janex-jl.pl\/produkt\/fasola-drobna-biala-400g\/#primaryimage\"},\"image\":{\"@id\":\"https:\/\/janex-jl.pl\/produkt\/fasola-drobna-biala-400g\/#primaryimage\"},\"thumbnailUrl\":\"https:\/\/janex-jl.pl\/wp-content\/uploads\/2021\/05\/fasola-drobna-biala-400g.jpg\",\"datePublished\":\"2021-06-07T21:05:56+00:00\",\"dateModified\":\"2021-07-07T13:39:11+00:00\",\"breadcrumb\":{\"@id\":\"https:\/\/janex-jl.pl\/produkt\/fasola-drobna-biala-400g\/#breadcrumb\"},\"inLanguage\":\"en-US\",\"potentialAction\":[{\"@type\":\"ReadAction\",\"target\":[\"https:\/\/janex-jl.pl\/produkt\/fasola-drobna-biala-400g\/\"]}]},{\"@type\":\"ImageObject\",\"inLanguage\":\"en-US\",\"@id\":\"https:\/\/janex-jl.pl\/produkt\/fasola-drobna-biala-400g\/#primaryimage\",\"url\":\"https:\/\/janex-jl.pl\/wp-content\/uploads\/2021\/05\/fasola-drobna-biala-400g.jpg\",\"contentUrl\":\"https:\/\/janex-jl.pl\/wp-content\/uploads\/2021\/05\/fasola-drobna-biala-400g.jpg\",\"width\":737,\"height\":887},{\"@type\":\"BreadcrumbList\",\"@id\":\"https:\/\/janex-jl.pl\/produkt\/fasola-drobna-biala-400g\/#breadcrumb\",\"itemListElement\":[{\"@type\":\"ListItem\",\"position\":1,\"name\":\"Strona g\u0142\u00f3wna\",\"item\":\"https:\/\/janex-jl.pl\/en\/\"},{\"@type\":\"ListItem\",\"position\":2,\"name\":\"Small white beans\"}]},{\"@type\":\"WebSite\",\"@id\":\"https:\/\/janex-jl.pl\/#website\",\"url\":\"https:\/\/janex-jl.pl\/\",\"name\":\"Janex \u2013 polski producent kasz\",\"description\":\"Groats Producer\",\"publisher\":{\"@id\":\"https:\/\/janex-jl.pl\/#organization\"},\"potentialAction\":[{\"@type\":\"SearchAction\",\"target\":{\"@type\":\"EntryPoint\",\"urlTemplate\":\"https:\/\/janex-jl.pl\/?s={search_term_string}\"},\"query-input\":{\"@type\":\"PropertyValueSpecification\",\"valueRequired\":true,\"valueName\":\"search_term_string\"}}],\"inLanguage\":\"en-US\"},{\"@type\":\"Organization\",\"@id\":\"https:\/\/janex-jl.pl\/#organization\",\"name\":\"JANEX POLSKI PRODUCENT KASZ SP\u00d3\u0141KA Z OGRANICZON\u0104 ODPOWIEDZIALNO\u015aCI\u0104\",\"url\":\"https:\/\/janex-jl.pl\/\",\"logo\":{\"@type\":\"ImageObject\",\"inLanguage\":\"en-US\",\"@id\":\"https:\/\/janex-jl.pl\/#\/schema\/logo\/image\/\",\"url\":\"https:\/\/janex-jl.pl\/wp-content\/uploads\/2021\/04\/janex-logo.svg\",\"contentUrl\":\"https:\/\/janex-jl.pl\/wp-content\/uploads\/2021\/04\/janex-logo.svg\",\"width\":112,\"height\":77,\"caption\":\"JANEX POLSKI PRODUCENT KASZ SP\u00d3\u0141KA Z OGRANICZON\u0104 ODPOWIEDZIALNO\u015aCI\u0104\"},\"image\":{\"@id\":\"https:\/\/janex-jl.pl\/#\/schema\/logo\/image\/\"},\"sameAs\":[\"https:\/\/www.facebook.com\/JanexZrodloZdrowia\/\",\"https:\/\/www.instagram.com\/twoje_zrodlo_zdrowia\/\"]}]}<\/script>\n<!-- \/ Yoast SEO plugin. -->","yoast_head_json":{"title":"Small white beans - Janex","robots":{"index":"index","follow":"follow","max-snippet":"max-snippet:-1","max-image-preview":"max-image-preview:large","max-video-preview":"max-video-preview:-1"},"canonical":"https:\/\/janex-jl.pl\/produkt\/fasola-drobna-biala-400g\/","og_locale":"en_US","og_type":"article","og_title":"Small white beans - Janex","og_description":"Beans belong to the most popular leguminous vegetables. The high protein content makes them an essential ingredient for vegetarians. They contain phyto-oestrogens, used in medicine and cosmetology for their beneficial effects for the human health, prolonging youth and relieving menopause symptoms. Beans are a rich source of vitamins B, A, E and minerals such as &hellip; Continued","og_url":"https:\/\/janex-jl.pl\/produkt\/fasola-drobna-biala-400g\/","og_site_name":"Janex","article_publisher":"https:\/\/www.facebook.com\/JanexZrodloZdrowia\/","article_modified_time":"2021-07-07T13:39:11+00:00","og_image":[{"width":737,"height":887,"url":"https:\/\/janex-jl.pl\/wp-content\/uploads\/2021\/05\/fasola-drobna-biala-400g.jpg","type":"image\/jpeg"}],"twitter_card":"summary_large_image","schema":{"@context":"https:\/\/schema.org","@graph":[{"@type":"WebPage","@id":"https:\/\/janex-jl.pl\/produkt\/fasola-drobna-biala-400g\/","url":"https:\/\/janex-jl.pl\/produkt\/fasola-drobna-biala-400g\/","name":"Small white beans - Janex","isPartOf":{"@id":"https:\/\/janex-jl.pl\/#website"},"primaryImageOfPage":{"@id":"https:\/\/janex-jl.pl\/produkt\/fasola-drobna-biala-400g\/#primaryimage"},"image":{"@id":"https:\/\/janex-jl.pl\/produkt\/fasola-drobna-biala-400g\/#primaryimage"},"thumbnailUrl":"https:\/\/janex-jl.pl\/wp-content\/uploads\/2021\/05\/fasola-drobna-biala-400g.jpg","datePublished":"2021-06-07T21:05:56+00:00","dateModified":"2021-07-07T13:39:11+00:00","breadcrumb":{"@id":"https:\/\/janex-jl.pl\/produkt\/fasola-drobna-biala-400g\/#breadcrumb"},"inLanguage":"en-US","potentialAction":[{"@type":"ReadAction","target":["https:\/\/janex-jl.pl\/produkt\/fasola-drobna-biala-400g\/"]}]},{"@type":"ImageObject","inLanguage":"en-US","@id":"https:\/\/janex-jl.pl\/produkt\/fasola-drobna-biala-400g\/#primaryimage","url":"https:\/\/janex-jl.pl\/wp-content\/uploads\/2021\/05\/fasola-drobna-biala-400g.jpg","contentUrl":"https:\/\/janex-jl.pl\/wp-content\/uploads\/2021\/05\/fasola-drobna-biala-400g.jpg","width":737,"height":887},{"@type":"BreadcrumbList","@id":"https:\/\/janex-jl.pl\/produkt\/fasola-drobna-biala-400g\/#breadcrumb","itemListElement":[{"@type":"ListItem","position":1,"name":"Strona g\u0142\u00f3wna","item":"https:\/\/janex-jl.pl\/en\/"},{"@type":"ListItem","position":2,"name":"Small white beans"}]},{"@type":"WebSite","@id":"https:\/\/janex-jl.pl\/#website","url":"https:\/\/janex-jl.pl\/","name":"Janex \u2013 polski producent kasz","description":"Groats Producer","publisher":{"@id":"https:\/\/janex-jl.pl\/#organization"},"potentialAction":[{"@type":"SearchAction","target":{"@type":"EntryPoint","urlTemplate":"https:\/\/janex-jl.pl\/?s={search_term_string}"},"query-input":{"@type":"PropertyValueSpecification","valueRequired":true,"valueName":"search_term_string"}}],"inLanguage":"en-US"},{"@type":"Organization","@id":"https:\/\/janex-jl.pl\/#organization","name":"JANEX POLSKI PRODUCENT KASZ SP\u00d3\u0141KA Z OGRANICZON\u0104 ODPOWIEDZIALNO\u015aCI\u0104","url":"https:\/\/janex-jl.pl\/","logo":{"@type":"ImageObject","inLanguage":"en-US","@id":"https:\/\/janex-jl.pl\/#\/schema\/logo\/image\/","url":"https:\/\/janex-jl.pl\/wp-content\/uploads\/2021\/04\/janex-logo.svg","contentUrl":"https:\/\/janex-jl.pl\/wp-content\/uploads\/2021\/04\/janex-logo.svg","width":112,"height":77,"caption":"JANEX POLSKI PRODUCENT KASZ SP\u00d3\u0141KA Z OGRANICZON\u0104 ODPOWIEDZIALNO\u015aCI\u0104"},"image":{"@id":"https:\/\/janex-jl.pl\/#\/schema\/logo\/image\/"},"sameAs":["https:\/\/www.facebook.com\/JanexZrodloZdrowia\/","https:\/\/www.instagram.com\/twoje_zrodlo_zdrowia\/"]}]}},"_links":{"self":[{"href":"https:\/\/janex-jl.pl\/en\/wp-json\/wp\/v2\/product\/632","targetHints":{"allow":["GET"]}}],"collection":[{"href":"https:\/\/janex-jl.pl\/en\/wp-json\/wp\/v2\/product"}],"about":[{"href":"https:\/\/janex-jl.pl\/en\/wp-json\/wp\/v2\/types\/product"}],"wp:featuredmedia":[{"embeddable":true,"href":"https:\/\/janex-jl.pl\/en\/wp-json\/wp\/v2\/media\/686"}],"wp:attachment":[{"href":"https:\/\/janex-jl.pl\/en\/wp-json\/wp\/v2\/media?parent=632"}],"wp:term":[{"taxonomy":"product_category","embeddable":true,"href":"https:\/\/janex-jl.pl\/en\/wp-json\/wp\/v2\/product_category?post=632"},{"taxonomy":"weight","embeddable":true,"href":"https:\/\/janex-jl.pl\/en\/wp-json\/wp\/v2\/weight?post=632"}],"curies":[{"name":"wp","href":"https:\/\/api.w.org\/{rel}","templated":true}]}}