{"id":438,"date":"2021-05-26T16:05:26","date_gmt":"2021-05-26T14:05:26","guid":{"rendered":"http:\/\/janex.rocktheweb.pl\/?post_type=product&#038;p=438"},"modified":"2021-06-11T11:47:05","modified_gmt":"2021-06-11T09:47:05","slug":"couscous-300g","status":"publish","type":"product","link":"https:\/\/janex-jl.pl\/en\/product\/couscous-300g\/","title":{"rendered":"Couscous"},"content":{"rendered":"\n<p>Couscous is obtained from durum wheat, which undergoes cleaning, steaming and polishing processes. This product is easily digestible so it can be served to people with sensitive digestive system, children and the elderly. Couscous is source of group B vitamins and iron, and its absorption can be boosted if it is garnished with vitamin C-rich vegetables, like parsley or pepper. Preparation of couscous is very fast and easy\u2013 just pour it with boiling water. Couscous is recommended for salads, sauces, fillings and desserts.<\/p>\n","protected":false},"featured_media":976,"template":"","product_category":[10,34],"weight":[40],"class_list":["post-438","product","type-product","status-publish","has-post-thumbnail","hentry","product_category-kasze","product_category-groats","weight-300-g"],"acf":[],"yoast_head":"<!-- This site is optimized with the Yoast SEO plugin v26.9 - https:\/\/yoast.com\/product\/yoast-seo-wordpress\/ -->\n<title>Couscous - Janex<\/title>\n<meta name=\"robots\" content=\"index, follow, max-snippet:-1, max-image-preview:large, max-video-preview:-1\" \/>\n<link rel=\"canonical\" href=\"https:\/\/janex-jl.pl\/produkt\/kasza-kuskus-300g\/\" \/>\n<meta property=\"og:locale\" content=\"en_US\" \/>\n<meta property=\"og:type\" content=\"article\" \/>\n<meta property=\"og:title\" content=\"Couscous - Janex\" \/>\n<meta property=\"og:description\" content=\"Couscous is obtained from durum wheat, which undergoes cleaning, steaming and polishing processes. This product is easily digestible so it can be served to people with sensitive digestive system, children and the elderly. Couscous is source of group B vitamins and iron, and its absorption can be boosted if it is garnished with vitamin C-rich &hellip; Continued\" \/>\n<meta property=\"og:url\" content=\"https:\/\/janex-jl.pl\/produkt\/kasza-kuskus-300g\/\" \/>\n<meta property=\"og:site_name\" content=\"Janex\" \/>\n<meta property=\"article:publisher\" content=\"https:\/\/www.facebook.com\/JanexZrodloZdrowia\/\" \/>\n<meta property=\"article:modified_time\" content=\"2021-06-11T09:47:05+00:00\" \/>\n<meta property=\"og:image\" content=\"https:\/\/janex-jl.pl\/wp-content\/uploads\/2021\/05\/41.png\" \/>\n\t<meta property=\"og:image:width\" content=\"1015\" \/>\n\t<meta property=\"og:image:height\" content=\"1350\" \/>\n\t<meta property=\"og:image:type\" content=\"image\/png\" \/>\n<meta name=\"twitter:card\" content=\"summary_large_image\" \/>\n<script type=\"application\/ld+json\" class=\"yoast-schema-graph\">{\"@context\":\"https:\/\/schema.org\",\"@graph\":[{\"@type\":\"WebPage\",\"@id\":\"https:\/\/janex-jl.pl\/produkt\/kasza-kuskus-300g\/\",\"url\":\"https:\/\/janex-jl.pl\/produkt\/kasza-kuskus-300g\/\",\"name\":\"Couscous - Janex\",\"isPartOf\":{\"@id\":\"https:\/\/janex-jl.pl\/#website\"},\"primaryImageOfPage\":{\"@id\":\"https:\/\/janex-jl.pl\/produkt\/kasza-kuskus-300g\/#primaryimage\"},\"image\":{\"@id\":\"https:\/\/janex-jl.pl\/produkt\/kasza-kuskus-300g\/#primaryimage\"},\"thumbnailUrl\":\"https:\/\/janex-jl.pl\/wp-content\/uploads\/2021\/05\/41.png\",\"datePublished\":\"2021-05-26T14:05:26+00:00\",\"dateModified\":\"2021-06-11T09:47:05+00:00\",\"breadcrumb\":{\"@id\":\"https:\/\/janex-jl.pl\/produkt\/kasza-kuskus-300g\/#breadcrumb\"},\"inLanguage\":\"en-US\",\"potentialAction\":[{\"@type\":\"ReadAction\",\"target\":[\"https:\/\/janex-jl.pl\/produkt\/kasza-kuskus-300g\/\"]}]},{\"@type\":\"ImageObject\",\"inLanguage\":\"en-US\",\"@id\":\"https:\/\/janex-jl.pl\/produkt\/kasza-kuskus-300g\/#primaryimage\",\"url\":\"https:\/\/janex-jl.pl\/wp-content\/uploads\/2021\/05\/41.png\",\"contentUrl\":\"https:\/\/janex-jl.pl\/wp-content\/uploads\/2021\/05\/41.png\",\"width\":1015,\"height\":1350},{\"@type\":\"BreadcrumbList\",\"@id\":\"https:\/\/janex-jl.pl\/produkt\/kasza-kuskus-300g\/#breadcrumb\",\"itemListElement\":[{\"@type\":\"ListItem\",\"position\":1,\"name\":\"Strona g\u0142\u00f3wna\",\"item\":\"https:\/\/janex-jl.pl\/en\/\"},{\"@type\":\"ListItem\",\"position\":2,\"name\":\"Couscous\"}]},{\"@type\":\"WebSite\",\"@id\":\"https:\/\/janex-jl.pl\/#website\",\"url\":\"https:\/\/janex-jl.pl\/\",\"name\":\"Janex \u2013 polski producent kasz\",\"description\":\"Groats Producer\",\"publisher\":{\"@id\":\"https:\/\/janex-jl.pl\/#organization\"},\"potentialAction\":[{\"@type\":\"SearchAction\",\"target\":{\"@type\":\"EntryPoint\",\"urlTemplate\":\"https:\/\/janex-jl.pl\/?s={search_term_string}\"},\"query-input\":{\"@type\":\"PropertyValueSpecification\",\"valueRequired\":true,\"valueName\":\"search_term_string\"}}],\"inLanguage\":\"en-US\"},{\"@type\":\"Organization\",\"@id\":\"https:\/\/janex-jl.pl\/#organization\",\"name\":\"JANEX POLSKI PRODUCENT KASZ SP\u00d3\u0141KA Z OGRANICZON\u0104 ODPOWIEDZIALNO\u015aCI\u0104\",\"url\":\"https:\/\/janex-jl.pl\/\",\"logo\":{\"@type\":\"ImageObject\",\"inLanguage\":\"en-US\",\"@id\":\"https:\/\/janex-jl.pl\/#\/schema\/logo\/image\/\",\"url\":\"https:\/\/janex-jl.pl\/wp-content\/uploads\/2021\/04\/janex-logo.svg\",\"contentUrl\":\"https:\/\/janex-jl.pl\/wp-content\/uploads\/2021\/04\/janex-logo.svg\",\"width\":112,\"height\":77,\"caption\":\"JANEX POLSKI PRODUCENT KASZ SP\u00d3\u0141KA Z OGRANICZON\u0104 ODPOWIEDZIALNO\u015aCI\u0104\"},\"image\":{\"@id\":\"https:\/\/janex-jl.pl\/#\/schema\/logo\/image\/\"},\"sameAs\":[\"https:\/\/www.facebook.com\/JanexZrodloZdrowia\/\",\"https:\/\/www.instagram.com\/twoje_zrodlo_zdrowia\/\"]}]}<\/script>\n<!-- \/ Yoast SEO plugin. -->","yoast_head_json":{"title":"Couscous - Janex","robots":{"index":"index","follow":"follow","max-snippet":"max-snippet:-1","max-image-preview":"max-image-preview:large","max-video-preview":"max-video-preview:-1"},"canonical":"https:\/\/janex-jl.pl\/produkt\/kasza-kuskus-300g\/","og_locale":"en_US","og_type":"article","og_title":"Couscous - Janex","og_description":"Couscous is obtained from durum wheat, which undergoes cleaning, steaming and polishing processes. This product is easily digestible so it can be served to people with sensitive digestive system, children and the elderly. Couscous is source of group B vitamins and iron, and its absorption can be boosted if it is garnished with vitamin C-rich &hellip; Continued","og_url":"https:\/\/janex-jl.pl\/produkt\/kasza-kuskus-300g\/","og_site_name":"Janex","article_publisher":"https:\/\/www.facebook.com\/JanexZrodloZdrowia\/","article_modified_time":"2021-06-11T09:47:05+00:00","og_image":[{"width":1015,"height":1350,"url":"https:\/\/janex-jl.pl\/wp-content\/uploads\/2021\/05\/41.png","type":"image\/png"}],"twitter_card":"summary_large_image","schema":{"@context":"https:\/\/schema.org","@graph":[{"@type":"WebPage","@id":"https:\/\/janex-jl.pl\/produkt\/kasza-kuskus-300g\/","url":"https:\/\/janex-jl.pl\/produkt\/kasza-kuskus-300g\/","name":"Couscous - Janex","isPartOf":{"@id":"https:\/\/janex-jl.pl\/#website"},"primaryImageOfPage":{"@id":"https:\/\/janex-jl.pl\/produkt\/kasza-kuskus-300g\/#primaryimage"},"image":{"@id":"https:\/\/janex-jl.pl\/produkt\/kasza-kuskus-300g\/#primaryimage"},"thumbnailUrl":"https:\/\/janex-jl.pl\/wp-content\/uploads\/2021\/05\/41.png","datePublished":"2021-05-26T14:05:26+00:00","dateModified":"2021-06-11T09:47:05+00:00","breadcrumb":{"@id":"https:\/\/janex-jl.pl\/produkt\/kasza-kuskus-300g\/#breadcrumb"},"inLanguage":"en-US","potentialAction":[{"@type":"ReadAction","target":["https:\/\/janex-jl.pl\/produkt\/kasza-kuskus-300g\/"]}]},{"@type":"ImageObject","inLanguage":"en-US","@id":"https:\/\/janex-jl.pl\/produkt\/kasza-kuskus-300g\/#primaryimage","url":"https:\/\/janex-jl.pl\/wp-content\/uploads\/2021\/05\/41.png","contentUrl":"https:\/\/janex-jl.pl\/wp-content\/uploads\/2021\/05\/41.png","width":1015,"height":1350},{"@type":"BreadcrumbList","@id":"https:\/\/janex-jl.pl\/produkt\/kasza-kuskus-300g\/#breadcrumb","itemListElement":[{"@type":"ListItem","position":1,"name":"Strona g\u0142\u00f3wna","item":"https:\/\/janex-jl.pl\/en\/"},{"@type":"ListItem","position":2,"name":"Couscous"}]},{"@type":"WebSite","@id":"https:\/\/janex-jl.pl\/#website","url":"https:\/\/janex-jl.pl\/","name":"Janex \u2013 polski producent kasz","description":"Groats Producer","publisher":{"@id":"https:\/\/janex-jl.pl\/#organization"},"potentialAction":[{"@type":"SearchAction","target":{"@type":"EntryPoint","urlTemplate":"https:\/\/janex-jl.pl\/?s={search_term_string}"},"query-input":{"@type":"PropertyValueSpecification","valueRequired":true,"valueName":"search_term_string"}}],"inLanguage":"en-US"},{"@type":"Organization","@id":"https:\/\/janex-jl.pl\/#organization","name":"JANEX POLSKI PRODUCENT KASZ SP\u00d3\u0141KA Z OGRANICZON\u0104 ODPOWIEDZIALNO\u015aCI\u0104","url":"https:\/\/janex-jl.pl\/","logo":{"@type":"ImageObject","inLanguage":"en-US","@id":"https:\/\/janex-jl.pl\/#\/schema\/logo\/image\/","url":"https:\/\/janex-jl.pl\/wp-content\/uploads\/2021\/04\/janex-logo.svg","contentUrl":"https:\/\/janex-jl.pl\/wp-content\/uploads\/2021\/04\/janex-logo.svg","width":112,"height":77,"caption":"JANEX POLSKI PRODUCENT KASZ SP\u00d3\u0141KA Z OGRANICZON\u0104 ODPOWIEDZIALNO\u015aCI\u0104"},"image":{"@id":"https:\/\/janex-jl.pl\/#\/schema\/logo\/image\/"},"sameAs":["https:\/\/www.facebook.com\/JanexZrodloZdrowia\/","https:\/\/www.instagram.com\/twoje_zrodlo_zdrowia\/"]}]}},"_links":{"self":[{"href":"https:\/\/janex-jl.pl\/en\/wp-json\/wp\/v2\/product\/438","targetHints":{"allow":["GET"]}}],"collection":[{"href":"https:\/\/janex-jl.pl\/en\/wp-json\/wp\/v2\/product"}],"about":[{"href":"https:\/\/janex-jl.pl\/en\/wp-json\/wp\/v2\/types\/product"}],"wp:featuredmedia":[{"embeddable":true,"href":"https:\/\/janex-jl.pl\/en\/wp-json\/wp\/v2\/media\/976"}],"wp:attachment":[{"href":"https:\/\/janex-jl.pl\/en\/wp-json\/wp\/v2\/media?parent=438"}],"wp:term":[{"taxonomy":"product_category","embeddable":true,"href":"https:\/\/janex-jl.pl\/en\/wp-json\/wp\/v2\/product_category?post=438"},{"taxonomy":"weight","embeddable":true,"href":"https:\/\/janex-jl.pl\/en\/wp-json\/wp\/v2\/weight?post=438"}],"curies":[{"name":"wp","href":"https:\/\/api.w.org\/{rel}","templated":true}]}}