{"id":1575,"date":"2021-05-02T23:01:43","date_gmt":"2021-05-02T21:01:43","guid":{"rendered":"https:\/\/janex-jl.pl\/product\/bulka-tarta-400g\/"},"modified":"2026-01-26T14:10:56","modified_gmt":"2026-01-26T12:10:56","slug":"paniermehl-400g","status":"publish","type":"product","link":"https:\/\/janex-jl.pl\/de\/product\/paniermehl-400g\/","title":{"rendered":"Paniermehl"},"content":{"rendered":"\n<p>Paniermehl entsteht durch das Mahlen oder Reiben von trockenem Geb\u00e4ck. Es wird am h\u00e4ufigsten als Zutat f\u00fcr Panaden verwendet. Es wird auch zum Bestreuen von Backformen verwendet, was das Anhaften verhindert. Die Zugabe von Paniermehl erh\u00f6ht die Dichte und Festigkeit von Speisen. Aufgrund der hohen Hygroskopizit\u00e4t sollte es an einem trockenen Ort aufbewahrt werden.<\/p>\n\n\n\n<p><\/p>\n","protected":false},"featured_media":1346,"template":"","product_category":[65],"weight":[14],"class_list":["post-1575","product","type-product","status-publish","has-post-thumbnail","hentry","product_category-sonstiges","weight-400-g"],"acf":[],"yoast_head":"<!-- This site is optimized with the Yoast SEO plugin v26.9 - https:\/\/yoast.com\/product\/yoast-seo-wordpress\/ -->\n<title>Paniermehl - Janex<\/title>\n<meta name=\"robots\" content=\"index, follow, max-snippet:-1, max-image-preview:large, max-video-preview:-1\" \/>\n<link rel=\"canonical\" href=\"https:\/\/janex-jl.pl\/de\/product\/paniermehl-400g\/\" \/>\n<meta property=\"og:locale\" content=\"de_DE\" \/>\n<meta property=\"og:type\" content=\"article\" \/>\n<meta property=\"og:title\" content=\"Paniermehl - Janex\" \/>\n<meta property=\"og:description\" content=\"Paniermehl entsteht durch das Mahlen oder Reiben von trockenem Geb\u00e4ck. Es wird am h\u00e4ufigsten als Zutat f\u00fcr Panaden verwendet. Es wird auch zum Bestreuen von Backformen verwendet, was das Anhaften verhindert. Die Zugabe von Paniermehl erh\u00f6ht die Dichte und Festigkeit von Speisen. Aufgrund der hohen Hygroskopizit\u00e4t sollte es an einem trockenen Ort aufbewahrt werden.\" \/>\n<meta property=\"og:url\" content=\"https:\/\/janex-jl.pl\/de\/product\/paniermehl-400g\/\" \/>\n<meta property=\"og:site_name\" content=\"Janex\" \/>\n<meta property=\"article:publisher\" content=\"https:\/\/www.facebook.com\/JanexZrodloZdrowia\/\" \/>\n<meta property=\"article:modified_time\" content=\"2026-01-26T12:10:56+00:00\" \/>\n<meta property=\"og:image\" content=\"https:\/\/janex-jl.pl\/wp-content\/uploads\/2022\/11\/51.png\" \/>\n\t<meta property=\"og:image:width\" content=\"1015\" \/>\n\t<meta property=\"og:image:height\" content=\"1350\" \/>\n\t<meta property=\"og:image:type\" content=\"image\/png\" \/>\n<meta name=\"twitter:card\" content=\"summary_large_image\" \/>\n<script type=\"application\/ld+json\" class=\"yoast-schema-graph\">{\"@context\":\"https:\/\/schema.org\",\"@graph\":[{\"@type\":\"WebPage\",\"@id\":\"https:\/\/janex-jl.pl\/de\/product\/paniermehl-400g\/\",\"url\":\"https:\/\/janex-jl.pl\/de\/product\/paniermehl-400g\/\",\"name\":\"Paniermehl - Janex\",\"isPartOf\":{\"@id\":\"https:\/\/janex-jl.pl\/#website\"},\"primaryImageOfPage\":{\"@id\":\"https:\/\/janex-jl.pl\/de\/product\/paniermehl-400g\/#primaryimage\"},\"image\":{\"@id\":\"https:\/\/janex-jl.pl\/de\/product\/paniermehl-400g\/#primaryimage\"},\"thumbnailUrl\":\"https:\/\/janex-jl.pl\/wp-content\/uploads\/2022\/11\/51.png\",\"datePublished\":\"2021-05-02T21:01:43+00:00\",\"dateModified\":\"2026-01-26T12:10:56+00:00\",\"breadcrumb\":{\"@id\":\"https:\/\/janex-jl.pl\/de\/product\/paniermehl-400g\/#breadcrumb\"},\"inLanguage\":\"de\",\"potentialAction\":[{\"@type\":\"ReadAction\",\"target\":[\"https:\/\/janex-jl.pl\/de\/product\/paniermehl-400g\/\"]}]},{\"@type\":\"ImageObject\",\"inLanguage\":\"de\",\"@id\":\"https:\/\/janex-jl.pl\/de\/product\/paniermehl-400g\/#primaryimage\",\"url\":\"https:\/\/janex-jl.pl\/wp-content\/uploads\/2022\/11\/51.png\",\"contentUrl\":\"https:\/\/janex-jl.pl\/wp-content\/uploads\/2022\/11\/51.png\",\"width\":1015,\"height\":1350},{\"@type\":\"BreadcrumbList\",\"@id\":\"https:\/\/janex-jl.pl\/de\/product\/paniermehl-400g\/#breadcrumb\",\"itemListElement\":[{\"@type\":\"ListItem\",\"position\":1,\"name\":\"Strona g\u0142\u00f3wna\",\"item\":\"https:\/\/janex-jl.pl\/de\/\"},{\"@type\":\"ListItem\",\"position\":2,\"name\":\"Paniermehl\"}]},{\"@type\":\"WebSite\",\"@id\":\"https:\/\/janex-jl.pl\/#website\",\"url\":\"https:\/\/janex-jl.pl\/\",\"name\":\"Janex \u2013 polski producent kasz\",\"description\":\"Producent kasz\",\"publisher\":{\"@id\":\"https:\/\/janex-jl.pl\/#organization\"},\"potentialAction\":[{\"@type\":\"SearchAction\",\"target\":{\"@type\":\"EntryPoint\",\"urlTemplate\":\"https:\/\/janex-jl.pl\/?s={search_term_string}\"},\"query-input\":{\"@type\":\"PropertyValueSpecification\",\"valueRequired\":true,\"valueName\":\"search_term_string\"}}],\"inLanguage\":\"de\"},{\"@type\":\"Organization\",\"@id\":\"https:\/\/janex-jl.pl\/#organization\",\"name\":\"JANEX POLSKI PRODUCENT KASZ SP\u00d3\u0141KA Z OGRANICZON\u0104 ODPOWIEDZIALNO\u015aCI\u0104\",\"url\":\"https:\/\/janex-jl.pl\/\",\"logo\":{\"@type\":\"ImageObject\",\"inLanguage\":\"de\",\"@id\":\"https:\/\/janex-jl.pl\/#\/schema\/logo\/image\/\",\"url\":\"https:\/\/janex-jl.pl\/wp-content\/uploads\/2021\/04\/janex-logo.svg\",\"contentUrl\":\"https:\/\/janex-jl.pl\/wp-content\/uploads\/2021\/04\/janex-logo.svg\",\"width\":112,\"height\":77,\"caption\":\"JANEX POLSKI PRODUCENT KASZ SP\u00d3\u0141KA Z OGRANICZON\u0104 ODPOWIEDZIALNO\u015aCI\u0104\"},\"image\":{\"@id\":\"https:\/\/janex-jl.pl\/#\/schema\/logo\/image\/\"},\"sameAs\":[\"https:\/\/www.facebook.com\/JanexZrodloZdrowia\/\",\"https:\/\/www.instagram.com\/twoje_zrodlo_zdrowia\/\"]}]}<\/script>\n<!-- \/ Yoast SEO plugin. -->","yoast_head_json":{"title":"Paniermehl - Janex","robots":{"index":"index","follow":"follow","max-snippet":"max-snippet:-1","max-image-preview":"max-image-preview:large","max-video-preview":"max-video-preview:-1"},"canonical":"https:\/\/janex-jl.pl\/de\/product\/paniermehl-400g\/","og_locale":"de_DE","og_type":"article","og_title":"Paniermehl - Janex","og_description":"Paniermehl entsteht durch das Mahlen oder Reiben von trockenem Geb\u00e4ck. Es wird am h\u00e4ufigsten als Zutat f\u00fcr Panaden verwendet. Es wird auch zum Bestreuen von Backformen verwendet, was das Anhaften verhindert. Die Zugabe von Paniermehl erh\u00f6ht die Dichte und Festigkeit von Speisen. Aufgrund der hohen Hygroskopizit\u00e4t sollte es an einem trockenen Ort aufbewahrt werden.","og_url":"https:\/\/janex-jl.pl\/de\/product\/paniermehl-400g\/","og_site_name":"Janex","article_publisher":"https:\/\/www.facebook.com\/JanexZrodloZdrowia\/","article_modified_time":"2026-01-26T12:10:56+00:00","og_image":[{"width":1015,"height":1350,"url":"https:\/\/janex-jl.pl\/wp-content\/uploads\/2022\/11\/51.png","type":"image\/png"}],"twitter_card":"summary_large_image","schema":{"@context":"https:\/\/schema.org","@graph":[{"@type":"WebPage","@id":"https:\/\/janex-jl.pl\/de\/product\/paniermehl-400g\/","url":"https:\/\/janex-jl.pl\/de\/product\/paniermehl-400g\/","name":"Paniermehl - Janex","isPartOf":{"@id":"https:\/\/janex-jl.pl\/#website"},"primaryImageOfPage":{"@id":"https:\/\/janex-jl.pl\/de\/product\/paniermehl-400g\/#primaryimage"},"image":{"@id":"https:\/\/janex-jl.pl\/de\/product\/paniermehl-400g\/#primaryimage"},"thumbnailUrl":"https:\/\/janex-jl.pl\/wp-content\/uploads\/2022\/11\/51.png","datePublished":"2021-05-02T21:01:43+00:00","dateModified":"2026-01-26T12:10:56+00:00","breadcrumb":{"@id":"https:\/\/janex-jl.pl\/de\/product\/paniermehl-400g\/#breadcrumb"},"inLanguage":"de","potentialAction":[{"@type":"ReadAction","target":["https:\/\/janex-jl.pl\/de\/product\/paniermehl-400g\/"]}]},{"@type":"ImageObject","inLanguage":"de","@id":"https:\/\/janex-jl.pl\/de\/product\/paniermehl-400g\/#primaryimage","url":"https:\/\/janex-jl.pl\/wp-content\/uploads\/2022\/11\/51.png","contentUrl":"https:\/\/janex-jl.pl\/wp-content\/uploads\/2022\/11\/51.png","width":1015,"height":1350},{"@type":"BreadcrumbList","@id":"https:\/\/janex-jl.pl\/de\/product\/paniermehl-400g\/#breadcrumb","itemListElement":[{"@type":"ListItem","position":1,"name":"Strona g\u0142\u00f3wna","item":"https:\/\/janex-jl.pl\/de\/"},{"@type":"ListItem","position":2,"name":"Paniermehl"}]},{"@type":"WebSite","@id":"https:\/\/janex-jl.pl\/#website","url":"https:\/\/janex-jl.pl\/","name":"Janex \u2013 polski producent kasz","description":"Producent kasz","publisher":{"@id":"https:\/\/janex-jl.pl\/#organization"},"potentialAction":[{"@type":"SearchAction","target":{"@type":"EntryPoint","urlTemplate":"https:\/\/janex-jl.pl\/?s={search_term_string}"},"query-input":{"@type":"PropertyValueSpecification","valueRequired":true,"valueName":"search_term_string"}}],"inLanguage":"de"},{"@type":"Organization","@id":"https:\/\/janex-jl.pl\/#organization","name":"JANEX POLSKI PRODUCENT KASZ SP\u00d3\u0141KA Z OGRANICZON\u0104 ODPOWIEDZIALNO\u015aCI\u0104","url":"https:\/\/janex-jl.pl\/","logo":{"@type":"ImageObject","inLanguage":"de","@id":"https:\/\/janex-jl.pl\/#\/schema\/logo\/image\/","url":"https:\/\/janex-jl.pl\/wp-content\/uploads\/2021\/04\/janex-logo.svg","contentUrl":"https:\/\/janex-jl.pl\/wp-content\/uploads\/2021\/04\/janex-logo.svg","width":112,"height":77,"caption":"JANEX POLSKI PRODUCENT KASZ SP\u00d3\u0141KA Z OGRANICZON\u0104 ODPOWIEDZIALNO\u015aCI\u0104"},"image":{"@id":"https:\/\/janex-jl.pl\/#\/schema\/logo\/image\/"},"sameAs":["https:\/\/www.facebook.com\/JanexZrodloZdrowia\/","https:\/\/www.instagram.com\/twoje_zrodlo_zdrowia\/"]}]}},"_links":{"self":[{"href":"https:\/\/janex-jl.pl\/de\/wp-json\/wp\/v2\/product\/1575","targetHints":{"allow":["GET"]}}],"collection":[{"href":"https:\/\/janex-jl.pl\/de\/wp-json\/wp\/v2\/product"}],"about":[{"href":"https:\/\/janex-jl.pl\/de\/wp-json\/wp\/v2\/types\/product"}],"wp:featuredmedia":[{"embeddable":true,"href":"https:\/\/janex-jl.pl\/de\/wp-json\/wp\/v2\/media\/1346"}],"wp:attachment":[{"href":"https:\/\/janex-jl.pl\/de\/wp-json\/wp\/v2\/media?parent=1575"}],"wp:term":[{"taxonomy":"product_category","embeddable":true,"href":"https:\/\/janex-jl.pl\/de\/wp-json\/wp\/v2\/product_category?post=1575"},{"taxonomy":"weight","embeddable":true,"href":"https:\/\/janex-jl.pl\/de\/wp-json\/wp\/v2\/weight?post=1575"}],"curies":[{"name":"wp","href":"https:\/\/api.w.org\/{rel}","templated":true}]}}