{"id":1572,"date":"2021-05-02T23:08:55","date_gmt":"2021-05-02T21:08:55","guid":{"rendered":"https:\/\/janex-jl.pl\/product\/ciecierzyca-400g\/"},"modified":"2026-01-26T14:07:19","modified_gmt":"2026-01-26T12:07:19","slug":"kichererbsen-500g","status":"publish","type":"product","link":"https:\/\/janex-jl.pl\/de\/product\/kichererbsen-500g\/","title":{"rendered":"Kichererbsen"},"content":{"rendered":"\n<p>Die Kichererbse, auch bekannt als Cieciorka, ist eine H\u00fclsenfrucht, die eine Reihe von gesundheitsf\u00f6rdernden Eigenschaften und ebenso viele Anwendungsm\u00f6glichkeiten in der K\u00fcche hat. Der hohe Kaliumgehalt tr\u00e4gt zur Senkung des Blutdrucks bei, w\u00e4hrend sie dank des Eisengehalts unterst\u00fctzend bei der Behandlung von An\u00e4mie eingesetzt wird. Der Reichtum an Ballaststoffen wirkt sich positiv auf die Darmperistaltik aus, und der niedrige glyk\u00e4mische Index macht sie zu einer hervorragenden Zutat f\u00fcr Di\u00e4ten zur Gewichtsreduktion. Sie enth\u00e4lt kein Gluten, weshalb Personen mit Glutenunvertr\u00e4glichkeit zu ihr greifen k\u00f6nnen. In \u00c4gypten gilt sie sogar als Aphrodisiakum, da ihre Samen stark anregend wirken. Die Kichererbse zeichnet sich durch einen etwas s\u00fc\u00dflichen und milden Geschmack mit einer nussigen Note aus; sie wird f\u00fcr die Zubereitung der ber\u00fchmten Falafel und des Hummus, einer Paste zum Bestreichen von Brot, verwendet. Sie eignet sich auch als Zutat f\u00fcr Suppen, F\u00fcllungen, Salate und Gerichte vom Typ Ratatouille. Ger\u00f6stete Kichererbsensamen sind ein Beispiel f\u00fcr einen gesunden, di\u00e4tetischen Snack.<\/p>\n\n\n\n<p><\/p>\n","protected":false},"featured_media":1351,"template":"","product_category":[62],"weight":[17],"class_list":["post-1572","product","type-product","status-publish","has-post-thumbnail","hentry","product_category-huelsenfruechte","weight-500-g"],"acf":[],"yoast_head":"<!-- This site is optimized with the Yoast SEO plugin v26.9 - https:\/\/yoast.com\/product\/yoast-seo-wordpress\/ -->\n<title>Kichererbsen - Janex<\/title>\n<meta name=\"robots\" content=\"index, follow, max-snippet:-1, max-image-preview:large, max-video-preview:-1\" \/>\n<link rel=\"canonical\" href=\"https:\/\/janex-jl.pl\/de\/product\/kichererbsen-500g\/\" \/>\n<meta property=\"og:locale\" content=\"de_DE\" \/>\n<meta property=\"og:type\" content=\"article\" \/>\n<meta property=\"og:title\" content=\"Kichererbsen - Janex\" \/>\n<meta property=\"og:description\" content=\"Die Kichererbse, auch bekannt als Cieciorka, ist eine H\u00fclsenfrucht, die eine Reihe von gesundheitsf\u00f6rdernden Eigenschaften und ebenso viele Anwendungsm\u00f6glichkeiten in der K\u00fcche hat. Der hohe Kaliumgehalt tr\u00e4gt zur Senkung des Blutdrucks bei, w\u00e4hrend sie dank des Eisengehalts unterst\u00fctzend bei der Behandlung von An\u00e4mie eingesetzt wird. Der Reichtum an Ballaststoffen wirkt sich positiv auf die Darmperistaltik &hellip; Continued\" \/>\n<meta property=\"og:url\" content=\"https:\/\/janex-jl.pl\/de\/product\/kichererbsen-500g\/\" \/>\n<meta property=\"og:site_name\" content=\"Janex\" \/>\n<meta property=\"article:publisher\" content=\"https:\/\/www.facebook.com\/JanexZrodloZdrowia\/\" \/>\n<meta property=\"article:modified_time\" content=\"2026-01-26T12:07:19+00:00\" \/>\n<meta property=\"og:image\" content=\"https:\/\/janex-jl.pl\/wp-content\/uploads\/2022\/11\/47.png\" \/>\n\t<meta property=\"og:image:width\" content=\"1015\" \/>\n\t<meta property=\"og:image:height\" content=\"1350\" \/>\n\t<meta property=\"og:image:type\" content=\"image\/png\" \/>\n<meta name=\"twitter:card\" content=\"summary_large_image\" \/>\n<script type=\"application\/ld+json\" class=\"yoast-schema-graph\">{\"@context\":\"https:\/\/schema.org\",\"@graph\":[{\"@type\":\"WebPage\",\"@id\":\"https:\/\/janex-jl.pl\/de\/product\/kichererbsen-500g\/\",\"url\":\"https:\/\/janex-jl.pl\/de\/product\/kichererbsen-500g\/\",\"name\":\"Kichererbsen - Janex\",\"isPartOf\":{\"@id\":\"https:\/\/janex-jl.pl\/#website\"},\"primaryImageOfPage\":{\"@id\":\"https:\/\/janex-jl.pl\/de\/product\/kichererbsen-500g\/#primaryimage\"},\"image\":{\"@id\":\"https:\/\/janex-jl.pl\/de\/product\/kichererbsen-500g\/#primaryimage\"},\"thumbnailUrl\":\"https:\/\/janex-jl.pl\/wp-content\/uploads\/2022\/11\/47.png\",\"datePublished\":\"2021-05-02T21:08:55+00:00\",\"dateModified\":\"2026-01-26T12:07:19+00:00\",\"breadcrumb\":{\"@id\":\"https:\/\/janex-jl.pl\/de\/product\/kichererbsen-500g\/#breadcrumb\"},\"inLanguage\":\"de\",\"potentialAction\":[{\"@type\":\"ReadAction\",\"target\":[\"https:\/\/janex-jl.pl\/de\/product\/kichererbsen-500g\/\"]}]},{\"@type\":\"ImageObject\",\"inLanguage\":\"de\",\"@id\":\"https:\/\/janex-jl.pl\/de\/product\/kichererbsen-500g\/#primaryimage\",\"url\":\"https:\/\/janex-jl.pl\/wp-content\/uploads\/2022\/11\/47.png\",\"contentUrl\":\"https:\/\/janex-jl.pl\/wp-content\/uploads\/2022\/11\/47.png\",\"width\":1015,\"height\":1350},{\"@type\":\"BreadcrumbList\",\"@id\":\"https:\/\/janex-jl.pl\/de\/product\/kichererbsen-500g\/#breadcrumb\",\"itemListElement\":[{\"@type\":\"ListItem\",\"position\":1,\"name\":\"Strona g\u0142\u00f3wna\",\"item\":\"https:\/\/janex-jl.pl\/de\/\"},{\"@type\":\"ListItem\",\"position\":2,\"name\":\"Kichererbsen\"}]},{\"@type\":\"WebSite\",\"@id\":\"https:\/\/janex-jl.pl\/#website\",\"url\":\"https:\/\/janex-jl.pl\/\",\"name\":\"Janex \u2013 polski producent kasz\",\"description\":\"Producent kasz\",\"publisher\":{\"@id\":\"https:\/\/janex-jl.pl\/#organization\"},\"potentialAction\":[{\"@type\":\"SearchAction\",\"target\":{\"@type\":\"EntryPoint\",\"urlTemplate\":\"https:\/\/janex-jl.pl\/?s={search_term_string}\"},\"query-input\":{\"@type\":\"PropertyValueSpecification\",\"valueRequired\":true,\"valueName\":\"search_term_string\"}}],\"inLanguage\":\"de\"},{\"@type\":\"Organization\",\"@id\":\"https:\/\/janex-jl.pl\/#organization\",\"name\":\"JANEX POLSKI PRODUCENT KASZ SP\u00d3\u0141KA Z OGRANICZON\u0104 ODPOWIEDZIALNO\u015aCI\u0104\",\"url\":\"https:\/\/janex-jl.pl\/\",\"logo\":{\"@type\":\"ImageObject\",\"inLanguage\":\"de\",\"@id\":\"https:\/\/janex-jl.pl\/#\/schema\/logo\/image\/\",\"url\":\"https:\/\/janex-jl.pl\/wp-content\/uploads\/2021\/04\/janex-logo.svg\",\"contentUrl\":\"https:\/\/janex-jl.pl\/wp-content\/uploads\/2021\/04\/janex-logo.svg\",\"width\":112,\"height\":77,\"caption\":\"JANEX POLSKI PRODUCENT KASZ SP\u00d3\u0141KA Z OGRANICZON\u0104 ODPOWIEDZIALNO\u015aCI\u0104\"},\"image\":{\"@id\":\"https:\/\/janex-jl.pl\/#\/schema\/logo\/image\/\"},\"sameAs\":[\"https:\/\/www.facebook.com\/JanexZrodloZdrowia\/\",\"https:\/\/www.instagram.com\/twoje_zrodlo_zdrowia\/\"]}]}<\/script>\n<!-- \/ Yoast SEO plugin. -->","yoast_head_json":{"title":"Kichererbsen - Janex","robots":{"index":"index","follow":"follow","max-snippet":"max-snippet:-1","max-image-preview":"max-image-preview:large","max-video-preview":"max-video-preview:-1"},"canonical":"https:\/\/janex-jl.pl\/de\/product\/kichererbsen-500g\/","og_locale":"de_DE","og_type":"article","og_title":"Kichererbsen - Janex","og_description":"Die Kichererbse, auch bekannt als Cieciorka, ist eine H\u00fclsenfrucht, die eine Reihe von gesundheitsf\u00f6rdernden Eigenschaften und ebenso viele Anwendungsm\u00f6glichkeiten in der K\u00fcche hat. Der hohe Kaliumgehalt tr\u00e4gt zur Senkung des Blutdrucks bei, w\u00e4hrend sie dank des Eisengehalts unterst\u00fctzend bei der Behandlung von An\u00e4mie eingesetzt wird. Der Reichtum an Ballaststoffen wirkt sich positiv auf die Darmperistaltik &hellip; Continued","og_url":"https:\/\/janex-jl.pl\/de\/product\/kichererbsen-500g\/","og_site_name":"Janex","article_publisher":"https:\/\/www.facebook.com\/JanexZrodloZdrowia\/","article_modified_time":"2026-01-26T12:07:19+00:00","og_image":[{"width":1015,"height":1350,"url":"https:\/\/janex-jl.pl\/wp-content\/uploads\/2022\/11\/47.png","type":"image\/png"}],"twitter_card":"summary_large_image","schema":{"@context":"https:\/\/schema.org","@graph":[{"@type":"WebPage","@id":"https:\/\/janex-jl.pl\/de\/product\/kichererbsen-500g\/","url":"https:\/\/janex-jl.pl\/de\/product\/kichererbsen-500g\/","name":"Kichererbsen - Janex","isPartOf":{"@id":"https:\/\/janex-jl.pl\/#website"},"primaryImageOfPage":{"@id":"https:\/\/janex-jl.pl\/de\/product\/kichererbsen-500g\/#primaryimage"},"image":{"@id":"https:\/\/janex-jl.pl\/de\/product\/kichererbsen-500g\/#primaryimage"},"thumbnailUrl":"https:\/\/janex-jl.pl\/wp-content\/uploads\/2022\/11\/47.png","datePublished":"2021-05-02T21:08:55+00:00","dateModified":"2026-01-26T12:07:19+00:00","breadcrumb":{"@id":"https:\/\/janex-jl.pl\/de\/product\/kichererbsen-500g\/#breadcrumb"},"inLanguage":"de","potentialAction":[{"@type":"ReadAction","target":["https:\/\/janex-jl.pl\/de\/product\/kichererbsen-500g\/"]}]},{"@type":"ImageObject","inLanguage":"de","@id":"https:\/\/janex-jl.pl\/de\/product\/kichererbsen-500g\/#primaryimage","url":"https:\/\/janex-jl.pl\/wp-content\/uploads\/2022\/11\/47.png","contentUrl":"https:\/\/janex-jl.pl\/wp-content\/uploads\/2022\/11\/47.png","width":1015,"height":1350},{"@type":"BreadcrumbList","@id":"https:\/\/janex-jl.pl\/de\/product\/kichererbsen-500g\/#breadcrumb","itemListElement":[{"@type":"ListItem","position":1,"name":"Strona g\u0142\u00f3wna","item":"https:\/\/janex-jl.pl\/de\/"},{"@type":"ListItem","position":2,"name":"Kichererbsen"}]},{"@type":"WebSite","@id":"https:\/\/janex-jl.pl\/#website","url":"https:\/\/janex-jl.pl\/","name":"Janex \u2013 polski producent kasz","description":"Producent kasz","publisher":{"@id":"https:\/\/janex-jl.pl\/#organization"},"potentialAction":[{"@type":"SearchAction","target":{"@type":"EntryPoint","urlTemplate":"https:\/\/janex-jl.pl\/?s={search_term_string}"},"query-input":{"@type":"PropertyValueSpecification","valueRequired":true,"valueName":"search_term_string"}}],"inLanguage":"de"},{"@type":"Organization","@id":"https:\/\/janex-jl.pl\/#organization","name":"JANEX POLSKI PRODUCENT KASZ SP\u00d3\u0141KA Z OGRANICZON\u0104 ODPOWIEDZIALNO\u015aCI\u0104","url":"https:\/\/janex-jl.pl\/","logo":{"@type":"ImageObject","inLanguage":"de","@id":"https:\/\/janex-jl.pl\/#\/schema\/logo\/image\/","url":"https:\/\/janex-jl.pl\/wp-content\/uploads\/2021\/04\/janex-logo.svg","contentUrl":"https:\/\/janex-jl.pl\/wp-content\/uploads\/2021\/04\/janex-logo.svg","width":112,"height":77,"caption":"JANEX POLSKI PRODUCENT KASZ SP\u00d3\u0141KA Z OGRANICZON\u0104 ODPOWIEDZIALNO\u015aCI\u0104"},"image":{"@id":"https:\/\/janex-jl.pl\/#\/schema\/logo\/image\/"},"sameAs":["https:\/\/www.facebook.com\/JanexZrodloZdrowia\/","https:\/\/www.instagram.com\/twoje_zrodlo_zdrowia\/"]}]}},"_links":{"self":[{"href":"https:\/\/janex-jl.pl\/de\/wp-json\/wp\/v2\/product\/1572","targetHints":{"allow":["GET"]}}],"collection":[{"href":"https:\/\/janex-jl.pl\/de\/wp-json\/wp\/v2\/product"}],"about":[{"href":"https:\/\/janex-jl.pl\/de\/wp-json\/wp\/v2\/types\/product"}],"wp:featuredmedia":[{"embeddable":true,"href":"https:\/\/janex-jl.pl\/de\/wp-json\/wp\/v2\/media\/1351"}],"wp:attachment":[{"href":"https:\/\/janex-jl.pl\/de\/wp-json\/wp\/v2\/media?parent=1572"}],"wp:term":[{"taxonomy":"product_category","embeddable":true,"href":"https:\/\/janex-jl.pl\/de\/wp-json\/wp\/v2\/product_category?post=1572"},{"taxonomy":"weight","embeddable":true,"href":"https:\/\/janex-jl.pl\/de\/wp-json\/wp\/v2\/weight?post=1572"}],"curies":[{"name":"wp","href":"https:\/\/api.w.org\/{rel}","templated":true}]}}