{"id":1568,"date":"2021-05-02T23:13:06","date_gmt":"2021-05-02T21:13:06","guid":{"rendered":"https:\/\/janex-jl.pl\/product\/fasola-czerwona-400g\/"},"modified":"2026-01-26T14:04:37","modified_gmt":"2026-01-26T12:04:37","slug":"rote-bohnen-400g","status":"publish","type":"product","link":"https:\/\/janex-jl.pl\/de\/product\/rote-bohnen-400g\/","title":{"rendered":"Rote Bohnen"},"content":{"rendered":"\n<p>Rote Bohnen werden aufgrund ihrer Form auch Kidneybohnen genannt. Wie die \u00fcbrigen Sorten sind sie eine reiche Quelle f\u00fcr Protein und viele lebensnotwendige Mikroelemente. Dank der dunkelroten Farbe finden sie eine Reihe von Anwendungen in der K\u00fcche, besonders in mexikanischen Gerichten. Sie eignen sich auch hervorragend als Zutat f\u00fcr Suppen, Salate und Pasten.<\/p>\n\n\n\n<p><\/p>\n","protected":false},"featured_media":1210,"template":"","product_category":[62],"weight":[14],"class_list":["post-1568","product","type-product","status-publish","has-post-thumbnail","hentry","product_category-huelsenfruechte","weight-400-g"],"acf":[],"yoast_head":"<!-- This site is optimized with the Yoast SEO plugin v26.9 - https:\/\/yoast.com\/product\/yoast-seo-wordpress\/ -->\n<title>Rote Bohnen - Janex<\/title>\n<meta name=\"robots\" content=\"index, follow, max-snippet:-1, max-image-preview:large, max-video-preview:-1\" \/>\n<link rel=\"canonical\" href=\"https:\/\/janex-jl.pl\/de\/product\/rote-bohnen-400g\/\" \/>\n<meta property=\"og:locale\" content=\"de_DE\" \/>\n<meta property=\"og:type\" content=\"article\" \/>\n<meta property=\"og:title\" content=\"Rote Bohnen - Janex\" \/>\n<meta property=\"og:description\" content=\"Rote Bohnen werden aufgrund ihrer Form auch Kidneybohnen genannt. Wie die \u00fcbrigen Sorten sind sie eine reiche Quelle f\u00fcr Protein und viele lebensnotwendige Mikroelemente. Dank der dunkelroten Farbe finden sie eine Reihe von Anwendungen in der K\u00fcche, besonders in mexikanischen Gerichten. Sie eignen sich auch hervorragend als Zutat f\u00fcr Suppen, Salate und Pasten.\" \/>\n<meta property=\"og:url\" content=\"https:\/\/janex-jl.pl\/de\/product\/rote-bohnen-400g\/\" \/>\n<meta property=\"og:site_name\" content=\"Janex\" \/>\n<meta property=\"article:publisher\" content=\"https:\/\/www.facebook.com\/JanexZrodloZdrowia\/\" \/>\n<meta property=\"article:modified_time\" content=\"2026-01-26T12:04:37+00:00\" \/>\n<meta property=\"og:image\" content=\"https:\/\/janex-jl.pl\/wp-content\/uploads\/2021\/05\/fasola-czerwona-400g.jpg\" \/>\n\t<meta property=\"og:image:width\" content=\"737\" \/>\n\t<meta property=\"og:image:height\" content=\"887\" \/>\n\t<meta property=\"og:image:type\" content=\"image\/jpeg\" \/>\n<meta name=\"twitter:card\" content=\"summary_large_image\" \/>\n<script type=\"application\/ld+json\" class=\"yoast-schema-graph\">{\"@context\":\"https:\/\/schema.org\",\"@graph\":[{\"@type\":\"WebPage\",\"@id\":\"https:\/\/janex-jl.pl\/de\/product\/rote-bohnen-400g\/\",\"url\":\"https:\/\/janex-jl.pl\/de\/product\/rote-bohnen-400g\/\",\"name\":\"Rote Bohnen - Janex\",\"isPartOf\":{\"@id\":\"https:\/\/janex-jl.pl\/#website\"},\"primaryImageOfPage\":{\"@id\":\"https:\/\/janex-jl.pl\/de\/product\/rote-bohnen-400g\/#primaryimage\"},\"image\":{\"@id\":\"https:\/\/janex-jl.pl\/de\/product\/rote-bohnen-400g\/#primaryimage\"},\"thumbnailUrl\":\"https:\/\/janex-jl.pl\/wp-content\/uploads\/2021\/05\/fasola-czerwona-400g.jpg\",\"datePublished\":\"2021-05-02T21:13:06+00:00\",\"dateModified\":\"2026-01-26T12:04:37+00:00\",\"breadcrumb\":{\"@id\":\"https:\/\/janex-jl.pl\/de\/product\/rote-bohnen-400g\/#breadcrumb\"},\"inLanguage\":\"de\",\"potentialAction\":[{\"@type\":\"ReadAction\",\"target\":[\"https:\/\/janex-jl.pl\/de\/product\/rote-bohnen-400g\/\"]}]},{\"@type\":\"ImageObject\",\"inLanguage\":\"de\",\"@id\":\"https:\/\/janex-jl.pl\/de\/product\/rote-bohnen-400g\/#primaryimage\",\"url\":\"https:\/\/janex-jl.pl\/wp-content\/uploads\/2021\/05\/fasola-czerwona-400g.jpg\",\"contentUrl\":\"https:\/\/janex-jl.pl\/wp-content\/uploads\/2021\/05\/fasola-czerwona-400g.jpg\",\"width\":737,\"height\":887},{\"@type\":\"BreadcrumbList\",\"@id\":\"https:\/\/janex-jl.pl\/de\/product\/rote-bohnen-400g\/#breadcrumb\",\"itemListElement\":[{\"@type\":\"ListItem\",\"position\":1,\"name\":\"Strona g\u0142\u00f3wna\",\"item\":\"https:\/\/janex-jl.pl\/de\/\"},{\"@type\":\"ListItem\",\"position\":2,\"name\":\"Rote Bohnen\"}]},{\"@type\":\"WebSite\",\"@id\":\"https:\/\/janex-jl.pl\/#website\",\"url\":\"https:\/\/janex-jl.pl\/\",\"name\":\"Janex \u2013 polski producent kasz\",\"description\":\"Producent kasz\",\"publisher\":{\"@id\":\"https:\/\/janex-jl.pl\/#organization\"},\"potentialAction\":[{\"@type\":\"SearchAction\",\"target\":{\"@type\":\"EntryPoint\",\"urlTemplate\":\"https:\/\/janex-jl.pl\/?s={search_term_string}\"},\"query-input\":{\"@type\":\"PropertyValueSpecification\",\"valueRequired\":true,\"valueName\":\"search_term_string\"}}],\"inLanguage\":\"de\"},{\"@type\":\"Organization\",\"@id\":\"https:\/\/janex-jl.pl\/#organization\",\"name\":\"JANEX POLSKI PRODUCENT KASZ SP\u00d3\u0141KA Z OGRANICZON\u0104 ODPOWIEDZIALNO\u015aCI\u0104\",\"url\":\"https:\/\/janex-jl.pl\/\",\"logo\":{\"@type\":\"ImageObject\",\"inLanguage\":\"de\",\"@id\":\"https:\/\/janex-jl.pl\/#\/schema\/logo\/image\/\",\"url\":\"https:\/\/janex-jl.pl\/wp-content\/uploads\/2021\/04\/janex-logo.svg\",\"contentUrl\":\"https:\/\/janex-jl.pl\/wp-content\/uploads\/2021\/04\/janex-logo.svg\",\"width\":112,\"height\":77,\"caption\":\"JANEX POLSKI PRODUCENT KASZ SP\u00d3\u0141KA Z OGRANICZON\u0104 ODPOWIEDZIALNO\u015aCI\u0104\"},\"image\":{\"@id\":\"https:\/\/janex-jl.pl\/#\/schema\/logo\/image\/\"},\"sameAs\":[\"https:\/\/www.facebook.com\/JanexZrodloZdrowia\/\",\"https:\/\/www.instagram.com\/twoje_zrodlo_zdrowia\/\"]}]}<\/script>\n<!-- \/ Yoast SEO plugin. -->","yoast_head_json":{"title":"Rote Bohnen - Janex","robots":{"index":"index","follow":"follow","max-snippet":"max-snippet:-1","max-image-preview":"max-image-preview:large","max-video-preview":"max-video-preview:-1"},"canonical":"https:\/\/janex-jl.pl\/de\/product\/rote-bohnen-400g\/","og_locale":"de_DE","og_type":"article","og_title":"Rote Bohnen - Janex","og_description":"Rote Bohnen werden aufgrund ihrer Form auch Kidneybohnen genannt. Wie die \u00fcbrigen Sorten sind sie eine reiche Quelle f\u00fcr Protein und viele lebensnotwendige Mikroelemente. Dank der dunkelroten Farbe finden sie eine Reihe von Anwendungen in der K\u00fcche, besonders in mexikanischen Gerichten. Sie eignen sich auch hervorragend als Zutat f\u00fcr Suppen, Salate und Pasten.","og_url":"https:\/\/janex-jl.pl\/de\/product\/rote-bohnen-400g\/","og_site_name":"Janex","article_publisher":"https:\/\/www.facebook.com\/JanexZrodloZdrowia\/","article_modified_time":"2026-01-26T12:04:37+00:00","og_image":[{"width":737,"height":887,"url":"https:\/\/janex-jl.pl\/wp-content\/uploads\/2021\/05\/fasola-czerwona-400g.jpg","type":"image\/jpeg"}],"twitter_card":"summary_large_image","schema":{"@context":"https:\/\/schema.org","@graph":[{"@type":"WebPage","@id":"https:\/\/janex-jl.pl\/de\/product\/rote-bohnen-400g\/","url":"https:\/\/janex-jl.pl\/de\/product\/rote-bohnen-400g\/","name":"Rote Bohnen - Janex","isPartOf":{"@id":"https:\/\/janex-jl.pl\/#website"},"primaryImageOfPage":{"@id":"https:\/\/janex-jl.pl\/de\/product\/rote-bohnen-400g\/#primaryimage"},"image":{"@id":"https:\/\/janex-jl.pl\/de\/product\/rote-bohnen-400g\/#primaryimage"},"thumbnailUrl":"https:\/\/janex-jl.pl\/wp-content\/uploads\/2021\/05\/fasola-czerwona-400g.jpg","datePublished":"2021-05-02T21:13:06+00:00","dateModified":"2026-01-26T12:04:37+00:00","breadcrumb":{"@id":"https:\/\/janex-jl.pl\/de\/product\/rote-bohnen-400g\/#breadcrumb"},"inLanguage":"de","potentialAction":[{"@type":"ReadAction","target":["https:\/\/janex-jl.pl\/de\/product\/rote-bohnen-400g\/"]}]},{"@type":"ImageObject","inLanguage":"de","@id":"https:\/\/janex-jl.pl\/de\/product\/rote-bohnen-400g\/#primaryimage","url":"https:\/\/janex-jl.pl\/wp-content\/uploads\/2021\/05\/fasola-czerwona-400g.jpg","contentUrl":"https:\/\/janex-jl.pl\/wp-content\/uploads\/2021\/05\/fasola-czerwona-400g.jpg","width":737,"height":887},{"@type":"BreadcrumbList","@id":"https:\/\/janex-jl.pl\/de\/product\/rote-bohnen-400g\/#breadcrumb","itemListElement":[{"@type":"ListItem","position":1,"name":"Strona g\u0142\u00f3wna","item":"https:\/\/janex-jl.pl\/de\/"},{"@type":"ListItem","position":2,"name":"Rote Bohnen"}]},{"@type":"WebSite","@id":"https:\/\/janex-jl.pl\/#website","url":"https:\/\/janex-jl.pl\/","name":"Janex \u2013 polski producent kasz","description":"Producent kasz","publisher":{"@id":"https:\/\/janex-jl.pl\/#organization"},"potentialAction":[{"@type":"SearchAction","target":{"@type":"EntryPoint","urlTemplate":"https:\/\/janex-jl.pl\/?s={search_term_string}"},"query-input":{"@type":"PropertyValueSpecification","valueRequired":true,"valueName":"search_term_string"}}],"inLanguage":"de"},{"@type":"Organization","@id":"https:\/\/janex-jl.pl\/#organization","name":"JANEX POLSKI PRODUCENT KASZ SP\u00d3\u0141KA Z OGRANICZON\u0104 ODPOWIEDZIALNO\u015aCI\u0104","url":"https:\/\/janex-jl.pl\/","logo":{"@type":"ImageObject","inLanguage":"de","@id":"https:\/\/janex-jl.pl\/#\/schema\/logo\/image\/","url":"https:\/\/janex-jl.pl\/wp-content\/uploads\/2021\/04\/janex-logo.svg","contentUrl":"https:\/\/janex-jl.pl\/wp-content\/uploads\/2021\/04\/janex-logo.svg","width":112,"height":77,"caption":"JANEX POLSKI PRODUCENT KASZ SP\u00d3\u0141KA Z OGRANICZON\u0104 ODPOWIEDZIALNO\u015aCI\u0104"},"image":{"@id":"https:\/\/janex-jl.pl\/#\/schema\/logo\/image\/"},"sameAs":["https:\/\/www.facebook.com\/JanexZrodloZdrowia\/","https:\/\/www.instagram.com\/twoje_zrodlo_zdrowia\/"]}]}},"_links":{"self":[{"href":"https:\/\/janex-jl.pl\/de\/wp-json\/wp\/v2\/product\/1568","targetHints":{"allow":["GET"]}}],"collection":[{"href":"https:\/\/janex-jl.pl\/de\/wp-json\/wp\/v2\/product"}],"about":[{"href":"https:\/\/janex-jl.pl\/de\/wp-json\/wp\/v2\/types\/product"}],"wp:featuredmedia":[{"embeddable":true,"href":"https:\/\/janex-jl.pl\/de\/wp-json\/wp\/v2\/media\/1210"}],"wp:attachment":[{"href":"https:\/\/janex-jl.pl\/de\/wp-json\/wp\/v2\/media?parent=1568"}],"wp:term":[{"taxonomy":"product_category","embeddable":true,"href":"https:\/\/janex-jl.pl\/de\/wp-json\/wp\/v2\/product_category?post=1568"},{"taxonomy":"weight","embeddable":true,"href":"https:\/\/janex-jl.pl\/de\/wp-json\/wp\/v2\/weight?post=1568"}],"curies":[{"name":"wp","href":"https:\/\/api.w.org\/{rel}","templated":true}]}}