{"id":1565,"date":"2021-05-02T23:15:07","date_gmt":"2021-05-02T21:15:07","guid":{"rendered":"https:\/\/janex-jl.pl\/product\/fasola-piekny-jas-400g\/"},"modified":"2026-01-26T14:03:14","modified_gmt":"2026-01-26T12:03:14","slug":"weisse-ries-400g","status":"publish","type":"product","link":"https:\/\/janex-jl.pl\/de\/product\/weisse-ries-400g\/","title":{"rendered":"Wei\u00dfe Ries"},"content":{"rendered":"\n<p>Die Bohne ist eine der am h\u00e4ufigsten angebauten H\u00fclsenfr\u00fcchte. Dank ihres hohen Proteingehalts ist sie in vegetarischen Di\u00e4ten oft die Hauptquelle daf\u00fcr. Sie enth\u00e4lt Phyto\u00f6strogene, die in der Medizin und Kosmetologie verwendet werden, um Wechseljahresbeschwerden zu lindern, den Gesundheitszustand zu verbessern und die Jugend zu verl\u00e4ngern. Bohnen enthalten Vitamine der B-Gruppe sowie A und E, au\u00dferdem Kalium und Fols\u00e4ure. Bohnensamen sind zudem eine hervorragende Ballaststoffquelle, die zur Verbesserung der Funktion des Verdauungssystems beitr\u00e4gt. In der K\u00fcche finden Bohnen viele Anwendungsm\u00f6glichkeiten als Zutat f\u00fcr Suppen, Gulasch, F\u00fcllungen, Pasteten und Kuchen.<\/p>\n\n\n\n<p><\/p>\n","protected":false},"featured_media":1144,"template":"","product_category":[62],"weight":[14],"class_list":["post-1565","product","type-product","status-publish","has-post-thumbnail","hentry","product_category-huelsenfruechte","weight-400-g"],"acf":[],"yoast_head":"<!-- This site is optimized with the Yoast SEO plugin v26.9 - https:\/\/yoast.com\/product\/yoast-seo-wordpress\/ -->\n<title>Wei\u00dfe Ries - Janex<\/title>\n<meta name=\"robots\" content=\"index, follow, max-snippet:-1, max-image-preview:large, max-video-preview:-1\" \/>\n<link rel=\"canonical\" href=\"https:\/\/janex-jl.pl\/de\/product\/weisse-ries-400g\/\" \/>\n<meta property=\"og:locale\" content=\"de_DE\" \/>\n<meta property=\"og:type\" content=\"article\" \/>\n<meta property=\"og:title\" content=\"Wei\u00dfe Ries - Janex\" \/>\n<meta property=\"og:description\" content=\"Die Bohne ist eine der am h\u00e4ufigsten angebauten H\u00fclsenfr\u00fcchte. Dank ihres hohen Proteingehalts ist sie in vegetarischen Di\u00e4ten oft die Hauptquelle daf\u00fcr. Sie enth\u00e4lt Phyto\u00f6strogene, die in der Medizin und Kosmetologie verwendet werden, um Wechseljahresbeschwerden zu lindern, den Gesundheitszustand zu verbessern und die Jugend zu verl\u00e4ngern. Bohnen enthalten Vitamine der B-Gruppe sowie A und E, &hellip; Continued\" \/>\n<meta property=\"og:url\" content=\"https:\/\/janex-jl.pl\/de\/product\/weisse-ries-400g\/\" \/>\n<meta property=\"og:site_name\" content=\"Janex\" \/>\n<meta property=\"article:publisher\" content=\"https:\/\/www.facebook.com\/JanexZrodloZdrowia\/\" \/>\n<meta property=\"article:modified_time\" content=\"2026-01-26T12:03:14+00:00\" \/>\n<meta property=\"og:image\" content=\"https:\/\/janex-jl.pl\/wp-content\/uploads\/2021\/05\/new-fasola-piekny-jas-400g-Janex.jpg\" \/>\n\t<meta property=\"og:image:width\" content=\"548\" \/>\n\t<meta property=\"og:image:height\" content=\"768\" \/>\n\t<meta property=\"og:image:type\" content=\"image\/jpeg\" \/>\n<meta name=\"twitter:card\" content=\"summary_large_image\" \/>\n<script type=\"application\/ld+json\" class=\"yoast-schema-graph\">{\"@context\":\"https:\/\/schema.org\",\"@graph\":[{\"@type\":\"WebPage\",\"@id\":\"https:\/\/janex-jl.pl\/de\/product\/weisse-ries-400g\/\",\"url\":\"https:\/\/janex-jl.pl\/de\/product\/weisse-ries-400g\/\",\"name\":\"Wei\u00dfe Ries - Janex\",\"isPartOf\":{\"@id\":\"https:\/\/janex-jl.pl\/#website\"},\"primaryImageOfPage\":{\"@id\":\"https:\/\/janex-jl.pl\/de\/product\/weisse-ries-400g\/#primaryimage\"},\"image\":{\"@id\":\"https:\/\/janex-jl.pl\/de\/product\/weisse-ries-400g\/#primaryimage\"},\"thumbnailUrl\":\"https:\/\/janex-jl.pl\/wp-content\/uploads\/2021\/05\/new-fasola-piekny-jas-400g-Janex.jpg\",\"datePublished\":\"2021-05-02T21:15:07+00:00\",\"dateModified\":\"2026-01-26T12:03:14+00:00\",\"breadcrumb\":{\"@id\":\"https:\/\/janex-jl.pl\/de\/product\/weisse-ries-400g\/#breadcrumb\"},\"inLanguage\":\"de\",\"potentialAction\":[{\"@type\":\"ReadAction\",\"target\":[\"https:\/\/janex-jl.pl\/de\/product\/weisse-ries-400g\/\"]}]},{\"@type\":\"ImageObject\",\"inLanguage\":\"de\",\"@id\":\"https:\/\/janex-jl.pl\/de\/product\/weisse-ries-400g\/#primaryimage\",\"url\":\"https:\/\/janex-jl.pl\/wp-content\/uploads\/2021\/05\/new-fasola-piekny-jas-400g-Janex.jpg\",\"contentUrl\":\"https:\/\/janex-jl.pl\/wp-content\/uploads\/2021\/05\/new-fasola-piekny-jas-400g-Janex.jpg\",\"width\":548,\"height\":768},{\"@type\":\"BreadcrumbList\",\"@id\":\"https:\/\/janex-jl.pl\/de\/product\/weisse-ries-400g\/#breadcrumb\",\"itemListElement\":[{\"@type\":\"ListItem\",\"position\":1,\"name\":\"Strona g\u0142\u00f3wna\",\"item\":\"https:\/\/janex-jl.pl\/de\/\"},{\"@type\":\"ListItem\",\"position\":2,\"name\":\"Wei\u00dfe Ries\"}]},{\"@type\":\"WebSite\",\"@id\":\"https:\/\/janex-jl.pl\/#website\",\"url\":\"https:\/\/janex-jl.pl\/\",\"name\":\"Janex \u2013 polski producent kasz\",\"description\":\"Producent kasz\",\"publisher\":{\"@id\":\"https:\/\/janex-jl.pl\/#organization\"},\"potentialAction\":[{\"@type\":\"SearchAction\",\"target\":{\"@type\":\"EntryPoint\",\"urlTemplate\":\"https:\/\/janex-jl.pl\/?s={search_term_string}\"},\"query-input\":{\"@type\":\"PropertyValueSpecification\",\"valueRequired\":true,\"valueName\":\"search_term_string\"}}],\"inLanguage\":\"de\"},{\"@type\":\"Organization\",\"@id\":\"https:\/\/janex-jl.pl\/#organization\",\"name\":\"JANEX POLSKI PRODUCENT KASZ SP\u00d3\u0141KA Z OGRANICZON\u0104 ODPOWIEDZIALNO\u015aCI\u0104\",\"url\":\"https:\/\/janex-jl.pl\/\",\"logo\":{\"@type\":\"ImageObject\",\"inLanguage\":\"de\",\"@id\":\"https:\/\/janex-jl.pl\/#\/schema\/logo\/image\/\",\"url\":\"https:\/\/janex-jl.pl\/wp-content\/uploads\/2021\/04\/janex-logo.svg\",\"contentUrl\":\"https:\/\/janex-jl.pl\/wp-content\/uploads\/2021\/04\/janex-logo.svg\",\"width\":112,\"height\":77,\"caption\":\"JANEX POLSKI PRODUCENT KASZ SP\u00d3\u0141KA Z OGRANICZON\u0104 ODPOWIEDZIALNO\u015aCI\u0104\"},\"image\":{\"@id\":\"https:\/\/janex-jl.pl\/#\/schema\/logo\/image\/\"},\"sameAs\":[\"https:\/\/www.facebook.com\/JanexZrodloZdrowia\/\",\"https:\/\/www.instagram.com\/twoje_zrodlo_zdrowia\/\"]}]}<\/script>\n<!-- \/ Yoast SEO plugin. -->","yoast_head_json":{"title":"Wei\u00dfe Ries - Janex","robots":{"index":"index","follow":"follow","max-snippet":"max-snippet:-1","max-image-preview":"max-image-preview:large","max-video-preview":"max-video-preview:-1"},"canonical":"https:\/\/janex-jl.pl\/de\/product\/weisse-ries-400g\/","og_locale":"de_DE","og_type":"article","og_title":"Wei\u00dfe Ries - Janex","og_description":"Die Bohne ist eine der am h\u00e4ufigsten angebauten H\u00fclsenfr\u00fcchte. Dank ihres hohen Proteingehalts ist sie in vegetarischen Di\u00e4ten oft die Hauptquelle daf\u00fcr. Sie enth\u00e4lt Phyto\u00f6strogene, die in der Medizin und Kosmetologie verwendet werden, um Wechseljahresbeschwerden zu lindern, den Gesundheitszustand zu verbessern und die Jugend zu verl\u00e4ngern. Bohnen enthalten Vitamine der B-Gruppe sowie A und E, &hellip; Continued","og_url":"https:\/\/janex-jl.pl\/de\/product\/weisse-ries-400g\/","og_site_name":"Janex","article_publisher":"https:\/\/www.facebook.com\/JanexZrodloZdrowia\/","article_modified_time":"2026-01-26T12:03:14+00:00","og_image":[{"width":548,"height":768,"url":"https:\/\/janex-jl.pl\/wp-content\/uploads\/2021\/05\/new-fasola-piekny-jas-400g-Janex.jpg","type":"image\/jpeg"}],"twitter_card":"summary_large_image","schema":{"@context":"https:\/\/schema.org","@graph":[{"@type":"WebPage","@id":"https:\/\/janex-jl.pl\/de\/product\/weisse-ries-400g\/","url":"https:\/\/janex-jl.pl\/de\/product\/weisse-ries-400g\/","name":"Wei\u00dfe Ries - Janex","isPartOf":{"@id":"https:\/\/janex-jl.pl\/#website"},"primaryImageOfPage":{"@id":"https:\/\/janex-jl.pl\/de\/product\/weisse-ries-400g\/#primaryimage"},"image":{"@id":"https:\/\/janex-jl.pl\/de\/product\/weisse-ries-400g\/#primaryimage"},"thumbnailUrl":"https:\/\/janex-jl.pl\/wp-content\/uploads\/2021\/05\/new-fasola-piekny-jas-400g-Janex.jpg","datePublished":"2021-05-02T21:15:07+00:00","dateModified":"2026-01-26T12:03:14+00:00","breadcrumb":{"@id":"https:\/\/janex-jl.pl\/de\/product\/weisse-ries-400g\/#breadcrumb"},"inLanguage":"de","potentialAction":[{"@type":"ReadAction","target":["https:\/\/janex-jl.pl\/de\/product\/weisse-ries-400g\/"]}]},{"@type":"ImageObject","inLanguage":"de","@id":"https:\/\/janex-jl.pl\/de\/product\/weisse-ries-400g\/#primaryimage","url":"https:\/\/janex-jl.pl\/wp-content\/uploads\/2021\/05\/new-fasola-piekny-jas-400g-Janex.jpg","contentUrl":"https:\/\/janex-jl.pl\/wp-content\/uploads\/2021\/05\/new-fasola-piekny-jas-400g-Janex.jpg","width":548,"height":768},{"@type":"BreadcrumbList","@id":"https:\/\/janex-jl.pl\/de\/product\/weisse-ries-400g\/#breadcrumb","itemListElement":[{"@type":"ListItem","position":1,"name":"Strona g\u0142\u00f3wna","item":"https:\/\/janex-jl.pl\/de\/"},{"@type":"ListItem","position":2,"name":"Wei\u00dfe Ries"}]},{"@type":"WebSite","@id":"https:\/\/janex-jl.pl\/#website","url":"https:\/\/janex-jl.pl\/","name":"Janex \u2013 polski producent kasz","description":"Producent kasz","publisher":{"@id":"https:\/\/janex-jl.pl\/#organization"},"potentialAction":[{"@type":"SearchAction","target":{"@type":"EntryPoint","urlTemplate":"https:\/\/janex-jl.pl\/?s={search_term_string}"},"query-input":{"@type":"PropertyValueSpecification","valueRequired":true,"valueName":"search_term_string"}}],"inLanguage":"de"},{"@type":"Organization","@id":"https:\/\/janex-jl.pl\/#organization","name":"JANEX POLSKI PRODUCENT KASZ SP\u00d3\u0141KA Z OGRANICZON\u0104 ODPOWIEDZIALNO\u015aCI\u0104","url":"https:\/\/janex-jl.pl\/","logo":{"@type":"ImageObject","inLanguage":"de","@id":"https:\/\/janex-jl.pl\/#\/schema\/logo\/image\/","url":"https:\/\/janex-jl.pl\/wp-content\/uploads\/2021\/04\/janex-logo.svg","contentUrl":"https:\/\/janex-jl.pl\/wp-content\/uploads\/2021\/04\/janex-logo.svg","width":112,"height":77,"caption":"JANEX POLSKI PRODUCENT KASZ SP\u00d3\u0141KA Z OGRANICZON\u0104 ODPOWIEDZIALNO\u015aCI\u0104"},"image":{"@id":"https:\/\/janex-jl.pl\/#\/schema\/logo\/image\/"},"sameAs":["https:\/\/www.facebook.com\/JanexZrodloZdrowia\/","https:\/\/www.instagram.com\/twoje_zrodlo_zdrowia\/"]}]}},"_links":{"self":[{"href":"https:\/\/janex-jl.pl\/de\/wp-json\/wp\/v2\/product\/1565","targetHints":{"allow":["GET"]}}],"collection":[{"href":"https:\/\/janex-jl.pl\/de\/wp-json\/wp\/v2\/product"}],"about":[{"href":"https:\/\/janex-jl.pl\/de\/wp-json\/wp\/v2\/types\/product"}],"wp:featuredmedia":[{"embeddable":true,"href":"https:\/\/janex-jl.pl\/de\/wp-json\/wp\/v2\/media\/1144"}],"wp:attachment":[{"href":"https:\/\/janex-jl.pl\/de\/wp-json\/wp\/v2\/media?parent=1565"}],"wp:term":[{"taxonomy":"product_category","embeddable":true,"href":"https:\/\/janex-jl.pl\/de\/wp-json\/wp\/v2\/product_category?post=1565"},{"taxonomy":"weight","embeddable":true,"href":"https:\/\/janex-jl.pl\/de\/wp-json\/wp\/v2\/weight?post=1565"}],"curies":[{"name":"wp","href":"https:\/\/api.w.org\/{rel}","templated":true}]}}