{"id":1538,"date":"2021-05-19T12:57:08","date_gmt":"2021-05-19T10:57:08","guid":{"rendered":"https:\/\/janex-jl.pl\/product\/kasza-kukurydziana-400g\/"},"modified":"2026-01-26T13:45:55","modified_gmt":"2026-01-26T11:45:55","slug":"maisgriess-400g","status":"publish","type":"product","link":"https:\/\/janex-jl.pl\/de\/product\/maisgriess-400g\/","title":{"rendered":"Maisgrie\u00df"},"content":{"rendered":"\n<p>Maisgrie\u00df wird aus Maisk\u00f6rnern gewonnen. Er wird in der leicht verdaulichen Schonkost und Breidi\u00e4t verwendet, da er den Verdauungstrakt nicht belastet. Er ist eine Quelle f\u00fcr Vitamin A und Selen, das f\u00fcr die ordnungsgem\u00e4\u00dfe Funktion der Schilddr\u00fcse und des Immunsystems unerl\u00e4sslich ist. Er wird als erster Brei in die Ern\u00e4hrung von S\u00e4uglingen eingef\u00fchrt, da er keine allergischen Reaktionen hervorruft und kein Gluten enth\u00e4lt. Sicher f\u00fcr Personen mit Z\u00f6liakie und Glutensensitivit\u00e4t. Er zeichnet sich durch einen hohen Kohlenhydratgehalt aus, wodurch bereits eine geringe Menge f\u00fcr ein S\u00e4ttigungsgef\u00fchl sorgt. In der K\u00fcche eignet er sich als Zutat f\u00fcr glutenfreies Brot, Puffer, Kl\u00f6\u00dfchen, Milchsuppen und zum Andicken von Saucen.<\/p>\n\n\n\n<p><\/p>\n","protected":false},"featured_media":1240,"template":"","product_category":[60],"weight":[14],"class_list":["post-1538","product","type-product","status-publish","has-post-thumbnail","hentry","product_category-gruetzen","weight-400-g"],"acf":[],"yoast_head":"<!-- This site is optimized with the Yoast SEO plugin v26.9 - https:\/\/yoast.com\/product\/yoast-seo-wordpress\/ -->\n<title>Maisgrie\u00df - Janex<\/title>\n<meta name=\"robots\" content=\"index, follow, max-snippet:-1, max-image-preview:large, max-video-preview:-1\" \/>\n<link rel=\"canonical\" href=\"https:\/\/janex-jl.pl\/de\/product\/maisgriess-400g\/\" \/>\n<meta property=\"og:locale\" content=\"de_DE\" \/>\n<meta property=\"og:type\" content=\"article\" \/>\n<meta property=\"og:title\" content=\"Maisgrie\u00df - Janex\" \/>\n<meta property=\"og:description\" content=\"Maisgrie\u00df wird aus Maisk\u00f6rnern gewonnen. Er wird in der leicht verdaulichen Schonkost und Breidi\u00e4t verwendet, da er den Verdauungstrakt nicht belastet. Er ist eine Quelle f\u00fcr Vitamin A und Selen, das f\u00fcr die ordnungsgem\u00e4\u00dfe Funktion der Schilddr\u00fcse und des Immunsystems unerl\u00e4sslich ist. Er wird als erster Brei in die Ern\u00e4hrung von S\u00e4uglingen eingef\u00fchrt, da er &hellip; Continued\" \/>\n<meta property=\"og:url\" content=\"https:\/\/janex-jl.pl\/de\/product\/maisgriess-400g\/\" \/>\n<meta property=\"og:site_name\" content=\"Janex\" \/>\n<meta property=\"article:publisher\" content=\"https:\/\/www.facebook.com\/JanexZrodloZdrowia\/\" \/>\n<meta property=\"article:modified_time\" content=\"2026-01-26T11:45:55+00:00\" \/>\n<meta property=\"og:image\" content=\"https:\/\/janex-jl.pl\/wp-content\/uploads\/2021\/05\/Janex_Kasza_kukurydziana_cegla_400-nowa-wizuazlizacja-1.jpg\" \/>\n\t<meta property=\"og:image:width\" content=\"548\" \/>\n\t<meta property=\"og:image:height\" content=\"768\" \/>\n\t<meta property=\"og:image:type\" content=\"image\/jpeg\" \/>\n<meta name=\"twitter:card\" content=\"summary_large_image\" \/>\n<script type=\"application\/ld+json\" class=\"yoast-schema-graph\">{\"@context\":\"https:\/\/schema.org\",\"@graph\":[{\"@type\":\"WebPage\",\"@id\":\"https:\/\/janex-jl.pl\/de\/product\/maisgriess-400g\/\",\"url\":\"https:\/\/janex-jl.pl\/de\/product\/maisgriess-400g\/\",\"name\":\"Maisgrie\u00df - Janex\",\"isPartOf\":{\"@id\":\"https:\/\/janex-jl.pl\/#website\"},\"primaryImageOfPage\":{\"@id\":\"https:\/\/janex-jl.pl\/de\/product\/maisgriess-400g\/#primaryimage\"},\"image\":{\"@id\":\"https:\/\/janex-jl.pl\/de\/product\/maisgriess-400g\/#primaryimage\"},\"thumbnailUrl\":\"https:\/\/janex-jl.pl\/wp-content\/uploads\/2021\/05\/Janex_Kasza_kukurydziana_cegla_400-nowa-wizuazlizacja-1.jpg\",\"datePublished\":\"2021-05-19T10:57:08+00:00\",\"dateModified\":\"2026-01-26T11:45:55+00:00\",\"breadcrumb\":{\"@id\":\"https:\/\/janex-jl.pl\/de\/product\/maisgriess-400g\/#breadcrumb\"},\"inLanguage\":\"de\",\"potentialAction\":[{\"@type\":\"ReadAction\",\"target\":[\"https:\/\/janex-jl.pl\/de\/product\/maisgriess-400g\/\"]}]},{\"@type\":\"ImageObject\",\"inLanguage\":\"de\",\"@id\":\"https:\/\/janex-jl.pl\/de\/product\/maisgriess-400g\/#primaryimage\",\"url\":\"https:\/\/janex-jl.pl\/wp-content\/uploads\/2021\/05\/Janex_Kasza_kukurydziana_cegla_400-nowa-wizuazlizacja-1.jpg\",\"contentUrl\":\"https:\/\/janex-jl.pl\/wp-content\/uploads\/2021\/05\/Janex_Kasza_kukurydziana_cegla_400-nowa-wizuazlizacja-1.jpg\",\"width\":548,\"height\":768},{\"@type\":\"BreadcrumbList\",\"@id\":\"https:\/\/janex-jl.pl\/de\/product\/maisgriess-400g\/#breadcrumb\",\"itemListElement\":[{\"@type\":\"ListItem\",\"position\":1,\"name\":\"Strona g\u0142\u00f3wna\",\"item\":\"https:\/\/janex-jl.pl\/de\/\"},{\"@type\":\"ListItem\",\"position\":2,\"name\":\"Maisgrie\u00df\"}]},{\"@type\":\"WebSite\",\"@id\":\"https:\/\/janex-jl.pl\/#website\",\"url\":\"https:\/\/janex-jl.pl\/\",\"name\":\"Janex \u2013 polski producent kasz\",\"description\":\"Producent kasz\",\"publisher\":{\"@id\":\"https:\/\/janex-jl.pl\/#organization\"},\"potentialAction\":[{\"@type\":\"SearchAction\",\"target\":{\"@type\":\"EntryPoint\",\"urlTemplate\":\"https:\/\/janex-jl.pl\/?s={search_term_string}\"},\"query-input\":{\"@type\":\"PropertyValueSpecification\",\"valueRequired\":true,\"valueName\":\"search_term_string\"}}],\"inLanguage\":\"de\"},{\"@type\":\"Organization\",\"@id\":\"https:\/\/janex-jl.pl\/#organization\",\"name\":\"JANEX POLSKI PRODUCENT KASZ SP\u00d3\u0141KA Z OGRANICZON\u0104 ODPOWIEDZIALNO\u015aCI\u0104\",\"url\":\"https:\/\/janex-jl.pl\/\",\"logo\":{\"@type\":\"ImageObject\",\"inLanguage\":\"de\",\"@id\":\"https:\/\/janex-jl.pl\/#\/schema\/logo\/image\/\",\"url\":\"https:\/\/janex-jl.pl\/wp-content\/uploads\/2021\/04\/janex-logo.svg\",\"contentUrl\":\"https:\/\/janex-jl.pl\/wp-content\/uploads\/2021\/04\/janex-logo.svg\",\"width\":112,\"height\":77,\"caption\":\"JANEX POLSKI PRODUCENT KASZ SP\u00d3\u0141KA Z OGRANICZON\u0104 ODPOWIEDZIALNO\u015aCI\u0104\"},\"image\":{\"@id\":\"https:\/\/janex-jl.pl\/#\/schema\/logo\/image\/\"},\"sameAs\":[\"https:\/\/www.facebook.com\/JanexZrodloZdrowia\/\",\"https:\/\/www.instagram.com\/twoje_zrodlo_zdrowia\/\"]}]}<\/script>\n<!-- \/ Yoast SEO plugin. -->","yoast_head_json":{"title":"Maisgrie\u00df - Janex","robots":{"index":"index","follow":"follow","max-snippet":"max-snippet:-1","max-image-preview":"max-image-preview:large","max-video-preview":"max-video-preview:-1"},"canonical":"https:\/\/janex-jl.pl\/de\/product\/maisgriess-400g\/","og_locale":"de_DE","og_type":"article","og_title":"Maisgrie\u00df - Janex","og_description":"Maisgrie\u00df wird aus Maisk\u00f6rnern gewonnen. Er wird in der leicht verdaulichen Schonkost und Breidi\u00e4t verwendet, da er den Verdauungstrakt nicht belastet. Er ist eine Quelle f\u00fcr Vitamin A und Selen, das f\u00fcr die ordnungsgem\u00e4\u00dfe Funktion der Schilddr\u00fcse und des Immunsystems unerl\u00e4sslich ist. Er wird als erster Brei in die Ern\u00e4hrung von S\u00e4uglingen eingef\u00fchrt, da er &hellip; Continued","og_url":"https:\/\/janex-jl.pl\/de\/product\/maisgriess-400g\/","og_site_name":"Janex","article_publisher":"https:\/\/www.facebook.com\/JanexZrodloZdrowia\/","article_modified_time":"2026-01-26T11:45:55+00:00","og_image":[{"width":548,"height":768,"url":"https:\/\/janex-jl.pl\/wp-content\/uploads\/2021\/05\/Janex_Kasza_kukurydziana_cegla_400-nowa-wizuazlizacja-1.jpg","type":"image\/jpeg"}],"twitter_card":"summary_large_image","schema":{"@context":"https:\/\/schema.org","@graph":[{"@type":"WebPage","@id":"https:\/\/janex-jl.pl\/de\/product\/maisgriess-400g\/","url":"https:\/\/janex-jl.pl\/de\/product\/maisgriess-400g\/","name":"Maisgrie\u00df - Janex","isPartOf":{"@id":"https:\/\/janex-jl.pl\/#website"},"primaryImageOfPage":{"@id":"https:\/\/janex-jl.pl\/de\/product\/maisgriess-400g\/#primaryimage"},"image":{"@id":"https:\/\/janex-jl.pl\/de\/product\/maisgriess-400g\/#primaryimage"},"thumbnailUrl":"https:\/\/janex-jl.pl\/wp-content\/uploads\/2021\/05\/Janex_Kasza_kukurydziana_cegla_400-nowa-wizuazlizacja-1.jpg","datePublished":"2021-05-19T10:57:08+00:00","dateModified":"2026-01-26T11:45:55+00:00","breadcrumb":{"@id":"https:\/\/janex-jl.pl\/de\/product\/maisgriess-400g\/#breadcrumb"},"inLanguage":"de","potentialAction":[{"@type":"ReadAction","target":["https:\/\/janex-jl.pl\/de\/product\/maisgriess-400g\/"]}]},{"@type":"ImageObject","inLanguage":"de","@id":"https:\/\/janex-jl.pl\/de\/product\/maisgriess-400g\/#primaryimage","url":"https:\/\/janex-jl.pl\/wp-content\/uploads\/2021\/05\/Janex_Kasza_kukurydziana_cegla_400-nowa-wizuazlizacja-1.jpg","contentUrl":"https:\/\/janex-jl.pl\/wp-content\/uploads\/2021\/05\/Janex_Kasza_kukurydziana_cegla_400-nowa-wizuazlizacja-1.jpg","width":548,"height":768},{"@type":"BreadcrumbList","@id":"https:\/\/janex-jl.pl\/de\/product\/maisgriess-400g\/#breadcrumb","itemListElement":[{"@type":"ListItem","position":1,"name":"Strona g\u0142\u00f3wna","item":"https:\/\/janex-jl.pl\/de\/"},{"@type":"ListItem","position":2,"name":"Maisgrie\u00df"}]},{"@type":"WebSite","@id":"https:\/\/janex-jl.pl\/#website","url":"https:\/\/janex-jl.pl\/","name":"Janex \u2013 polski producent kasz","description":"Producent kasz","publisher":{"@id":"https:\/\/janex-jl.pl\/#organization"},"potentialAction":[{"@type":"SearchAction","target":{"@type":"EntryPoint","urlTemplate":"https:\/\/janex-jl.pl\/?s={search_term_string}"},"query-input":{"@type":"PropertyValueSpecification","valueRequired":true,"valueName":"search_term_string"}}],"inLanguage":"de"},{"@type":"Organization","@id":"https:\/\/janex-jl.pl\/#organization","name":"JANEX POLSKI PRODUCENT KASZ SP\u00d3\u0141KA Z OGRANICZON\u0104 ODPOWIEDZIALNO\u015aCI\u0104","url":"https:\/\/janex-jl.pl\/","logo":{"@type":"ImageObject","inLanguage":"de","@id":"https:\/\/janex-jl.pl\/#\/schema\/logo\/image\/","url":"https:\/\/janex-jl.pl\/wp-content\/uploads\/2021\/04\/janex-logo.svg","contentUrl":"https:\/\/janex-jl.pl\/wp-content\/uploads\/2021\/04\/janex-logo.svg","width":112,"height":77,"caption":"JANEX POLSKI PRODUCENT KASZ SP\u00d3\u0141KA Z OGRANICZON\u0104 ODPOWIEDZIALNO\u015aCI\u0104"},"image":{"@id":"https:\/\/janex-jl.pl\/#\/schema\/logo\/image\/"},"sameAs":["https:\/\/www.facebook.com\/JanexZrodloZdrowia\/","https:\/\/www.instagram.com\/twoje_zrodlo_zdrowia\/"]}]}},"_links":{"self":[{"href":"https:\/\/janex-jl.pl\/de\/wp-json\/wp\/v2\/product\/1538","targetHints":{"allow":["GET"]}}],"collection":[{"href":"https:\/\/janex-jl.pl\/de\/wp-json\/wp\/v2\/product"}],"about":[{"href":"https:\/\/janex-jl.pl\/de\/wp-json\/wp\/v2\/types\/product"}],"wp:featuredmedia":[{"embeddable":true,"href":"https:\/\/janex-jl.pl\/de\/wp-json\/wp\/v2\/media\/1240"}],"wp:attachment":[{"href":"https:\/\/janex-jl.pl\/de\/wp-json\/wp\/v2\/media?parent=1538"}],"wp:term":[{"taxonomy":"product_category","embeddable":true,"href":"https:\/\/janex-jl.pl\/de\/wp-json\/wp\/v2\/product_category?post=1538"},{"taxonomy":"weight","embeddable":true,"href":"https:\/\/janex-jl.pl\/de\/wp-json\/wp\/v2\/weight?post=1538"}],"curies":[{"name":"wp","href":"https:\/\/api.w.org\/{rel}","templated":true}]}}