{"id":1520,"date":"2021-05-04T07:31:57","date_gmt":"2021-05-04T05:31:57","guid":{"rendered":"https:\/\/janex-jl.pl\/product\/kasza-gryczana-biala-4x100g\/"},"modified":"2026-01-26T11:58:55","modified_gmt":"2026-01-26T09:58:55","slug":"weisse-buchweizengrutze-4x100g","status":"publish","type":"product","link":"https:\/\/janex-jl.pl\/de\/product\/weisse-buchweizengrutze-4x100g\/","title":{"rendered":"Wei\u00dfe Buchweizengr\u00fctze"},"content":{"rendered":"\n<p>Wei\u00dfe Buchweizengr\u00fctze ist aufgrund ihres geringen Verarbeitungsgrades eine der wertvollsten Gr\u00fctzsorten f\u00fcr den Organismus. Sie hilft, das S\u00e4ure-Basen-Gleichgewicht des K\u00f6rpers aufrechtzuerhalten. Sie stellt eine Quelle f\u00fcr lebensnotwendige Aminos\u00e4uren und Mikroelemente wie Zink, Kupfer, Eisen, Kalium und Mangan dar. Wie die meisten Gr\u00fctzsorten liefert sie die in der Ern\u00e4hrung unverzichtbaren Ballaststoffe, die ein S\u00e4ttigungsgef\u00fchl vermitteln, die Funktion des Verdauungstrakts unterst\u00fctzen, den Kohlenhydratstoffwechsel regulieren und den Cholesterinspiegel senken. Sicher f\u00fcr Di\u00e4ten mit niedrigem glyk\u00e4mischem Index und glutenfreie Ern\u00e4hrung. Im Gegensatz zur bekannteren ger\u00f6steten Gr\u00fctze ist ihr Geschmack mild, weshalb sie in der K\u00fcche erfolgreich Reis ersetzen kann. Ideal f\u00fcr Fleischgerichte, Salate, Suppen und s\u00fc\u00dfe Snacks.<\/p>\n\n\n\n<p><\/p>\n","protected":false},"featured_media":1368,"template":"","product_category":[60],"weight":[19],"class_list":["post-1520","product","type-product","status-publish","has-post-thumbnail","hentry","product_category-gruetzen","weight-4-x-100-g"],"acf":[],"yoast_head":"<!-- This site is optimized with the Yoast SEO plugin v26.9 - https:\/\/yoast.com\/product\/yoast-seo-wordpress\/ -->\n<title>Wei\u00dfe Buchweizengr\u00fctze - Janex<\/title>\n<meta name=\"robots\" content=\"index, follow, max-snippet:-1, max-image-preview:large, max-video-preview:-1\" \/>\n<link rel=\"canonical\" href=\"https:\/\/janex-jl.pl\/de\/product\/weisse-buchweizengrutze-4x100g\/\" \/>\n<meta property=\"og:locale\" content=\"de_DE\" \/>\n<meta property=\"og:type\" content=\"article\" \/>\n<meta property=\"og:title\" content=\"Wei\u00dfe Buchweizengr\u00fctze - Janex\" \/>\n<meta property=\"og:description\" content=\"Wei\u00dfe Buchweizengr\u00fctze ist aufgrund ihres geringen Verarbeitungsgrades eine der wertvollsten Gr\u00fctzsorten f\u00fcr den Organismus. Sie hilft, das S\u00e4ure-Basen-Gleichgewicht des K\u00f6rpers aufrechtzuerhalten. Sie stellt eine Quelle f\u00fcr lebensnotwendige Aminos\u00e4uren und Mikroelemente wie Zink, Kupfer, Eisen, Kalium und Mangan dar. Wie die meisten Gr\u00fctzsorten liefert sie die in der Ern\u00e4hrung unverzichtbaren Ballaststoffe, die ein S\u00e4ttigungsgef\u00fchl vermitteln, die &hellip; Continued\" \/>\n<meta property=\"og:url\" content=\"https:\/\/janex-jl.pl\/de\/product\/weisse-buchweizengrutze-4x100g\/\" \/>\n<meta property=\"og:site_name\" content=\"Janex\" \/>\n<meta property=\"article:publisher\" content=\"https:\/\/www.facebook.com\/JanexZrodloZdrowia\/\" \/>\n<meta property=\"article:modified_time\" content=\"2026-01-26T09:58:55+00:00\" \/>\n<meta property=\"og:image\" content=\"https:\/\/janex-jl.pl\/wp-content\/uploads\/2022\/11\/GRAFIKI-JANEX-2.png\" \/>\n\t<meta property=\"og:image:width\" content=\"1015\" \/>\n\t<meta property=\"og:image:height\" content=\"1350\" \/>\n\t<meta property=\"og:image:type\" content=\"image\/png\" \/>\n<meta name=\"twitter:card\" content=\"summary_large_image\" \/>\n<script type=\"application\/ld+json\" class=\"yoast-schema-graph\">{\"@context\":\"https:\/\/schema.org\",\"@graph\":[{\"@type\":\"WebPage\",\"@id\":\"https:\/\/janex-jl.pl\/de\/product\/weisse-buchweizengrutze-4x100g\/\",\"url\":\"https:\/\/janex-jl.pl\/de\/product\/weisse-buchweizengrutze-4x100g\/\",\"name\":\"Wei\u00dfe Buchweizengr\u00fctze - Janex\",\"isPartOf\":{\"@id\":\"https:\/\/janex-jl.pl\/#website\"},\"primaryImageOfPage\":{\"@id\":\"https:\/\/janex-jl.pl\/de\/product\/weisse-buchweizengrutze-4x100g\/#primaryimage\"},\"image\":{\"@id\":\"https:\/\/janex-jl.pl\/de\/product\/weisse-buchweizengrutze-4x100g\/#primaryimage\"},\"thumbnailUrl\":\"https:\/\/janex-jl.pl\/wp-content\/uploads\/2022\/11\/GRAFIKI-JANEX-2.png\",\"datePublished\":\"2021-05-04T05:31:57+00:00\",\"dateModified\":\"2026-01-26T09:58:55+00:00\",\"breadcrumb\":{\"@id\":\"https:\/\/janex-jl.pl\/de\/product\/weisse-buchweizengrutze-4x100g\/#breadcrumb\"},\"inLanguage\":\"de\",\"potentialAction\":[{\"@type\":\"ReadAction\",\"target\":[\"https:\/\/janex-jl.pl\/de\/product\/weisse-buchweizengrutze-4x100g\/\"]}]},{\"@type\":\"ImageObject\",\"inLanguage\":\"de\",\"@id\":\"https:\/\/janex-jl.pl\/de\/product\/weisse-buchweizengrutze-4x100g\/#primaryimage\",\"url\":\"https:\/\/janex-jl.pl\/wp-content\/uploads\/2022\/11\/GRAFIKI-JANEX-2.png\",\"contentUrl\":\"https:\/\/janex-jl.pl\/wp-content\/uploads\/2022\/11\/GRAFIKI-JANEX-2.png\",\"width\":1015,\"height\":1350,\"caption\":\"Janex Kasza Gryczana Bia\u0142a 4x100g kasza gryczana niepalona, \u017ar\u00f3d\u0142o b\u0142onnika, produkt polski, czas gotowania 15 minut, opakowanie kartonowe. Janex Kasza Gryczana Bia\u0142a 4x100g, niepra\u017cona kasza gryczana w opakowaniu kartonowym, naturalne \u017ar\u00f3d\u0142o b\u0142onnika, produkt polski, czas gotowania 15 minut.\"},{\"@type\":\"BreadcrumbList\",\"@id\":\"https:\/\/janex-jl.pl\/de\/product\/weisse-buchweizengrutze-4x100g\/#breadcrumb\",\"itemListElement\":[{\"@type\":\"ListItem\",\"position\":1,\"name\":\"Strona g\u0142\u00f3wna\",\"item\":\"https:\/\/janex-jl.pl\/de\/\"},{\"@type\":\"ListItem\",\"position\":2,\"name\":\"Wei\u00dfe Buchweizengr\u00fctze\"}]},{\"@type\":\"WebSite\",\"@id\":\"https:\/\/janex-jl.pl\/#website\",\"url\":\"https:\/\/janex-jl.pl\/\",\"name\":\"Janex \u2013 polski producent kasz\",\"description\":\"Producent kasz\",\"publisher\":{\"@id\":\"https:\/\/janex-jl.pl\/#organization\"},\"potentialAction\":[{\"@type\":\"SearchAction\",\"target\":{\"@type\":\"EntryPoint\",\"urlTemplate\":\"https:\/\/janex-jl.pl\/?s={search_term_string}\"},\"query-input\":{\"@type\":\"PropertyValueSpecification\",\"valueRequired\":true,\"valueName\":\"search_term_string\"}}],\"inLanguage\":\"de\"},{\"@type\":\"Organization\",\"@id\":\"https:\/\/janex-jl.pl\/#organization\",\"name\":\"JANEX POLSKI PRODUCENT KASZ SP\u00d3\u0141KA Z OGRANICZON\u0104 ODPOWIEDZIALNO\u015aCI\u0104\",\"url\":\"https:\/\/janex-jl.pl\/\",\"logo\":{\"@type\":\"ImageObject\",\"inLanguage\":\"de\",\"@id\":\"https:\/\/janex-jl.pl\/#\/schema\/logo\/image\/\",\"url\":\"https:\/\/janex-jl.pl\/wp-content\/uploads\/2021\/04\/janex-logo.svg\",\"contentUrl\":\"https:\/\/janex-jl.pl\/wp-content\/uploads\/2021\/04\/janex-logo.svg\",\"width\":112,\"height\":77,\"caption\":\"JANEX POLSKI PRODUCENT KASZ SP\u00d3\u0141KA Z OGRANICZON\u0104 ODPOWIEDZIALNO\u015aCI\u0104\"},\"image\":{\"@id\":\"https:\/\/janex-jl.pl\/#\/schema\/logo\/image\/\"},\"sameAs\":[\"https:\/\/www.facebook.com\/JanexZrodloZdrowia\/\",\"https:\/\/www.instagram.com\/twoje_zrodlo_zdrowia\/\"]}]}<\/script>\n<!-- \/ Yoast SEO plugin. -->","yoast_head_json":{"title":"Wei\u00dfe Buchweizengr\u00fctze - Janex","robots":{"index":"index","follow":"follow","max-snippet":"max-snippet:-1","max-image-preview":"max-image-preview:large","max-video-preview":"max-video-preview:-1"},"canonical":"https:\/\/janex-jl.pl\/de\/product\/weisse-buchweizengrutze-4x100g\/","og_locale":"de_DE","og_type":"article","og_title":"Wei\u00dfe Buchweizengr\u00fctze - Janex","og_description":"Wei\u00dfe Buchweizengr\u00fctze ist aufgrund ihres geringen Verarbeitungsgrades eine der wertvollsten Gr\u00fctzsorten f\u00fcr den Organismus. Sie hilft, das S\u00e4ure-Basen-Gleichgewicht des K\u00f6rpers aufrechtzuerhalten. Sie stellt eine Quelle f\u00fcr lebensnotwendige Aminos\u00e4uren und Mikroelemente wie Zink, Kupfer, Eisen, Kalium und Mangan dar. Wie die meisten Gr\u00fctzsorten liefert sie die in der Ern\u00e4hrung unverzichtbaren Ballaststoffe, die ein S\u00e4ttigungsgef\u00fchl vermitteln, die &hellip; Continued","og_url":"https:\/\/janex-jl.pl\/de\/product\/weisse-buchweizengrutze-4x100g\/","og_site_name":"Janex","article_publisher":"https:\/\/www.facebook.com\/JanexZrodloZdrowia\/","article_modified_time":"2026-01-26T09:58:55+00:00","og_image":[{"width":1015,"height":1350,"url":"https:\/\/janex-jl.pl\/wp-content\/uploads\/2022\/11\/GRAFIKI-JANEX-2.png","type":"image\/png"}],"twitter_card":"summary_large_image","schema":{"@context":"https:\/\/schema.org","@graph":[{"@type":"WebPage","@id":"https:\/\/janex-jl.pl\/de\/product\/weisse-buchweizengrutze-4x100g\/","url":"https:\/\/janex-jl.pl\/de\/product\/weisse-buchweizengrutze-4x100g\/","name":"Wei\u00dfe Buchweizengr\u00fctze - Janex","isPartOf":{"@id":"https:\/\/janex-jl.pl\/#website"},"primaryImageOfPage":{"@id":"https:\/\/janex-jl.pl\/de\/product\/weisse-buchweizengrutze-4x100g\/#primaryimage"},"image":{"@id":"https:\/\/janex-jl.pl\/de\/product\/weisse-buchweizengrutze-4x100g\/#primaryimage"},"thumbnailUrl":"https:\/\/janex-jl.pl\/wp-content\/uploads\/2022\/11\/GRAFIKI-JANEX-2.png","datePublished":"2021-05-04T05:31:57+00:00","dateModified":"2026-01-26T09:58:55+00:00","breadcrumb":{"@id":"https:\/\/janex-jl.pl\/de\/product\/weisse-buchweizengrutze-4x100g\/#breadcrumb"},"inLanguage":"de","potentialAction":[{"@type":"ReadAction","target":["https:\/\/janex-jl.pl\/de\/product\/weisse-buchweizengrutze-4x100g\/"]}]},{"@type":"ImageObject","inLanguage":"de","@id":"https:\/\/janex-jl.pl\/de\/product\/weisse-buchweizengrutze-4x100g\/#primaryimage","url":"https:\/\/janex-jl.pl\/wp-content\/uploads\/2022\/11\/GRAFIKI-JANEX-2.png","contentUrl":"https:\/\/janex-jl.pl\/wp-content\/uploads\/2022\/11\/GRAFIKI-JANEX-2.png","width":1015,"height":1350,"caption":"Janex Kasza Gryczana Bia\u0142a 4x100g kasza gryczana niepalona, \u017ar\u00f3d\u0142o b\u0142onnika, produkt polski, czas gotowania 15 minut, opakowanie kartonowe. Janex Kasza Gryczana Bia\u0142a 4x100g, niepra\u017cona kasza gryczana w opakowaniu kartonowym, naturalne \u017ar\u00f3d\u0142o b\u0142onnika, produkt polski, czas gotowania 15 minut."},{"@type":"BreadcrumbList","@id":"https:\/\/janex-jl.pl\/de\/product\/weisse-buchweizengrutze-4x100g\/#breadcrumb","itemListElement":[{"@type":"ListItem","position":1,"name":"Strona g\u0142\u00f3wna","item":"https:\/\/janex-jl.pl\/de\/"},{"@type":"ListItem","position":2,"name":"Wei\u00dfe Buchweizengr\u00fctze"}]},{"@type":"WebSite","@id":"https:\/\/janex-jl.pl\/#website","url":"https:\/\/janex-jl.pl\/","name":"Janex \u2013 polski producent kasz","description":"Producent kasz","publisher":{"@id":"https:\/\/janex-jl.pl\/#organization"},"potentialAction":[{"@type":"SearchAction","target":{"@type":"EntryPoint","urlTemplate":"https:\/\/janex-jl.pl\/?s={search_term_string}"},"query-input":{"@type":"PropertyValueSpecification","valueRequired":true,"valueName":"search_term_string"}}],"inLanguage":"de"},{"@type":"Organization","@id":"https:\/\/janex-jl.pl\/#organization","name":"JANEX POLSKI PRODUCENT KASZ SP\u00d3\u0141KA Z OGRANICZON\u0104 ODPOWIEDZIALNO\u015aCI\u0104","url":"https:\/\/janex-jl.pl\/","logo":{"@type":"ImageObject","inLanguage":"de","@id":"https:\/\/janex-jl.pl\/#\/schema\/logo\/image\/","url":"https:\/\/janex-jl.pl\/wp-content\/uploads\/2021\/04\/janex-logo.svg","contentUrl":"https:\/\/janex-jl.pl\/wp-content\/uploads\/2021\/04\/janex-logo.svg","width":112,"height":77,"caption":"JANEX POLSKI PRODUCENT KASZ SP\u00d3\u0141KA Z OGRANICZON\u0104 ODPOWIEDZIALNO\u015aCI\u0104"},"image":{"@id":"https:\/\/janex-jl.pl\/#\/schema\/logo\/image\/"},"sameAs":["https:\/\/www.facebook.com\/JanexZrodloZdrowia\/","https:\/\/www.instagram.com\/twoje_zrodlo_zdrowia\/"]}]}},"_links":{"self":[{"href":"https:\/\/janex-jl.pl\/de\/wp-json\/wp\/v2\/product\/1520","targetHints":{"allow":["GET"]}}],"collection":[{"href":"https:\/\/janex-jl.pl\/de\/wp-json\/wp\/v2\/product"}],"about":[{"href":"https:\/\/janex-jl.pl\/de\/wp-json\/wp\/v2\/types\/product"}],"wp:featuredmedia":[{"embeddable":true,"href":"https:\/\/janex-jl.pl\/de\/wp-json\/wp\/v2\/media\/1368"}],"wp:attachment":[{"href":"https:\/\/janex-jl.pl\/de\/wp-json\/wp\/v2\/media?parent=1520"}],"wp:term":[{"taxonomy":"product_category","embeddable":true,"href":"https:\/\/janex-jl.pl\/de\/wp-json\/wp\/v2\/product_category?post=1520"},{"taxonomy":"weight","embeddable":true,"href":"https:\/\/janex-jl.pl\/de\/wp-json\/wp\/v2\/weight?post=1520"}],"curies":[{"name":"wp","href":"https:\/\/api.w.org\/{rel}","templated":true}]}}