{"id":1512,"date":"2021-04-24T14:16:52","date_gmt":"2021-04-24T12:16:52","guid":{"rendered":"https:\/\/janex-jl.pl\/product\/kasza-gryczana-4x100g\/"},"modified":"2026-01-26T11:53:48","modified_gmt":"2026-01-26T09:53:48","slug":"buchweizengrutze-4x100g","status":"publish","type":"product","link":"https:\/\/janex-jl.pl\/de\/product\/buchweizengrutze-4x100g\/","title":{"rendered":"Buchweizengr\u00fctze"},"content":{"rendered":"\n<p>Ger\u00f6stete Buchweizengr\u00fctze wird aus Buchweizenk\u00f6rnern gewonnen und anschlie\u00dfend einer W\u00e4rmebehandlung unterzogen. Von allen Gr\u00fctzsorten liefert sie am meisten Magnesium, wodurch sie Stress reduziert und das Einschlafen erleichtert. Sie enth\u00e4lt Rutin, wodurch sie die Blutgef\u00e4\u00dfe st\u00e4rkt und abdichtet sowie dem Rei\u00dfen von Kapillaren, Krampfadern und \u00d6demen vorbeugt. Rutin weist zudem gerinnungshemmende Eigenschaften auf, weshalb sie Personen mit einem Risiko f\u00fcr isch\u00e4mische Herzkrankheiten empfohlen wird. Das Buchweizenkorn ist eine wertvolle Zinkquelle, die f\u00fcr den guten Zustand von Haaren, Haut und N\u00e4geln entscheidend ist. Es ist zudem f\u00fcr das Sehverm\u00f6gen und die Immunit\u00e4t des K\u00f6rpers verantwortlich. Die in der Buchweizengr\u00fctze enthaltenen Verbindungen regulieren den Hormonhaushalt und beg\u00fcnstigen die Wirkung von Insulin; ihr Mangel tr\u00e4gt zur Entwicklung von Typ-2-Diabetes bei. Buchweizengr\u00fctze eignet sich hervorragend f\u00fcr die K\u00fcche von Diabetikern und Personen, die \u00fcbersch\u00fcssige Kilos verlieren m\u00f6chten, da sie einen relativ niedrigen glyk\u00e4mischen Index hat und keine pl\u00f6tzlichen Anstiege des Blutzuckerspiegels verursacht. Buchweizenk\u00f6rner enthalten kein Gluten, wodurch Buchweizengr\u00fctze f\u00fcr Menschen mit Z\u00f6liakie sicher ist. Ideal zu Fleisch- und Pilzgerichten, F\u00fcllungen, Piroggen und Gem\u00fcse<\/p>\n\n\n\n<p><\/p>\n","protected":false},"featured_media":1339,"template":"","product_category":[60],"weight":[19],"class_list":["post-1512","product","type-product","status-publish","has-post-thumbnail","hentry","product_category-gruetzen","weight-4-x-100-g"],"acf":[],"yoast_head":"<!-- This site is optimized with the Yoast SEO plugin v26.9 - https:\/\/yoast.com\/product\/yoast-seo-wordpress\/ -->\n<title>Buchweizengr\u00fctze - Janex<\/title>\n<meta name=\"robots\" content=\"index, follow, max-snippet:-1, max-image-preview:large, max-video-preview:-1\" \/>\n<link rel=\"canonical\" href=\"https:\/\/janex-jl.pl\/de\/product\/buchweizengrutze-4x100g\/\" \/>\n<meta property=\"og:locale\" content=\"de_DE\" \/>\n<meta property=\"og:type\" content=\"article\" \/>\n<meta property=\"og:title\" content=\"Buchweizengr\u00fctze - Janex\" \/>\n<meta property=\"og:description\" content=\"Ger\u00f6stete Buchweizengr\u00fctze wird aus Buchweizenk\u00f6rnern gewonnen und anschlie\u00dfend einer W\u00e4rmebehandlung unterzogen. Von allen Gr\u00fctzsorten liefert sie am meisten Magnesium, wodurch sie Stress reduziert und das Einschlafen erleichtert. Sie enth\u00e4lt Rutin, wodurch sie die Blutgef\u00e4\u00dfe st\u00e4rkt und abdichtet sowie dem Rei\u00dfen von Kapillaren, Krampfadern und \u00d6demen vorbeugt. Rutin weist zudem gerinnungshemmende Eigenschaften auf, weshalb sie Personen &hellip; Continued\" \/>\n<meta property=\"og:url\" content=\"https:\/\/janex-jl.pl\/de\/product\/buchweizengrutze-4x100g\/\" \/>\n<meta property=\"og:site_name\" content=\"Janex\" \/>\n<meta property=\"article:publisher\" content=\"https:\/\/www.facebook.com\/JanexZrodloZdrowia\/\" \/>\n<meta property=\"article:modified_time\" content=\"2026-01-26T09:53:48+00:00\" \/>\n<meta property=\"og:image\" content=\"https:\/\/janex-jl.pl\/wp-content\/uploads\/2021\/05\/42.png\" \/>\n\t<meta property=\"og:image:width\" content=\"1015\" \/>\n\t<meta property=\"og:image:height\" content=\"1350\" \/>\n\t<meta property=\"og:image:type\" content=\"image\/png\" \/>\n<meta name=\"twitter:card\" content=\"summary_large_image\" \/>\n<script type=\"application\/ld+json\" class=\"yoast-schema-graph\">{\"@context\":\"https:\/\/schema.org\",\"@graph\":[{\"@type\":\"WebPage\",\"@id\":\"https:\/\/janex-jl.pl\/de\/product\/buchweizengrutze-4x100g\/\",\"url\":\"https:\/\/janex-jl.pl\/de\/product\/buchweizengrutze-4x100g\/\",\"name\":\"Buchweizengr\u00fctze - Janex\",\"isPartOf\":{\"@id\":\"https:\/\/janex-jl.pl\/#website\"},\"primaryImageOfPage\":{\"@id\":\"https:\/\/janex-jl.pl\/de\/product\/buchweizengrutze-4x100g\/#primaryimage\"},\"image\":{\"@id\":\"https:\/\/janex-jl.pl\/de\/product\/buchweizengrutze-4x100g\/#primaryimage\"},\"thumbnailUrl\":\"https:\/\/janex-jl.pl\/wp-content\/uploads\/2021\/05\/42.png\",\"datePublished\":\"2021-04-24T12:16:52+00:00\",\"dateModified\":\"2026-01-26T09:53:48+00:00\",\"breadcrumb\":{\"@id\":\"https:\/\/janex-jl.pl\/de\/product\/buchweizengrutze-4x100g\/#breadcrumb\"},\"inLanguage\":\"de\",\"potentialAction\":[{\"@type\":\"ReadAction\",\"target\":[\"https:\/\/janex-jl.pl\/de\/product\/buchweizengrutze-4x100g\/\"]}]},{\"@type\":\"ImageObject\",\"inLanguage\":\"de\",\"@id\":\"https:\/\/janex-jl.pl\/de\/product\/buchweizengrutze-4x100g\/#primaryimage\",\"url\":\"https:\/\/janex-jl.pl\/wp-content\/uploads\/2021\/05\/42.png\",\"contentUrl\":\"https:\/\/janex-jl.pl\/wp-content\/uploads\/2021\/05\/42.png\",\"width\":1015,\"height\":1350},{\"@type\":\"BreadcrumbList\",\"@id\":\"https:\/\/janex-jl.pl\/de\/product\/buchweizengrutze-4x100g\/#breadcrumb\",\"itemListElement\":[{\"@type\":\"ListItem\",\"position\":1,\"name\":\"Strona g\u0142\u00f3wna\",\"item\":\"https:\/\/janex-jl.pl\/de\/\"},{\"@type\":\"ListItem\",\"position\":2,\"name\":\"Buchweizengr\u00fctze\"}]},{\"@type\":\"WebSite\",\"@id\":\"https:\/\/janex-jl.pl\/#website\",\"url\":\"https:\/\/janex-jl.pl\/\",\"name\":\"Janex \u2013 polski producent kasz\",\"description\":\"Producent kasz\",\"publisher\":{\"@id\":\"https:\/\/janex-jl.pl\/#organization\"},\"potentialAction\":[{\"@type\":\"SearchAction\",\"target\":{\"@type\":\"EntryPoint\",\"urlTemplate\":\"https:\/\/janex-jl.pl\/?s={search_term_string}\"},\"query-input\":{\"@type\":\"PropertyValueSpecification\",\"valueRequired\":true,\"valueName\":\"search_term_string\"}}],\"inLanguage\":\"de\"},{\"@type\":\"Organization\",\"@id\":\"https:\/\/janex-jl.pl\/#organization\",\"name\":\"JANEX POLSKI PRODUCENT KASZ SP\u00d3\u0141KA Z OGRANICZON\u0104 ODPOWIEDZIALNO\u015aCI\u0104\",\"url\":\"https:\/\/janex-jl.pl\/\",\"logo\":{\"@type\":\"ImageObject\",\"inLanguage\":\"de\",\"@id\":\"https:\/\/janex-jl.pl\/#\/schema\/logo\/image\/\",\"url\":\"https:\/\/janex-jl.pl\/wp-content\/uploads\/2021\/04\/janex-logo.svg\",\"contentUrl\":\"https:\/\/janex-jl.pl\/wp-content\/uploads\/2021\/04\/janex-logo.svg\",\"width\":112,\"height\":77,\"caption\":\"JANEX POLSKI PRODUCENT KASZ SP\u00d3\u0141KA Z OGRANICZON\u0104 ODPOWIEDZIALNO\u015aCI\u0104\"},\"image\":{\"@id\":\"https:\/\/janex-jl.pl\/#\/schema\/logo\/image\/\"},\"sameAs\":[\"https:\/\/www.facebook.com\/JanexZrodloZdrowia\/\",\"https:\/\/www.instagram.com\/twoje_zrodlo_zdrowia\/\"]}]}<\/script>\n<!-- \/ Yoast SEO plugin. -->","yoast_head_json":{"title":"Buchweizengr\u00fctze - Janex","robots":{"index":"index","follow":"follow","max-snippet":"max-snippet:-1","max-image-preview":"max-image-preview:large","max-video-preview":"max-video-preview:-1"},"canonical":"https:\/\/janex-jl.pl\/de\/product\/buchweizengrutze-4x100g\/","og_locale":"de_DE","og_type":"article","og_title":"Buchweizengr\u00fctze - Janex","og_description":"Ger\u00f6stete Buchweizengr\u00fctze wird aus Buchweizenk\u00f6rnern gewonnen und anschlie\u00dfend einer W\u00e4rmebehandlung unterzogen. Von allen Gr\u00fctzsorten liefert sie am meisten Magnesium, wodurch sie Stress reduziert und das Einschlafen erleichtert. Sie enth\u00e4lt Rutin, wodurch sie die Blutgef\u00e4\u00dfe st\u00e4rkt und abdichtet sowie dem Rei\u00dfen von Kapillaren, Krampfadern und \u00d6demen vorbeugt. Rutin weist zudem gerinnungshemmende Eigenschaften auf, weshalb sie Personen &hellip; Continued","og_url":"https:\/\/janex-jl.pl\/de\/product\/buchweizengrutze-4x100g\/","og_site_name":"Janex","article_publisher":"https:\/\/www.facebook.com\/JanexZrodloZdrowia\/","article_modified_time":"2026-01-26T09:53:48+00:00","og_image":[{"width":1015,"height":1350,"url":"https:\/\/janex-jl.pl\/wp-content\/uploads\/2021\/05\/42.png","type":"image\/png"}],"twitter_card":"summary_large_image","schema":{"@context":"https:\/\/schema.org","@graph":[{"@type":"WebPage","@id":"https:\/\/janex-jl.pl\/de\/product\/buchweizengrutze-4x100g\/","url":"https:\/\/janex-jl.pl\/de\/product\/buchweizengrutze-4x100g\/","name":"Buchweizengr\u00fctze - Janex","isPartOf":{"@id":"https:\/\/janex-jl.pl\/#website"},"primaryImageOfPage":{"@id":"https:\/\/janex-jl.pl\/de\/product\/buchweizengrutze-4x100g\/#primaryimage"},"image":{"@id":"https:\/\/janex-jl.pl\/de\/product\/buchweizengrutze-4x100g\/#primaryimage"},"thumbnailUrl":"https:\/\/janex-jl.pl\/wp-content\/uploads\/2021\/05\/42.png","datePublished":"2021-04-24T12:16:52+00:00","dateModified":"2026-01-26T09:53:48+00:00","breadcrumb":{"@id":"https:\/\/janex-jl.pl\/de\/product\/buchweizengrutze-4x100g\/#breadcrumb"},"inLanguage":"de","potentialAction":[{"@type":"ReadAction","target":["https:\/\/janex-jl.pl\/de\/product\/buchweizengrutze-4x100g\/"]}]},{"@type":"ImageObject","inLanguage":"de","@id":"https:\/\/janex-jl.pl\/de\/product\/buchweizengrutze-4x100g\/#primaryimage","url":"https:\/\/janex-jl.pl\/wp-content\/uploads\/2021\/05\/42.png","contentUrl":"https:\/\/janex-jl.pl\/wp-content\/uploads\/2021\/05\/42.png","width":1015,"height":1350},{"@type":"BreadcrumbList","@id":"https:\/\/janex-jl.pl\/de\/product\/buchweizengrutze-4x100g\/#breadcrumb","itemListElement":[{"@type":"ListItem","position":1,"name":"Strona g\u0142\u00f3wna","item":"https:\/\/janex-jl.pl\/de\/"},{"@type":"ListItem","position":2,"name":"Buchweizengr\u00fctze"}]},{"@type":"WebSite","@id":"https:\/\/janex-jl.pl\/#website","url":"https:\/\/janex-jl.pl\/","name":"Janex \u2013 polski producent kasz","description":"Producent kasz","publisher":{"@id":"https:\/\/janex-jl.pl\/#organization"},"potentialAction":[{"@type":"SearchAction","target":{"@type":"EntryPoint","urlTemplate":"https:\/\/janex-jl.pl\/?s={search_term_string}"},"query-input":{"@type":"PropertyValueSpecification","valueRequired":true,"valueName":"search_term_string"}}],"inLanguage":"de"},{"@type":"Organization","@id":"https:\/\/janex-jl.pl\/#organization","name":"JANEX POLSKI PRODUCENT KASZ SP\u00d3\u0141KA Z OGRANICZON\u0104 ODPOWIEDZIALNO\u015aCI\u0104","url":"https:\/\/janex-jl.pl\/","logo":{"@type":"ImageObject","inLanguage":"de","@id":"https:\/\/janex-jl.pl\/#\/schema\/logo\/image\/","url":"https:\/\/janex-jl.pl\/wp-content\/uploads\/2021\/04\/janex-logo.svg","contentUrl":"https:\/\/janex-jl.pl\/wp-content\/uploads\/2021\/04\/janex-logo.svg","width":112,"height":77,"caption":"JANEX POLSKI PRODUCENT KASZ SP\u00d3\u0141KA Z OGRANICZON\u0104 ODPOWIEDZIALNO\u015aCI\u0104"},"image":{"@id":"https:\/\/janex-jl.pl\/#\/schema\/logo\/image\/"},"sameAs":["https:\/\/www.facebook.com\/JanexZrodloZdrowia\/","https:\/\/www.instagram.com\/twoje_zrodlo_zdrowia\/"]}]}},"_links":{"self":[{"href":"https:\/\/janex-jl.pl\/de\/wp-json\/wp\/v2\/product\/1512","targetHints":{"allow":["GET"]}}],"collection":[{"href":"https:\/\/janex-jl.pl\/de\/wp-json\/wp\/v2\/product"}],"about":[{"href":"https:\/\/janex-jl.pl\/de\/wp-json\/wp\/v2\/types\/product"}],"wp:featuredmedia":[{"embeddable":true,"href":"https:\/\/janex-jl.pl\/de\/wp-json\/wp\/v2\/media\/1339"}],"wp:attachment":[{"href":"https:\/\/janex-jl.pl\/de\/wp-json\/wp\/v2\/media?parent=1512"}],"wp:term":[{"taxonomy":"product_category","embeddable":true,"href":"https:\/\/janex-jl.pl\/de\/wp-json\/wp\/v2\/product_category?post=1512"},{"taxonomy":"weight","embeddable":true,"href":"https:\/\/janex-jl.pl\/de\/wp-json\/wp\/v2\/weight?post=1512"}],"curies":[{"name":"wp","href":"https:\/\/api.w.org\/{rel}","templated":true}]}}