{"id":1506,"date":"2021-05-05T15:08:12","date_gmt":"2021-05-05T13:08:12","guid":{"rendered":"https:\/\/janex-jl.pl\/product\/kasza-jaglana-400g\/"},"modified":"2026-01-26T11:47:26","modified_gmt":"2026-01-26T09:47:26","slug":"hirsegrutze-400g","status":"publish","type":"product","link":"https:\/\/janex-jl.pl\/de\/product\/hirsegrutze-400g\/","title":{"rendered":"Hirsegr\u00fctze"},"content":{"rendered":"\n<p>Gewonnen aus Hirsek\u00f6rnern. Sie gilt als eine der ges\u00fcndesten Gr\u00fctzsorten und weist eine basische Wirkung auf. Aufgrund ihres hohen Eisengehalts wird sie f\u00fcr die Ern\u00e4hrung von Schwangeren, Kindern und Personen mit An\u00e4mie empfohlen. Inhaltsstoffe wie Zink, Eisen und Silizium beeinflussen das ordnungsgem\u00e4\u00dfe Funktionieren des Immunsystems und senken das Krankheitsrisiko. Das in der Hirsegr\u00fctze enthaltene Lecithin verbessert Ged\u00e4chtnis und Konzentration und senkt den Cholesterin- sowie Triglyceridspiegel. Eine angemessene Zufuhr reduziert das Risiko von Schlaganf\u00e4llen und Herzinfarkten und reguliert zudem den Hormonhaushalt bei Frauen. Sie enth\u00e4lt kein Gluten, weshalb sie f\u00fcr Menschen mit Z\u00f6liakie und Glutensensitivit\u00e4t sicher ist. Ideal f\u00fcr Fleisch- und Gem\u00fcsegerichte, Desserts und Milchfr\u00fchst\u00fccke.<\/p>\n\n\n\n<p><\/p>\n","protected":false},"featured_media":1145,"template":"","product_category":[60],"weight":[14],"class_list":["post-1506","product","type-product","status-publish","has-post-thumbnail","hentry","product_category-gruetzen","weight-400-g"],"acf":[],"yoast_head":"<!-- This site is optimized with the Yoast SEO plugin v26.9 - https:\/\/yoast.com\/product\/yoast-seo-wordpress\/ -->\n<title>Hirsegr\u00fctze - Janex<\/title>\n<meta name=\"robots\" content=\"index, follow, max-snippet:-1, max-image-preview:large, max-video-preview:-1\" \/>\n<link rel=\"canonical\" href=\"https:\/\/janex-jl.pl\/de\/product\/hirsegrutze-400g\/\" \/>\n<meta property=\"og:locale\" content=\"de_DE\" \/>\n<meta property=\"og:type\" content=\"article\" \/>\n<meta property=\"og:title\" content=\"Hirsegr\u00fctze - Janex\" \/>\n<meta property=\"og:description\" content=\"Gewonnen aus Hirsek\u00f6rnern. Sie gilt als eine der ges\u00fcndesten Gr\u00fctzsorten und weist eine basische Wirkung auf. Aufgrund ihres hohen Eisengehalts wird sie f\u00fcr die Ern\u00e4hrung von Schwangeren, Kindern und Personen mit An\u00e4mie empfohlen. Inhaltsstoffe wie Zink, Eisen und Silizium beeinflussen das ordnungsgem\u00e4\u00dfe Funktionieren des Immunsystems und senken das Krankheitsrisiko. Das in der Hirsegr\u00fctze enthaltene Lecithin &hellip; Continued\" \/>\n<meta property=\"og:url\" content=\"https:\/\/janex-jl.pl\/de\/product\/hirsegrutze-400g\/\" \/>\n<meta property=\"og:site_name\" content=\"Janex\" \/>\n<meta property=\"article:publisher\" content=\"https:\/\/www.facebook.com\/JanexZrodloZdrowia\/\" \/>\n<meta property=\"article:modified_time\" content=\"2026-01-26T09:47:26+00:00\" \/>\n<meta property=\"og:image\" content=\"https:\/\/janex-jl.pl\/wp-content\/uploads\/2021\/05\/new-kasza-jaglana-400g-Janex.jpg\" \/>\n\t<meta property=\"og:image:width\" content=\"548\" \/>\n\t<meta property=\"og:image:height\" content=\"768\" \/>\n\t<meta property=\"og:image:type\" content=\"image\/jpeg\" \/>\n<meta name=\"twitter:card\" content=\"summary_large_image\" \/>\n<script type=\"application\/ld+json\" class=\"yoast-schema-graph\">{\"@context\":\"https:\/\/schema.org\",\"@graph\":[{\"@type\":\"WebPage\",\"@id\":\"https:\/\/janex-jl.pl\/de\/product\/hirsegrutze-400g\/\",\"url\":\"https:\/\/janex-jl.pl\/de\/product\/hirsegrutze-400g\/\",\"name\":\"Hirsegr\u00fctze - Janex\",\"isPartOf\":{\"@id\":\"https:\/\/janex-jl.pl\/#website\"},\"primaryImageOfPage\":{\"@id\":\"https:\/\/janex-jl.pl\/de\/product\/hirsegrutze-400g\/#primaryimage\"},\"image\":{\"@id\":\"https:\/\/janex-jl.pl\/de\/product\/hirsegrutze-400g\/#primaryimage\"},\"thumbnailUrl\":\"https:\/\/janex-jl.pl\/wp-content\/uploads\/2021\/05\/new-kasza-jaglana-400g-Janex.jpg\",\"datePublished\":\"2021-05-05T13:08:12+00:00\",\"dateModified\":\"2026-01-26T09:47:26+00:00\",\"breadcrumb\":{\"@id\":\"https:\/\/janex-jl.pl\/de\/product\/hirsegrutze-400g\/#breadcrumb\"},\"inLanguage\":\"de\",\"potentialAction\":[{\"@type\":\"ReadAction\",\"target\":[\"https:\/\/janex-jl.pl\/de\/product\/hirsegrutze-400g\/\"]}]},{\"@type\":\"ImageObject\",\"inLanguage\":\"de\",\"@id\":\"https:\/\/janex-jl.pl\/de\/product\/hirsegrutze-400g\/#primaryimage\",\"url\":\"https:\/\/janex-jl.pl\/wp-content\/uploads\/2021\/05\/new-kasza-jaglana-400g-Janex.jpg\",\"contentUrl\":\"https:\/\/janex-jl.pl\/wp-content\/uploads\/2021\/05\/new-kasza-jaglana-400g-Janex.jpg\",\"width\":548,\"height\":768},{\"@type\":\"BreadcrumbList\",\"@id\":\"https:\/\/janex-jl.pl\/de\/product\/hirsegrutze-400g\/#breadcrumb\",\"itemListElement\":[{\"@type\":\"ListItem\",\"position\":1,\"name\":\"Strona g\u0142\u00f3wna\",\"item\":\"https:\/\/janex-jl.pl\/de\/\"},{\"@type\":\"ListItem\",\"position\":2,\"name\":\"Hirsegr\u00fctze\"}]},{\"@type\":\"WebSite\",\"@id\":\"https:\/\/janex-jl.pl\/#website\",\"url\":\"https:\/\/janex-jl.pl\/\",\"name\":\"Janex \u2013 polski producent kasz\",\"description\":\"Producent kasz\",\"publisher\":{\"@id\":\"https:\/\/janex-jl.pl\/#organization\"},\"potentialAction\":[{\"@type\":\"SearchAction\",\"target\":{\"@type\":\"EntryPoint\",\"urlTemplate\":\"https:\/\/janex-jl.pl\/?s={search_term_string}\"},\"query-input\":{\"@type\":\"PropertyValueSpecification\",\"valueRequired\":true,\"valueName\":\"search_term_string\"}}],\"inLanguage\":\"de\"},{\"@type\":\"Organization\",\"@id\":\"https:\/\/janex-jl.pl\/#organization\",\"name\":\"JANEX POLSKI PRODUCENT KASZ SP\u00d3\u0141KA Z OGRANICZON\u0104 ODPOWIEDZIALNO\u015aCI\u0104\",\"url\":\"https:\/\/janex-jl.pl\/\",\"logo\":{\"@type\":\"ImageObject\",\"inLanguage\":\"de\",\"@id\":\"https:\/\/janex-jl.pl\/#\/schema\/logo\/image\/\",\"url\":\"https:\/\/janex-jl.pl\/wp-content\/uploads\/2021\/04\/janex-logo.svg\",\"contentUrl\":\"https:\/\/janex-jl.pl\/wp-content\/uploads\/2021\/04\/janex-logo.svg\",\"width\":112,\"height\":77,\"caption\":\"JANEX POLSKI PRODUCENT KASZ SP\u00d3\u0141KA Z OGRANICZON\u0104 ODPOWIEDZIALNO\u015aCI\u0104\"},\"image\":{\"@id\":\"https:\/\/janex-jl.pl\/#\/schema\/logo\/image\/\"},\"sameAs\":[\"https:\/\/www.facebook.com\/JanexZrodloZdrowia\/\",\"https:\/\/www.instagram.com\/twoje_zrodlo_zdrowia\/\"]}]}<\/script>\n<!-- \/ Yoast SEO plugin. -->","yoast_head_json":{"title":"Hirsegr\u00fctze - Janex","robots":{"index":"index","follow":"follow","max-snippet":"max-snippet:-1","max-image-preview":"max-image-preview:large","max-video-preview":"max-video-preview:-1"},"canonical":"https:\/\/janex-jl.pl\/de\/product\/hirsegrutze-400g\/","og_locale":"de_DE","og_type":"article","og_title":"Hirsegr\u00fctze - Janex","og_description":"Gewonnen aus Hirsek\u00f6rnern. Sie gilt als eine der ges\u00fcndesten Gr\u00fctzsorten und weist eine basische Wirkung auf. Aufgrund ihres hohen Eisengehalts wird sie f\u00fcr die Ern\u00e4hrung von Schwangeren, Kindern und Personen mit An\u00e4mie empfohlen. Inhaltsstoffe wie Zink, Eisen und Silizium beeinflussen das ordnungsgem\u00e4\u00dfe Funktionieren des Immunsystems und senken das Krankheitsrisiko. Das in der Hirsegr\u00fctze enthaltene Lecithin &hellip; Continued","og_url":"https:\/\/janex-jl.pl\/de\/product\/hirsegrutze-400g\/","og_site_name":"Janex","article_publisher":"https:\/\/www.facebook.com\/JanexZrodloZdrowia\/","article_modified_time":"2026-01-26T09:47:26+00:00","og_image":[{"width":548,"height":768,"url":"https:\/\/janex-jl.pl\/wp-content\/uploads\/2021\/05\/new-kasza-jaglana-400g-Janex.jpg","type":"image\/jpeg"}],"twitter_card":"summary_large_image","schema":{"@context":"https:\/\/schema.org","@graph":[{"@type":"WebPage","@id":"https:\/\/janex-jl.pl\/de\/product\/hirsegrutze-400g\/","url":"https:\/\/janex-jl.pl\/de\/product\/hirsegrutze-400g\/","name":"Hirsegr\u00fctze - Janex","isPartOf":{"@id":"https:\/\/janex-jl.pl\/#website"},"primaryImageOfPage":{"@id":"https:\/\/janex-jl.pl\/de\/product\/hirsegrutze-400g\/#primaryimage"},"image":{"@id":"https:\/\/janex-jl.pl\/de\/product\/hirsegrutze-400g\/#primaryimage"},"thumbnailUrl":"https:\/\/janex-jl.pl\/wp-content\/uploads\/2021\/05\/new-kasza-jaglana-400g-Janex.jpg","datePublished":"2021-05-05T13:08:12+00:00","dateModified":"2026-01-26T09:47:26+00:00","breadcrumb":{"@id":"https:\/\/janex-jl.pl\/de\/product\/hirsegrutze-400g\/#breadcrumb"},"inLanguage":"de","potentialAction":[{"@type":"ReadAction","target":["https:\/\/janex-jl.pl\/de\/product\/hirsegrutze-400g\/"]}]},{"@type":"ImageObject","inLanguage":"de","@id":"https:\/\/janex-jl.pl\/de\/product\/hirsegrutze-400g\/#primaryimage","url":"https:\/\/janex-jl.pl\/wp-content\/uploads\/2021\/05\/new-kasza-jaglana-400g-Janex.jpg","contentUrl":"https:\/\/janex-jl.pl\/wp-content\/uploads\/2021\/05\/new-kasza-jaglana-400g-Janex.jpg","width":548,"height":768},{"@type":"BreadcrumbList","@id":"https:\/\/janex-jl.pl\/de\/product\/hirsegrutze-400g\/#breadcrumb","itemListElement":[{"@type":"ListItem","position":1,"name":"Strona g\u0142\u00f3wna","item":"https:\/\/janex-jl.pl\/de\/"},{"@type":"ListItem","position":2,"name":"Hirsegr\u00fctze"}]},{"@type":"WebSite","@id":"https:\/\/janex-jl.pl\/#website","url":"https:\/\/janex-jl.pl\/","name":"Janex \u2013 polski producent kasz","description":"Producent kasz","publisher":{"@id":"https:\/\/janex-jl.pl\/#organization"},"potentialAction":[{"@type":"SearchAction","target":{"@type":"EntryPoint","urlTemplate":"https:\/\/janex-jl.pl\/?s={search_term_string}"},"query-input":{"@type":"PropertyValueSpecification","valueRequired":true,"valueName":"search_term_string"}}],"inLanguage":"de"},{"@type":"Organization","@id":"https:\/\/janex-jl.pl\/#organization","name":"JANEX POLSKI PRODUCENT KASZ SP\u00d3\u0141KA Z OGRANICZON\u0104 ODPOWIEDZIALNO\u015aCI\u0104","url":"https:\/\/janex-jl.pl\/","logo":{"@type":"ImageObject","inLanguage":"de","@id":"https:\/\/janex-jl.pl\/#\/schema\/logo\/image\/","url":"https:\/\/janex-jl.pl\/wp-content\/uploads\/2021\/04\/janex-logo.svg","contentUrl":"https:\/\/janex-jl.pl\/wp-content\/uploads\/2021\/04\/janex-logo.svg","width":112,"height":77,"caption":"JANEX POLSKI PRODUCENT KASZ SP\u00d3\u0141KA Z OGRANICZON\u0104 ODPOWIEDZIALNO\u015aCI\u0104"},"image":{"@id":"https:\/\/janex-jl.pl\/#\/schema\/logo\/image\/"},"sameAs":["https:\/\/www.facebook.com\/JanexZrodloZdrowia\/","https:\/\/www.instagram.com\/twoje_zrodlo_zdrowia\/"]}]}},"_links":{"self":[{"href":"https:\/\/janex-jl.pl\/de\/wp-json\/wp\/v2\/product\/1506","targetHints":{"allow":["GET"]}}],"collection":[{"href":"https:\/\/janex-jl.pl\/de\/wp-json\/wp\/v2\/product"}],"about":[{"href":"https:\/\/janex-jl.pl\/de\/wp-json\/wp\/v2\/types\/product"}],"wp:featuredmedia":[{"embeddable":true,"href":"https:\/\/janex-jl.pl\/de\/wp-json\/wp\/v2\/media\/1145"}],"wp:attachment":[{"href":"https:\/\/janex-jl.pl\/de\/wp-json\/wp\/v2\/media?parent=1506"}],"wp:term":[{"taxonomy":"product_category","embeddable":true,"href":"https:\/\/janex-jl.pl\/de\/wp-json\/wp\/v2\/product_category?post=1506"},{"taxonomy":"weight","embeddable":true,"href":"https:\/\/janex-jl.pl\/de\/wp-json\/wp\/v2\/weight?post=1506"}],"curies":[{"name":"wp","href":"https:\/\/api.w.org\/{rel}","templated":true}]}}