{"id":1502,"date":"2021-05-19T13:17:30","date_gmt":"2021-05-19T11:17:30","guid":{"rendered":"https:\/\/janex-jl.pl\/product\/kasza-manna-400g\/"},"modified":"2026-01-26T11:43:12","modified_gmt":"2026-01-26T09:43:12","slug":"griess-400g","status":"publish","type":"product","link":"https:\/\/janex-jl.pl\/de\/product\/griess-400g\/","title":{"rendered":"Grie\u00df"},"content":{"rendered":"\n<p>Grie\u00df \u2013 hergestellt aus Weizenk\u00f6rnern. Er ist der erste glutenhaltige Brei in der Ern\u00e4hrung von S\u00e4uglingen und wird zudem bei Erkrankungen des Verdauungstrakts sowie in einer ballaststoffarmen Di\u00e4t eingesetzt. Er hat einen milden Geschmack und zahlreiche Verwendungsm\u00f6glichkeiten in der K\u00fcche, als eigenst\u00e4ndige Speise oder als Bindemittel f\u00fcr Kuchen, Puddings, Fleischwaren und Suppen. Er eignet sich hervorragend f\u00fcr feine Fruchtdesserts.<\/p>\n\n\n\n<p><\/p>\n","protected":false},"featured_media":1191,"template":"","product_category":[60],"weight":[14],"class_list":["post-1502","product","type-product","status-publish","has-post-thumbnail","hentry","product_category-gruetzen","weight-400-g"],"acf":[],"yoast_head":"<!-- This site is optimized with the Yoast SEO plugin v26.9 - https:\/\/yoast.com\/product\/yoast-seo-wordpress\/ -->\n<title>Grie\u00df - Janex<\/title>\n<meta name=\"robots\" content=\"index, follow, max-snippet:-1, max-image-preview:large, max-video-preview:-1\" \/>\n<link rel=\"canonical\" href=\"https:\/\/janex-jl.pl\/de\/product\/griess-400g\/\" \/>\n<meta property=\"og:locale\" content=\"de_DE\" \/>\n<meta property=\"og:type\" content=\"article\" \/>\n<meta property=\"og:title\" content=\"Grie\u00df - Janex\" \/>\n<meta property=\"og:description\" content=\"Grie\u00df \u2013 hergestellt aus Weizenk\u00f6rnern. Er ist der erste glutenhaltige Brei in der Ern\u00e4hrung von S\u00e4uglingen und wird zudem bei Erkrankungen des Verdauungstrakts sowie in einer ballaststoffarmen Di\u00e4t eingesetzt. Er hat einen milden Geschmack und zahlreiche Verwendungsm\u00f6glichkeiten in der K\u00fcche, als eigenst\u00e4ndige Speise oder als Bindemittel f\u00fcr Kuchen, Puddings, Fleischwaren und Suppen. Er eignet sich &hellip; Continued\" \/>\n<meta property=\"og:url\" content=\"https:\/\/janex-jl.pl\/de\/product\/griess-400g\/\" \/>\n<meta property=\"og:site_name\" content=\"Janex\" \/>\n<meta property=\"article:publisher\" content=\"https:\/\/www.facebook.com\/JanexZrodloZdrowia\/\" \/>\n<meta property=\"article:modified_time\" content=\"2026-01-26T09:43:12+00:00\" \/>\n<meta property=\"og:image\" content=\"https:\/\/janex-jl.pl\/wp-content\/uploads\/2021\/05\/kasza-manna-400g.jpg\" \/>\n\t<meta property=\"og:image:width\" content=\"737\" \/>\n\t<meta property=\"og:image:height\" content=\"887\" \/>\n\t<meta property=\"og:image:type\" content=\"image\/jpeg\" \/>\n<meta name=\"twitter:card\" content=\"summary_large_image\" \/>\n<script type=\"application\/ld+json\" class=\"yoast-schema-graph\">{\"@context\":\"https:\/\/schema.org\",\"@graph\":[{\"@type\":\"WebPage\",\"@id\":\"https:\/\/janex-jl.pl\/de\/product\/griess-400g\/\",\"url\":\"https:\/\/janex-jl.pl\/de\/product\/griess-400g\/\",\"name\":\"Grie\u00df - Janex\",\"isPartOf\":{\"@id\":\"https:\/\/janex-jl.pl\/#website\"},\"primaryImageOfPage\":{\"@id\":\"https:\/\/janex-jl.pl\/de\/product\/griess-400g\/#primaryimage\"},\"image\":{\"@id\":\"https:\/\/janex-jl.pl\/de\/product\/griess-400g\/#primaryimage\"},\"thumbnailUrl\":\"https:\/\/janex-jl.pl\/wp-content\/uploads\/2021\/05\/kasza-manna-400g.jpg\",\"datePublished\":\"2021-05-19T11:17:30+00:00\",\"dateModified\":\"2026-01-26T09:43:12+00:00\",\"breadcrumb\":{\"@id\":\"https:\/\/janex-jl.pl\/de\/product\/griess-400g\/#breadcrumb\"},\"inLanguage\":\"de\",\"potentialAction\":[{\"@type\":\"ReadAction\",\"target\":[\"https:\/\/janex-jl.pl\/de\/product\/griess-400g\/\"]}]},{\"@type\":\"ImageObject\",\"inLanguage\":\"de\",\"@id\":\"https:\/\/janex-jl.pl\/de\/product\/griess-400g\/#primaryimage\",\"url\":\"https:\/\/janex-jl.pl\/wp-content\/uploads\/2021\/05\/kasza-manna-400g.jpg\",\"contentUrl\":\"https:\/\/janex-jl.pl\/wp-content\/uploads\/2021\/05\/kasza-manna-400g.jpg\",\"width\":737,\"height\":887},{\"@type\":\"BreadcrumbList\",\"@id\":\"https:\/\/janex-jl.pl\/de\/product\/griess-400g\/#breadcrumb\",\"itemListElement\":[{\"@type\":\"ListItem\",\"position\":1,\"name\":\"Strona g\u0142\u00f3wna\",\"item\":\"https:\/\/janex-jl.pl\/de\/\"},{\"@type\":\"ListItem\",\"position\":2,\"name\":\"Grie\u00df\"}]},{\"@type\":\"WebSite\",\"@id\":\"https:\/\/janex-jl.pl\/#website\",\"url\":\"https:\/\/janex-jl.pl\/\",\"name\":\"Janex \u2013 polski producent kasz\",\"description\":\"Producent kasz\",\"publisher\":{\"@id\":\"https:\/\/janex-jl.pl\/#organization\"},\"potentialAction\":[{\"@type\":\"SearchAction\",\"target\":{\"@type\":\"EntryPoint\",\"urlTemplate\":\"https:\/\/janex-jl.pl\/?s={search_term_string}\"},\"query-input\":{\"@type\":\"PropertyValueSpecification\",\"valueRequired\":true,\"valueName\":\"search_term_string\"}}],\"inLanguage\":\"de\"},{\"@type\":\"Organization\",\"@id\":\"https:\/\/janex-jl.pl\/#organization\",\"name\":\"JANEX POLSKI PRODUCENT KASZ SP\u00d3\u0141KA Z OGRANICZON\u0104 ODPOWIEDZIALNO\u015aCI\u0104\",\"url\":\"https:\/\/janex-jl.pl\/\",\"logo\":{\"@type\":\"ImageObject\",\"inLanguage\":\"de\",\"@id\":\"https:\/\/janex-jl.pl\/#\/schema\/logo\/image\/\",\"url\":\"https:\/\/janex-jl.pl\/wp-content\/uploads\/2021\/04\/janex-logo.svg\",\"contentUrl\":\"https:\/\/janex-jl.pl\/wp-content\/uploads\/2021\/04\/janex-logo.svg\",\"width\":112,\"height\":77,\"caption\":\"JANEX POLSKI PRODUCENT KASZ SP\u00d3\u0141KA Z OGRANICZON\u0104 ODPOWIEDZIALNO\u015aCI\u0104\"},\"image\":{\"@id\":\"https:\/\/janex-jl.pl\/#\/schema\/logo\/image\/\"},\"sameAs\":[\"https:\/\/www.facebook.com\/JanexZrodloZdrowia\/\",\"https:\/\/www.instagram.com\/twoje_zrodlo_zdrowia\/\"]}]}<\/script>\n<!-- \/ Yoast SEO plugin. -->","yoast_head_json":{"title":"Grie\u00df - Janex","robots":{"index":"index","follow":"follow","max-snippet":"max-snippet:-1","max-image-preview":"max-image-preview:large","max-video-preview":"max-video-preview:-1"},"canonical":"https:\/\/janex-jl.pl\/de\/product\/griess-400g\/","og_locale":"de_DE","og_type":"article","og_title":"Grie\u00df - Janex","og_description":"Grie\u00df \u2013 hergestellt aus Weizenk\u00f6rnern. Er ist der erste glutenhaltige Brei in der Ern\u00e4hrung von S\u00e4uglingen und wird zudem bei Erkrankungen des Verdauungstrakts sowie in einer ballaststoffarmen Di\u00e4t eingesetzt. Er hat einen milden Geschmack und zahlreiche Verwendungsm\u00f6glichkeiten in der K\u00fcche, als eigenst\u00e4ndige Speise oder als Bindemittel f\u00fcr Kuchen, Puddings, Fleischwaren und Suppen. Er eignet sich &hellip; Continued","og_url":"https:\/\/janex-jl.pl\/de\/product\/griess-400g\/","og_site_name":"Janex","article_publisher":"https:\/\/www.facebook.com\/JanexZrodloZdrowia\/","article_modified_time":"2026-01-26T09:43:12+00:00","og_image":[{"width":737,"height":887,"url":"https:\/\/janex-jl.pl\/wp-content\/uploads\/2021\/05\/kasza-manna-400g.jpg","type":"image\/jpeg"}],"twitter_card":"summary_large_image","schema":{"@context":"https:\/\/schema.org","@graph":[{"@type":"WebPage","@id":"https:\/\/janex-jl.pl\/de\/product\/griess-400g\/","url":"https:\/\/janex-jl.pl\/de\/product\/griess-400g\/","name":"Grie\u00df - Janex","isPartOf":{"@id":"https:\/\/janex-jl.pl\/#website"},"primaryImageOfPage":{"@id":"https:\/\/janex-jl.pl\/de\/product\/griess-400g\/#primaryimage"},"image":{"@id":"https:\/\/janex-jl.pl\/de\/product\/griess-400g\/#primaryimage"},"thumbnailUrl":"https:\/\/janex-jl.pl\/wp-content\/uploads\/2021\/05\/kasza-manna-400g.jpg","datePublished":"2021-05-19T11:17:30+00:00","dateModified":"2026-01-26T09:43:12+00:00","breadcrumb":{"@id":"https:\/\/janex-jl.pl\/de\/product\/griess-400g\/#breadcrumb"},"inLanguage":"de","potentialAction":[{"@type":"ReadAction","target":["https:\/\/janex-jl.pl\/de\/product\/griess-400g\/"]}]},{"@type":"ImageObject","inLanguage":"de","@id":"https:\/\/janex-jl.pl\/de\/product\/griess-400g\/#primaryimage","url":"https:\/\/janex-jl.pl\/wp-content\/uploads\/2021\/05\/kasza-manna-400g.jpg","contentUrl":"https:\/\/janex-jl.pl\/wp-content\/uploads\/2021\/05\/kasza-manna-400g.jpg","width":737,"height":887},{"@type":"BreadcrumbList","@id":"https:\/\/janex-jl.pl\/de\/product\/griess-400g\/#breadcrumb","itemListElement":[{"@type":"ListItem","position":1,"name":"Strona g\u0142\u00f3wna","item":"https:\/\/janex-jl.pl\/de\/"},{"@type":"ListItem","position":2,"name":"Grie\u00df"}]},{"@type":"WebSite","@id":"https:\/\/janex-jl.pl\/#website","url":"https:\/\/janex-jl.pl\/","name":"Janex \u2013 polski producent kasz","description":"Producent kasz","publisher":{"@id":"https:\/\/janex-jl.pl\/#organization"},"potentialAction":[{"@type":"SearchAction","target":{"@type":"EntryPoint","urlTemplate":"https:\/\/janex-jl.pl\/?s={search_term_string}"},"query-input":{"@type":"PropertyValueSpecification","valueRequired":true,"valueName":"search_term_string"}}],"inLanguage":"de"},{"@type":"Organization","@id":"https:\/\/janex-jl.pl\/#organization","name":"JANEX POLSKI PRODUCENT KASZ SP\u00d3\u0141KA Z OGRANICZON\u0104 ODPOWIEDZIALNO\u015aCI\u0104","url":"https:\/\/janex-jl.pl\/","logo":{"@type":"ImageObject","inLanguage":"de","@id":"https:\/\/janex-jl.pl\/#\/schema\/logo\/image\/","url":"https:\/\/janex-jl.pl\/wp-content\/uploads\/2021\/04\/janex-logo.svg","contentUrl":"https:\/\/janex-jl.pl\/wp-content\/uploads\/2021\/04\/janex-logo.svg","width":112,"height":77,"caption":"JANEX POLSKI PRODUCENT KASZ SP\u00d3\u0141KA Z OGRANICZON\u0104 ODPOWIEDZIALNO\u015aCI\u0104"},"image":{"@id":"https:\/\/janex-jl.pl\/#\/schema\/logo\/image\/"},"sameAs":["https:\/\/www.facebook.com\/JanexZrodloZdrowia\/","https:\/\/www.instagram.com\/twoje_zrodlo_zdrowia\/"]}]}},"_links":{"self":[{"href":"https:\/\/janex-jl.pl\/de\/wp-json\/wp\/v2\/product\/1502","targetHints":{"allow":["GET"]}}],"collection":[{"href":"https:\/\/janex-jl.pl\/de\/wp-json\/wp\/v2\/product"}],"about":[{"href":"https:\/\/janex-jl.pl\/de\/wp-json\/wp\/v2\/types\/product"}],"wp:featuredmedia":[{"embeddable":true,"href":"https:\/\/janex-jl.pl\/de\/wp-json\/wp\/v2\/media\/1191"}],"wp:attachment":[{"href":"https:\/\/janex-jl.pl\/de\/wp-json\/wp\/v2\/media?parent=1502"}],"wp:term":[{"taxonomy":"product_category","embeddable":true,"href":"https:\/\/janex-jl.pl\/de\/wp-json\/wp\/v2\/product_category?post=1502"},{"taxonomy":"weight","embeddable":true,"href":"https:\/\/janex-jl.pl\/de\/wp-json\/wp\/v2\/weight?post=1502"}],"curies":[{"name":"wp","href":"https:\/\/api.w.org\/{rel}","templated":true}]}}