{"id":1498,"date":"2021-05-19T14:15:12","date_gmt":"2021-05-19T12:15:12","guid":{"rendered":"https:\/\/janex-jl.pl\/product\/maka-gryczana-500g\/"},"modified":"2026-01-26T11:40:26","modified_gmt":"2026-01-26T09:40:26","slug":"buchweizenmehl-500g","status":"publish","type":"product","link":"https:\/\/janex-jl.pl\/de\/product\/buchweizenmehl-500g\/","title":{"rendered":"Buchweizenmehl"},"content":{"rendered":"\n<p>Buchweizenmehl wird durch das Mahlen von Buchweizenk\u00f6rnern hergestellt. Seine graubraune Farbe verleiht den daraus gewonnenen Produkten eine dunklere F\u00e4rbung. Der Geschmack ist charakteristisch mit einem sp\u00fcrbaren Aroma von Buchweizengr\u00fctze. Das Mehl ist glutenfrei, weshalb es ein Bestandteil der Ern\u00e4hrung von Personen mit Glutenunvertr\u00e4glichkeit sein sollte. Es hat einen niedrigen glyk\u00e4mischen Index, weshalb Personen, die an Diabetes und Insulinresistenz leiden, gerne dazu greifen. Das aus Buchweizen gewonnene Mehl ist eine gute Proteinquelle, was besonders aus Sicht von Vegetariern wichtig ist, da es Lysin und Arginin liefert \u2013 Aminos\u00e4uren, die vom K\u00f6rper nicht selbst synthetisiert werden. Es findet breite Anwendung in der Lebensmittelindustrie. Es wird zum Backen von Brot, zur Herstellung von Nudeln und Geb\u00e4ck verwendet, entweder als eigenst\u00e4ndige Zutat oder in Kombination mit Weizenmehl.<\/p>\n\n\n\n<p><\/p>\n","protected":false},"featured_media":1363,"template":"","product_category":[63],"weight":[17],"class_list":["post-1498","product","type-product","status-publish","has-post-thumbnail","hentry","product_category-mehle","weight-500-g"],"acf":[],"yoast_head":"<!-- This site is optimized with the Yoast SEO plugin v26.9 - https:\/\/yoast.com\/product\/yoast-seo-wordpress\/ -->\n<title>Buchweizenmehl - Janex<\/title>\n<meta name=\"robots\" content=\"index, follow, max-snippet:-1, max-image-preview:large, max-video-preview:-1\" \/>\n<link rel=\"canonical\" href=\"https:\/\/janex-jl.pl\/de\/product\/buchweizenmehl-500g\/\" \/>\n<meta property=\"og:locale\" content=\"de_DE\" \/>\n<meta property=\"og:type\" content=\"article\" \/>\n<meta property=\"og:title\" content=\"Buchweizenmehl - Janex\" \/>\n<meta property=\"og:description\" content=\"Buchweizenmehl wird durch das Mahlen von Buchweizenk\u00f6rnern hergestellt. Seine graubraune Farbe verleiht den daraus gewonnenen Produkten eine dunklere F\u00e4rbung. Der Geschmack ist charakteristisch mit einem sp\u00fcrbaren Aroma von Buchweizengr\u00fctze. Das Mehl ist glutenfrei, weshalb es ein Bestandteil der Ern\u00e4hrung von Personen mit Glutenunvertr\u00e4glichkeit sein sollte. Es hat einen niedrigen glyk\u00e4mischen Index, weshalb Personen, die an &hellip; Continued\" \/>\n<meta property=\"og:url\" content=\"https:\/\/janex-jl.pl\/de\/product\/buchweizenmehl-500g\/\" \/>\n<meta property=\"og:site_name\" content=\"Janex\" \/>\n<meta property=\"article:publisher\" content=\"https:\/\/www.facebook.com\/JanexZrodloZdrowia\/\" \/>\n<meta property=\"article:modified_time\" content=\"2026-01-26T09:40:26+00:00\" \/>\n<meta property=\"og:image\" content=\"https:\/\/janex-jl.pl\/wp-content\/uploads\/2021\/05\/@flowpr-4.png\" \/>\n\t<meta property=\"og:image:width\" content=\"1080\" \/>\n\t<meta property=\"og:image:height\" content=\"1350\" \/>\n\t<meta property=\"og:image:type\" content=\"image\/png\" \/>\n<meta name=\"twitter:card\" content=\"summary_large_image\" \/>\n<script type=\"application\/ld+json\" class=\"yoast-schema-graph\">{\"@context\":\"https:\/\/schema.org\",\"@graph\":[{\"@type\":\"WebPage\",\"@id\":\"https:\/\/janex-jl.pl\/de\/product\/buchweizenmehl-500g\/\",\"url\":\"https:\/\/janex-jl.pl\/de\/product\/buchweizenmehl-500g\/\",\"name\":\"Buchweizenmehl - Janex\",\"isPartOf\":{\"@id\":\"https:\/\/janex-jl.pl\/#website\"},\"primaryImageOfPage\":{\"@id\":\"https:\/\/janex-jl.pl\/de\/product\/buchweizenmehl-500g\/#primaryimage\"},\"image\":{\"@id\":\"https:\/\/janex-jl.pl\/de\/product\/buchweizenmehl-500g\/#primaryimage\"},\"thumbnailUrl\":\"https:\/\/janex-jl.pl\/wp-content\/uploads\/2021\/05\/@flowpr-4.png\",\"datePublished\":\"2021-05-19T12:15:12+00:00\",\"dateModified\":\"2026-01-26T09:40:26+00:00\",\"breadcrumb\":{\"@id\":\"https:\/\/janex-jl.pl\/de\/product\/buchweizenmehl-500g\/#breadcrumb\"},\"inLanguage\":\"de\",\"potentialAction\":[{\"@type\":\"ReadAction\",\"target\":[\"https:\/\/janex-jl.pl\/de\/product\/buchweizenmehl-500g\/\"]}]},{\"@type\":\"ImageObject\",\"inLanguage\":\"de\",\"@id\":\"https:\/\/janex-jl.pl\/de\/product\/buchweizenmehl-500g\/#primaryimage\",\"url\":\"https:\/\/janex-jl.pl\/wp-content\/uploads\/2021\/05\/@flowpr-4.png\",\"contentUrl\":\"https:\/\/janex-jl.pl\/wp-content\/uploads\/2021\/05\/@flowpr-4.png\",\"width\":1080,\"height\":1350},{\"@type\":\"BreadcrumbList\",\"@id\":\"https:\/\/janex-jl.pl\/de\/product\/buchweizenmehl-500g\/#breadcrumb\",\"itemListElement\":[{\"@type\":\"ListItem\",\"position\":1,\"name\":\"Strona g\u0142\u00f3wna\",\"item\":\"https:\/\/janex-jl.pl\/de\/\"},{\"@type\":\"ListItem\",\"position\":2,\"name\":\"Buchweizenmehl\"}]},{\"@type\":\"WebSite\",\"@id\":\"https:\/\/janex-jl.pl\/#website\",\"url\":\"https:\/\/janex-jl.pl\/\",\"name\":\"Janex \u2013 polski producent kasz\",\"description\":\"Producent kasz\",\"publisher\":{\"@id\":\"https:\/\/janex-jl.pl\/#organization\"},\"potentialAction\":[{\"@type\":\"SearchAction\",\"target\":{\"@type\":\"EntryPoint\",\"urlTemplate\":\"https:\/\/janex-jl.pl\/?s={search_term_string}\"},\"query-input\":{\"@type\":\"PropertyValueSpecification\",\"valueRequired\":true,\"valueName\":\"search_term_string\"}}],\"inLanguage\":\"de\"},{\"@type\":\"Organization\",\"@id\":\"https:\/\/janex-jl.pl\/#organization\",\"name\":\"JANEX POLSKI PRODUCENT KASZ SP\u00d3\u0141KA Z OGRANICZON\u0104 ODPOWIEDZIALNO\u015aCI\u0104\",\"url\":\"https:\/\/janex-jl.pl\/\",\"logo\":{\"@type\":\"ImageObject\",\"inLanguage\":\"de\",\"@id\":\"https:\/\/janex-jl.pl\/#\/schema\/logo\/image\/\",\"url\":\"https:\/\/janex-jl.pl\/wp-content\/uploads\/2021\/04\/janex-logo.svg\",\"contentUrl\":\"https:\/\/janex-jl.pl\/wp-content\/uploads\/2021\/04\/janex-logo.svg\",\"width\":112,\"height\":77,\"caption\":\"JANEX POLSKI PRODUCENT KASZ SP\u00d3\u0141KA Z OGRANICZON\u0104 ODPOWIEDZIALNO\u015aCI\u0104\"},\"image\":{\"@id\":\"https:\/\/janex-jl.pl\/#\/schema\/logo\/image\/\"},\"sameAs\":[\"https:\/\/www.facebook.com\/JanexZrodloZdrowia\/\",\"https:\/\/www.instagram.com\/twoje_zrodlo_zdrowia\/\"]}]}<\/script>\n<!-- \/ Yoast SEO plugin. -->","yoast_head_json":{"title":"Buchweizenmehl - Janex","robots":{"index":"index","follow":"follow","max-snippet":"max-snippet:-1","max-image-preview":"max-image-preview:large","max-video-preview":"max-video-preview:-1"},"canonical":"https:\/\/janex-jl.pl\/de\/product\/buchweizenmehl-500g\/","og_locale":"de_DE","og_type":"article","og_title":"Buchweizenmehl - Janex","og_description":"Buchweizenmehl wird durch das Mahlen von Buchweizenk\u00f6rnern hergestellt. Seine graubraune Farbe verleiht den daraus gewonnenen Produkten eine dunklere F\u00e4rbung. Der Geschmack ist charakteristisch mit einem sp\u00fcrbaren Aroma von Buchweizengr\u00fctze. Das Mehl ist glutenfrei, weshalb es ein Bestandteil der Ern\u00e4hrung von Personen mit Glutenunvertr\u00e4glichkeit sein sollte. Es hat einen niedrigen glyk\u00e4mischen Index, weshalb Personen, die an &hellip; Continued","og_url":"https:\/\/janex-jl.pl\/de\/product\/buchweizenmehl-500g\/","og_site_name":"Janex","article_publisher":"https:\/\/www.facebook.com\/JanexZrodloZdrowia\/","article_modified_time":"2026-01-26T09:40:26+00:00","og_image":[{"width":1080,"height":1350,"url":"https:\/\/janex-jl.pl\/wp-content\/uploads\/2021\/05\/@flowpr-4.png","type":"image\/png"}],"twitter_card":"summary_large_image","schema":{"@context":"https:\/\/schema.org","@graph":[{"@type":"WebPage","@id":"https:\/\/janex-jl.pl\/de\/product\/buchweizenmehl-500g\/","url":"https:\/\/janex-jl.pl\/de\/product\/buchweizenmehl-500g\/","name":"Buchweizenmehl - Janex","isPartOf":{"@id":"https:\/\/janex-jl.pl\/#website"},"primaryImageOfPage":{"@id":"https:\/\/janex-jl.pl\/de\/product\/buchweizenmehl-500g\/#primaryimage"},"image":{"@id":"https:\/\/janex-jl.pl\/de\/product\/buchweizenmehl-500g\/#primaryimage"},"thumbnailUrl":"https:\/\/janex-jl.pl\/wp-content\/uploads\/2021\/05\/@flowpr-4.png","datePublished":"2021-05-19T12:15:12+00:00","dateModified":"2026-01-26T09:40:26+00:00","breadcrumb":{"@id":"https:\/\/janex-jl.pl\/de\/product\/buchweizenmehl-500g\/#breadcrumb"},"inLanguage":"de","potentialAction":[{"@type":"ReadAction","target":["https:\/\/janex-jl.pl\/de\/product\/buchweizenmehl-500g\/"]}]},{"@type":"ImageObject","inLanguage":"de","@id":"https:\/\/janex-jl.pl\/de\/product\/buchweizenmehl-500g\/#primaryimage","url":"https:\/\/janex-jl.pl\/wp-content\/uploads\/2021\/05\/@flowpr-4.png","contentUrl":"https:\/\/janex-jl.pl\/wp-content\/uploads\/2021\/05\/@flowpr-4.png","width":1080,"height":1350},{"@type":"BreadcrumbList","@id":"https:\/\/janex-jl.pl\/de\/product\/buchweizenmehl-500g\/#breadcrumb","itemListElement":[{"@type":"ListItem","position":1,"name":"Strona g\u0142\u00f3wna","item":"https:\/\/janex-jl.pl\/de\/"},{"@type":"ListItem","position":2,"name":"Buchweizenmehl"}]},{"@type":"WebSite","@id":"https:\/\/janex-jl.pl\/#website","url":"https:\/\/janex-jl.pl\/","name":"Janex \u2013 polski producent kasz","description":"Producent kasz","publisher":{"@id":"https:\/\/janex-jl.pl\/#organization"},"potentialAction":[{"@type":"SearchAction","target":{"@type":"EntryPoint","urlTemplate":"https:\/\/janex-jl.pl\/?s={search_term_string}"},"query-input":{"@type":"PropertyValueSpecification","valueRequired":true,"valueName":"search_term_string"}}],"inLanguage":"de"},{"@type":"Organization","@id":"https:\/\/janex-jl.pl\/#organization","name":"JANEX POLSKI PRODUCENT KASZ SP\u00d3\u0141KA Z OGRANICZON\u0104 ODPOWIEDZIALNO\u015aCI\u0104","url":"https:\/\/janex-jl.pl\/","logo":{"@type":"ImageObject","inLanguage":"de","@id":"https:\/\/janex-jl.pl\/#\/schema\/logo\/image\/","url":"https:\/\/janex-jl.pl\/wp-content\/uploads\/2021\/04\/janex-logo.svg","contentUrl":"https:\/\/janex-jl.pl\/wp-content\/uploads\/2021\/04\/janex-logo.svg","width":112,"height":77,"caption":"JANEX POLSKI PRODUCENT KASZ SP\u00d3\u0141KA Z OGRANICZON\u0104 ODPOWIEDZIALNO\u015aCI\u0104"},"image":{"@id":"https:\/\/janex-jl.pl\/#\/schema\/logo\/image\/"},"sameAs":["https:\/\/www.facebook.com\/JanexZrodloZdrowia\/","https:\/\/www.instagram.com\/twoje_zrodlo_zdrowia\/"]}]}},"_links":{"self":[{"href":"https:\/\/janex-jl.pl\/de\/wp-json\/wp\/v2\/product\/1498","targetHints":{"allow":["GET"]}}],"collection":[{"href":"https:\/\/janex-jl.pl\/de\/wp-json\/wp\/v2\/product"}],"about":[{"href":"https:\/\/janex-jl.pl\/de\/wp-json\/wp\/v2\/types\/product"}],"wp:featuredmedia":[{"embeddable":true,"href":"https:\/\/janex-jl.pl\/de\/wp-json\/wp\/v2\/media\/1363"}],"wp:attachment":[{"href":"https:\/\/janex-jl.pl\/de\/wp-json\/wp\/v2\/media?parent=1498"}],"wp:term":[{"taxonomy":"product_category","embeddable":true,"href":"https:\/\/janex-jl.pl\/de\/wp-json\/wp\/v2\/product_category?post=1498"},{"taxonomy":"weight","embeddable":true,"href":"https:\/\/janex-jl.pl\/de\/wp-json\/wp\/v2\/weight?post=1498"}],"curies":[{"name":"wp","href":"https:\/\/api.w.org\/{rel}","templated":true}]}}