{"id":1494,"date":"2021-05-19T14:25:15","date_gmt":"2021-05-19T12:25:15","guid":{"rendered":"https:\/\/janex-jl.pl\/product\/kasza-peczak-jeczmienny-400g\/"},"modified":"2026-01-26T11:38:07","modified_gmt":"2026-01-26T09:38:07","slug":"gerstengraupen-400g","status":"publish","type":"product","link":"https:\/\/janex-jl.pl\/de\/product\/gerstengraupen-400g\/","title":{"rendered":"Gerstengraupen"},"content":{"rendered":"\n<p>Gerstengr\u00fctze wird aus Gerstenk\u00f6rnern hergestellt. Aufgrund des hohen Ballaststoffgehalts, insbesondere von Beta-Glucan, das die Darmschleimhaut n\u00e4hrt und regeneriert, wird sie Personen empfohlen, die mit Beschwerden des Verdauungstrakts zu k\u00e4mpfen haben. Unter den Gr\u00fctzsorten zeichnet sie sich durch einen hohen Gehalt an Kalzium aus, das f\u00fcr den Aufbau von Knochen und Z\u00e4hnen, aber auch f\u00fcr die ordnungsgem\u00e4\u00dfe Funktion des Muskelsystems unerl\u00e4sslich ist. Sie ist eine Quelle f\u00fcr Vitamin K, das an Blutgerinnungsprozessen beteiligt ist, sowie f\u00fcr viele f\u00fcr das ordnungsgem\u00e4\u00dfe Funktionieren des K\u00f6rpers wesentliche Mineralstoffe wie Zink, Kalium und Eisen. Gerstengr\u00fctze eignet sich in der K\u00fcche ideal als Zutat f\u00fcr Suppen, Aufl\u00e4ufe, Desserts oder zum Servieren mit Saucen.<\/p>\n\n\n\n<p><\/p>\n","protected":false},"featured_media":1204,"template":"","product_category":[60],"weight":[14],"class_list":["post-1494","product","type-product","status-publish","has-post-thumbnail","hentry","product_category-gruetzen","weight-400-g"],"acf":[],"yoast_head":"<!-- This site is optimized with the Yoast SEO plugin v26.9 - https:\/\/yoast.com\/product\/yoast-seo-wordpress\/ -->\n<title>Gerstengraupen - Janex<\/title>\n<meta name=\"robots\" content=\"index, follow, max-snippet:-1, max-image-preview:large, max-video-preview:-1\" \/>\n<link rel=\"canonical\" href=\"https:\/\/janex-jl.pl\/de\/product\/gerstengraupen-400g\/\" \/>\n<meta property=\"og:locale\" content=\"de_DE\" \/>\n<meta property=\"og:type\" content=\"article\" \/>\n<meta property=\"og:title\" content=\"Gerstengraupen - Janex\" \/>\n<meta property=\"og:description\" content=\"Gerstengr\u00fctze wird aus Gerstenk\u00f6rnern hergestellt. Aufgrund des hohen Ballaststoffgehalts, insbesondere von Beta-Glucan, das die Darmschleimhaut n\u00e4hrt und regeneriert, wird sie Personen empfohlen, die mit Beschwerden des Verdauungstrakts zu k\u00e4mpfen haben. Unter den Gr\u00fctzsorten zeichnet sie sich durch einen hohen Gehalt an Kalzium aus, das f\u00fcr den Aufbau von Knochen und Z\u00e4hnen, aber auch f\u00fcr die &hellip; Continued\" \/>\n<meta property=\"og:url\" content=\"https:\/\/janex-jl.pl\/de\/product\/gerstengraupen-400g\/\" \/>\n<meta property=\"og:site_name\" content=\"Janex\" \/>\n<meta property=\"article:publisher\" content=\"https:\/\/www.facebook.com\/JanexZrodloZdrowia\/\" \/>\n<meta property=\"article:modified_time\" content=\"2026-01-26T09:38:07+00:00\" \/>\n<meta property=\"og:image\" content=\"https:\/\/janex-jl.pl\/wp-content\/uploads\/2021\/05\/peczak-jeczmienny-400g-ew.jpg\" \/>\n\t<meta property=\"og:image:width\" content=\"737\" \/>\n\t<meta property=\"og:image:height\" content=\"887\" \/>\n\t<meta property=\"og:image:type\" content=\"image\/jpeg\" \/>\n<meta name=\"twitter:card\" content=\"summary_large_image\" \/>\n<script type=\"application\/ld+json\" class=\"yoast-schema-graph\">{\"@context\":\"https:\/\/schema.org\",\"@graph\":[{\"@type\":\"WebPage\",\"@id\":\"https:\/\/janex-jl.pl\/de\/product\/gerstengraupen-400g\/\",\"url\":\"https:\/\/janex-jl.pl\/de\/product\/gerstengraupen-400g\/\",\"name\":\"Gerstengraupen - Janex\",\"isPartOf\":{\"@id\":\"https:\/\/janex-jl.pl\/#website\"},\"primaryImageOfPage\":{\"@id\":\"https:\/\/janex-jl.pl\/de\/product\/gerstengraupen-400g\/#primaryimage\"},\"image\":{\"@id\":\"https:\/\/janex-jl.pl\/de\/product\/gerstengraupen-400g\/#primaryimage\"},\"thumbnailUrl\":\"https:\/\/janex-jl.pl\/wp-content\/uploads\/2021\/05\/peczak-jeczmienny-400g-ew.jpg\",\"datePublished\":\"2021-05-19T12:25:15+00:00\",\"dateModified\":\"2026-01-26T09:38:07+00:00\",\"breadcrumb\":{\"@id\":\"https:\/\/janex-jl.pl\/de\/product\/gerstengraupen-400g\/#breadcrumb\"},\"inLanguage\":\"de\",\"potentialAction\":[{\"@type\":\"ReadAction\",\"target\":[\"https:\/\/janex-jl.pl\/de\/product\/gerstengraupen-400g\/\"]}]},{\"@type\":\"ImageObject\",\"inLanguage\":\"de\",\"@id\":\"https:\/\/janex-jl.pl\/de\/product\/gerstengraupen-400g\/#primaryimage\",\"url\":\"https:\/\/janex-jl.pl\/wp-content\/uploads\/2021\/05\/peczak-jeczmienny-400g-ew.jpg\",\"contentUrl\":\"https:\/\/janex-jl.pl\/wp-content\/uploads\/2021\/05\/peczak-jeczmienny-400g-ew.jpg\",\"width\":737,\"height\":887},{\"@type\":\"BreadcrumbList\",\"@id\":\"https:\/\/janex-jl.pl\/de\/product\/gerstengraupen-400g\/#breadcrumb\",\"itemListElement\":[{\"@type\":\"ListItem\",\"position\":1,\"name\":\"Strona g\u0142\u00f3wna\",\"item\":\"https:\/\/janex-jl.pl\/de\/\"},{\"@type\":\"ListItem\",\"position\":2,\"name\":\"Gerstengraupen\"}]},{\"@type\":\"WebSite\",\"@id\":\"https:\/\/janex-jl.pl\/#website\",\"url\":\"https:\/\/janex-jl.pl\/\",\"name\":\"Janex \u2013 polski producent kasz\",\"description\":\"Producent kasz\",\"publisher\":{\"@id\":\"https:\/\/janex-jl.pl\/#organization\"},\"potentialAction\":[{\"@type\":\"SearchAction\",\"target\":{\"@type\":\"EntryPoint\",\"urlTemplate\":\"https:\/\/janex-jl.pl\/?s={search_term_string}\"},\"query-input\":{\"@type\":\"PropertyValueSpecification\",\"valueRequired\":true,\"valueName\":\"search_term_string\"}}],\"inLanguage\":\"de\"},{\"@type\":\"Organization\",\"@id\":\"https:\/\/janex-jl.pl\/#organization\",\"name\":\"JANEX POLSKI PRODUCENT KASZ SP\u00d3\u0141KA Z OGRANICZON\u0104 ODPOWIEDZIALNO\u015aCI\u0104\",\"url\":\"https:\/\/janex-jl.pl\/\",\"logo\":{\"@type\":\"ImageObject\",\"inLanguage\":\"de\",\"@id\":\"https:\/\/janex-jl.pl\/#\/schema\/logo\/image\/\",\"url\":\"https:\/\/janex-jl.pl\/wp-content\/uploads\/2021\/04\/janex-logo.svg\",\"contentUrl\":\"https:\/\/janex-jl.pl\/wp-content\/uploads\/2021\/04\/janex-logo.svg\",\"width\":112,\"height\":77,\"caption\":\"JANEX POLSKI PRODUCENT KASZ SP\u00d3\u0141KA Z OGRANICZON\u0104 ODPOWIEDZIALNO\u015aCI\u0104\"},\"image\":{\"@id\":\"https:\/\/janex-jl.pl\/#\/schema\/logo\/image\/\"},\"sameAs\":[\"https:\/\/www.facebook.com\/JanexZrodloZdrowia\/\",\"https:\/\/www.instagram.com\/twoje_zrodlo_zdrowia\/\"]}]}<\/script>\n<!-- \/ Yoast SEO plugin. -->","yoast_head_json":{"title":"Gerstengraupen - Janex","robots":{"index":"index","follow":"follow","max-snippet":"max-snippet:-1","max-image-preview":"max-image-preview:large","max-video-preview":"max-video-preview:-1"},"canonical":"https:\/\/janex-jl.pl\/de\/product\/gerstengraupen-400g\/","og_locale":"de_DE","og_type":"article","og_title":"Gerstengraupen - Janex","og_description":"Gerstengr\u00fctze wird aus Gerstenk\u00f6rnern hergestellt. Aufgrund des hohen Ballaststoffgehalts, insbesondere von Beta-Glucan, das die Darmschleimhaut n\u00e4hrt und regeneriert, wird sie Personen empfohlen, die mit Beschwerden des Verdauungstrakts zu k\u00e4mpfen haben. Unter den Gr\u00fctzsorten zeichnet sie sich durch einen hohen Gehalt an Kalzium aus, das f\u00fcr den Aufbau von Knochen und Z\u00e4hnen, aber auch f\u00fcr die &hellip; Continued","og_url":"https:\/\/janex-jl.pl\/de\/product\/gerstengraupen-400g\/","og_site_name":"Janex","article_publisher":"https:\/\/www.facebook.com\/JanexZrodloZdrowia\/","article_modified_time":"2026-01-26T09:38:07+00:00","og_image":[{"width":737,"height":887,"url":"https:\/\/janex-jl.pl\/wp-content\/uploads\/2021\/05\/peczak-jeczmienny-400g-ew.jpg","type":"image\/jpeg"}],"twitter_card":"summary_large_image","schema":{"@context":"https:\/\/schema.org","@graph":[{"@type":"WebPage","@id":"https:\/\/janex-jl.pl\/de\/product\/gerstengraupen-400g\/","url":"https:\/\/janex-jl.pl\/de\/product\/gerstengraupen-400g\/","name":"Gerstengraupen - Janex","isPartOf":{"@id":"https:\/\/janex-jl.pl\/#website"},"primaryImageOfPage":{"@id":"https:\/\/janex-jl.pl\/de\/product\/gerstengraupen-400g\/#primaryimage"},"image":{"@id":"https:\/\/janex-jl.pl\/de\/product\/gerstengraupen-400g\/#primaryimage"},"thumbnailUrl":"https:\/\/janex-jl.pl\/wp-content\/uploads\/2021\/05\/peczak-jeczmienny-400g-ew.jpg","datePublished":"2021-05-19T12:25:15+00:00","dateModified":"2026-01-26T09:38:07+00:00","breadcrumb":{"@id":"https:\/\/janex-jl.pl\/de\/product\/gerstengraupen-400g\/#breadcrumb"},"inLanguage":"de","potentialAction":[{"@type":"ReadAction","target":["https:\/\/janex-jl.pl\/de\/product\/gerstengraupen-400g\/"]}]},{"@type":"ImageObject","inLanguage":"de","@id":"https:\/\/janex-jl.pl\/de\/product\/gerstengraupen-400g\/#primaryimage","url":"https:\/\/janex-jl.pl\/wp-content\/uploads\/2021\/05\/peczak-jeczmienny-400g-ew.jpg","contentUrl":"https:\/\/janex-jl.pl\/wp-content\/uploads\/2021\/05\/peczak-jeczmienny-400g-ew.jpg","width":737,"height":887},{"@type":"BreadcrumbList","@id":"https:\/\/janex-jl.pl\/de\/product\/gerstengraupen-400g\/#breadcrumb","itemListElement":[{"@type":"ListItem","position":1,"name":"Strona g\u0142\u00f3wna","item":"https:\/\/janex-jl.pl\/de\/"},{"@type":"ListItem","position":2,"name":"Gerstengraupen"}]},{"@type":"WebSite","@id":"https:\/\/janex-jl.pl\/#website","url":"https:\/\/janex-jl.pl\/","name":"Janex \u2013 polski producent kasz","description":"Producent kasz","publisher":{"@id":"https:\/\/janex-jl.pl\/#organization"},"potentialAction":[{"@type":"SearchAction","target":{"@type":"EntryPoint","urlTemplate":"https:\/\/janex-jl.pl\/?s={search_term_string}"},"query-input":{"@type":"PropertyValueSpecification","valueRequired":true,"valueName":"search_term_string"}}],"inLanguage":"de"},{"@type":"Organization","@id":"https:\/\/janex-jl.pl\/#organization","name":"JANEX POLSKI PRODUCENT KASZ SP\u00d3\u0141KA Z OGRANICZON\u0104 ODPOWIEDZIALNO\u015aCI\u0104","url":"https:\/\/janex-jl.pl\/","logo":{"@type":"ImageObject","inLanguage":"de","@id":"https:\/\/janex-jl.pl\/#\/schema\/logo\/image\/","url":"https:\/\/janex-jl.pl\/wp-content\/uploads\/2021\/04\/janex-logo.svg","contentUrl":"https:\/\/janex-jl.pl\/wp-content\/uploads\/2021\/04\/janex-logo.svg","width":112,"height":77,"caption":"JANEX POLSKI PRODUCENT KASZ SP\u00d3\u0141KA Z OGRANICZON\u0104 ODPOWIEDZIALNO\u015aCI\u0104"},"image":{"@id":"https:\/\/janex-jl.pl\/#\/schema\/logo\/image\/"},"sameAs":["https:\/\/www.facebook.com\/JanexZrodloZdrowia\/","https:\/\/www.instagram.com\/twoje_zrodlo_zdrowia\/"]}]}},"_links":{"self":[{"href":"https:\/\/janex-jl.pl\/de\/wp-json\/wp\/v2\/product\/1494","targetHints":{"allow":["GET"]}}],"collection":[{"href":"https:\/\/janex-jl.pl\/de\/wp-json\/wp\/v2\/product"}],"about":[{"href":"https:\/\/janex-jl.pl\/de\/wp-json\/wp\/v2\/types\/product"}],"wp:featuredmedia":[{"embeddable":true,"href":"https:\/\/janex-jl.pl\/de\/wp-json\/wp\/v2\/media\/1204"}],"wp:attachment":[{"href":"https:\/\/janex-jl.pl\/de\/wp-json\/wp\/v2\/media?parent=1494"}],"wp:term":[{"taxonomy":"product_category","embeddable":true,"href":"https:\/\/janex-jl.pl\/de\/wp-json\/wp\/v2\/product_category?post=1494"},{"taxonomy":"weight","embeddable":true,"href":"https:\/\/janex-jl.pl\/de\/wp-json\/wp\/v2\/weight?post=1494"}],"curies":[{"name":"wp","href":"https:\/\/api.w.org\/{rel}","templated":true}]}}