{"id":1486,"date":"2021-05-19T14:43:00","date_gmt":"2021-05-19T12:43:00","guid":{"rendered":"https:\/\/janex-jl.pl\/product\/platki-owsiane-blyskawiczne-400g\/"},"modified":"2026-01-26T10:48:42","modified_gmt":"2026-01-26T08:48:42","slug":"instant-haferflocken-400g","status":"publish","type":"product","link":"https:\/\/janex-jl.pl\/de\/product\/instant-haferflocken-400g\/","title":{"rendered":"Instant-Haferflocken"},"content":{"rendered":"\n<p>Instant-Haferflocken werden aus gereinigten, polierten Haferk\u00f6rnern gewonnen, die hydrothermischen Prozessen und einer Zerkleinerung unterzogen wurden. Zu den wichtigsten Inhaltsstoffen, die in Haferflocken zu finden sind, geh\u00f6ren Magnesium, Zink, Kalium, Eisen sowie Phyto\u00f6strogene. Hafer ist das Getreide mit dem h\u00f6chsten Anteil an unges\u00e4ttigten Fetts\u00e4uren. Das in den Flocken enthaltene Vitamin E, bekannt als Vitamin der Jugend, ist zudem ein starkes Antioxidans, das den K\u00f6rper vor freien Radikalen sch\u00fctzt und somit das Risiko von Krebserkrankungen sowie die vorzeitige Zellalterung senkt. Haferflocken werden besonders Personen mit Arteriosklerose und Diabetes empfohlen, da sie der Bildung von Blutgerinnseln vorbeugen und den Blutzuckerspiegel regulieren. Sie enthalten zudem Ballaststoffe, die f\u00fcr den Verdauungsprozess n\u00fctzlich sind. Verwendet f\u00fcr Haferbrei, Omeletts, Smoothies und Backwaren.<\/p>\n\n\n\n<p><\/p>\n","protected":false},"featured_media":1357,"template":"","product_category":[64],"weight":[14],"class_list":["post-1486","product","type-product","status-publish","has-post-thumbnail","hentry","product_category-flocken","weight-400-g"],"acf":[],"yoast_head":"<!-- This site is optimized with the Yoast SEO plugin v26.9 - https:\/\/yoast.com\/product\/yoast-seo-wordpress\/ -->\n<title>Instant-Haferflocken - Janex<\/title>\n<meta name=\"robots\" content=\"index, follow, max-snippet:-1, max-image-preview:large, max-video-preview:-1\" \/>\n<link rel=\"canonical\" href=\"https:\/\/janex-jl.pl\/de\/product\/instant-haferflocken-400g\/\" \/>\n<meta property=\"og:locale\" content=\"de_DE\" \/>\n<meta property=\"og:type\" content=\"article\" \/>\n<meta property=\"og:title\" content=\"Instant-Haferflocken - Janex\" \/>\n<meta property=\"og:description\" content=\"Instant-Haferflocken werden aus gereinigten, polierten Haferk\u00f6rnern gewonnen, die hydrothermischen Prozessen und einer Zerkleinerung unterzogen wurden. Zu den wichtigsten Inhaltsstoffen, die in Haferflocken zu finden sind, geh\u00f6ren Magnesium, Zink, Kalium, Eisen sowie Phyto\u00f6strogene. Hafer ist das Getreide mit dem h\u00f6chsten Anteil an unges\u00e4ttigten Fetts\u00e4uren. Das in den Flocken enthaltene Vitamin E, bekannt als Vitamin der Jugend, &hellip; Continued\" \/>\n<meta property=\"og:url\" content=\"https:\/\/janex-jl.pl\/de\/product\/instant-haferflocken-400g\/\" \/>\n<meta property=\"og:site_name\" content=\"Janex\" \/>\n<meta property=\"article:publisher\" content=\"https:\/\/www.facebook.com\/JanexZrodloZdrowia\/\" \/>\n<meta property=\"article:modified_time\" content=\"2026-01-26T08:48:42+00:00\" \/>\n<meta property=\"og:image\" content=\"https:\/\/janex-jl.pl\/wp-content\/uploads\/2021\/05\/47.png\" \/>\n\t<meta property=\"og:image:width\" content=\"1015\" \/>\n\t<meta property=\"og:image:height\" content=\"1350\" \/>\n\t<meta property=\"og:image:type\" content=\"image\/png\" \/>\n<meta name=\"twitter:card\" content=\"summary_large_image\" \/>\n<script type=\"application\/ld+json\" class=\"yoast-schema-graph\">{\"@context\":\"https:\/\/schema.org\",\"@graph\":[{\"@type\":\"WebPage\",\"@id\":\"https:\/\/janex-jl.pl\/de\/product\/instant-haferflocken-400g\/\",\"url\":\"https:\/\/janex-jl.pl\/de\/product\/instant-haferflocken-400g\/\",\"name\":\"Instant-Haferflocken - Janex\",\"isPartOf\":{\"@id\":\"https:\/\/janex-jl.pl\/#website\"},\"primaryImageOfPage\":{\"@id\":\"https:\/\/janex-jl.pl\/de\/product\/instant-haferflocken-400g\/#primaryimage\"},\"image\":{\"@id\":\"https:\/\/janex-jl.pl\/de\/product\/instant-haferflocken-400g\/#primaryimage\"},\"thumbnailUrl\":\"https:\/\/janex-jl.pl\/wp-content\/uploads\/2021\/05\/47.png\",\"datePublished\":\"2021-05-19T12:43:00+00:00\",\"dateModified\":\"2026-01-26T08:48:42+00:00\",\"breadcrumb\":{\"@id\":\"https:\/\/janex-jl.pl\/de\/product\/instant-haferflocken-400g\/#breadcrumb\"},\"inLanguage\":\"de\",\"potentialAction\":[{\"@type\":\"ReadAction\",\"target\":[\"https:\/\/janex-jl.pl\/de\/product\/instant-haferflocken-400g\/\"]}]},{\"@type\":\"ImageObject\",\"inLanguage\":\"de\",\"@id\":\"https:\/\/janex-jl.pl\/de\/product\/instant-haferflocken-400g\/#primaryimage\",\"url\":\"https:\/\/janex-jl.pl\/wp-content\/uploads\/2021\/05\/47.png\",\"contentUrl\":\"https:\/\/janex-jl.pl\/wp-content\/uploads\/2021\/05\/47.png\",\"width\":1015,\"height\":1350},{\"@type\":\"BreadcrumbList\",\"@id\":\"https:\/\/janex-jl.pl\/de\/product\/instant-haferflocken-400g\/#breadcrumb\",\"itemListElement\":[{\"@type\":\"ListItem\",\"position\":1,\"name\":\"Strona g\u0142\u00f3wna\",\"item\":\"https:\/\/janex-jl.pl\/de\/\"},{\"@type\":\"ListItem\",\"position\":2,\"name\":\"Instant-Haferflocken\"}]},{\"@type\":\"WebSite\",\"@id\":\"https:\/\/janex-jl.pl\/#website\",\"url\":\"https:\/\/janex-jl.pl\/\",\"name\":\"Janex \u2013 polski producent kasz\",\"description\":\"Producent kasz\",\"publisher\":{\"@id\":\"https:\/\/janex-jl.pl\/#organization\"},\"potentialAction\":[{\"@type\":\"SearchAction\",\"target\":{\"@type\":\"EntryPoint\",\"urlTemplate\":\"https:\/\/janex-jl.pl\/?s={search_term_string}\"},\"query-input\":{\"@type\":\"PropertyValueSpecification\",\"valueRequired\":true,\"valueName\":\"search_term_string\"}}],\"inLanguage\":\"de\"},{\"@type\":\"Organization\",\"@id\":\"https:\/\/janex-jl.pl\/#organization\",\"name\":\"JANEX POLSKI PRODUCENT KASZ SP\u00d3\u0141KA Z OGRANICZON\u0104 ODPOWIEDZIALNO\u015aCI\u0104\",\"url\":\"https:\/\/janex-jl.pl\/\",\"logo\":{\"@type\":\"ImageObject\",\"inLanguage\":\"de\",\"@id\":\"https:\/\/janex-jl.pl\/#\/schema\/logo\/image\/\",\"url\":\"https:\/\/janex-jl.pl\/wp-content\/uploads\/2021\/04\/janex-logo.svg\",\"contentUrl\":\"https:\/\/janex-jl.pl\/wp-content\/uploads\/2021\/04\/janex-logo.svg\",\"width\":112,\"height\":77,\"caption\":\"JANEX POLSKI PRODUCENT KASZ SP\u00d3\u0141KA Z OGRANICZON\u0104 ODPOWIEDZIALNO\u015aCI\u0104\"},\"image\":{\"@id\":\"https:\/\/janex-jl.pl\/#\/schema\/logo\/image\/\"},\"sameAs\":[\"https:\/\/www.facebook.com\/JanexZrodloZdrowia\/\",\"https:\/\/www.instagram.com\/twoje_zrodlo_zdrowia\/\"]}]}<\/script>\n<!-- \/ Yoast SEO plugin. -->","yoast_head_json":{"title":"Instant-Haferflocken - Janex","robots":{"index":"index","follow":"follow","max-snippet":"max-snippet:-1","max-image-preview":"max-image-preview:large","max-video-preview":"max-video-preview:-1"},"canonical":"https:\/\/janex-jl.pl\/de\/product\/instant-haferflocken-400g\/","og_locale":"de_DE","og_type":"article","og_title":"Instant-Haferflocken - Janex","og_description":"Instant-Haferflocken werden aus gereinigten, polierten Haferk\u00f6rnern gewonnen, die hydrothermischen Prozessen und einer Zerkleinerung unterzogen wurden. Zu den wichtigsten Inhaltsstoffen, die in Haferflocken zu finden sind, geh\u00f6ren Magnesium, Zink, Kalium, Eisen sowie Phyto\u00f6strogene. Hafer ist das Getreide mit dem h\u00f6chsten Anteil an unges\u00e4ttigten Fetts\u00e4uren. Das in den Flocken enthaltene Vitamin E, bekannt als Vitamin der Jugend, &hellip; Continued","og_url":"https:\/\/janex-jl.pl\/de\/product\/instant-haferflocken-400g\/","og_site_name":"Janex","article_publisher":"https:\/\/www.facebook.com\/JanexZrodloZdrowia\/","article_modified_time":"2026-01-26T08:48:42+00:00","og_image":[{"width":1015,"height":1350,"url":"https:\/\/janex-jl.pl\/wp-content\/uploads\/2021\/05\/47.png","type":"image\/png"}],"twitter_card":"summary_large_image","schema":{"@context":"https:\/\/schema.org","@graph":[{"@type":"WebPage","@id":"https:\/\/janex-jl.pl\/de\/product\/instant-haferflocken-400g\/","url":"https:\/\/janex-jl.pl\/de\/product\/instant-haferflocken-400g\/","name":"Instant-Haferflocken - Janex","isPartOf":{"@id":"https:\/\/janex-jl.pl\/#website"},"primaryImageOfPage":{"@id":"https:\/\/janex-jl.pl\/de\/product\/instant-haferflocken-400g\/#primaryimage"},"image":{"@id":"https:\/\/janex-jl.pl\/de\/product\/instant-haferflocken-400g\/#primaryimage"},"thumbnailUrl":"https:\/\/janex-jl.pl\/wp-content\/uploads\/2021\/05\/47.png","datePublished":"2021-05-19T12:43:00+00:00","dateModified":"2026-01-26T08:48:42+00:00","breadcrumb":{"@id":"https:\/\/janex-jl.pl\/de\/product\/instant-haferflocken-400g\/#breadcrumb"},"inLanguage":"de","potentialAction":[{"@type":"ReadAction","target":["https:\/\/janex-jl.pl\/de\/product\/instant-haferflocken-400g\/"]}]},{"@type":"ImageObject","inLanguage":"de","@id":"https:\/\/janex-jl.pl\/de\/product\/instant-haferflocken-400g\/#primaryimage","url":"https:\/\/janex-jl.pl\/wp-content\/uploads\/2021\/05\/47.png","contentUrl":"https:\/\/janex-jl.pl\/wp-content\/uploads\/2021\/05\/47.png","width":1015,"height":1350},{"@type":"BreadcrumbList","@id":"https:\/\/janex-jl.pl\/de\/product\/instant-haferflocken-400g\/#breadcrumb","itemListElement":[{"@type":"ListItem","position":1,"name":"Strona g\u0142\u00f3wna","item":"https:\/\/janex-jl.pl\/de\/"},{"@type":"ListItem","position":2,"name":"Instant-Haferflocken"}]},{"@type":"WebSite","@id":"https:\/\/janex-jl.pl\/#website","url":"https:\/\/janex-jl.pl\/","name":"Janex \u2013 polski producent kasz","description":"Producent kasz","publisher":{"@id":"https:\/\/janex-jl.pl\/#organization"},"potentialAction":[{"@type":"SearchAction","target":{"@type":"EntryPoint","urlTemplate":"https:\/\/janex-jl.pl\/?s={search_term_string}"},"query-input":{"@type":"PropertyValueSpecification","valueRequired":true,"valueName":"search_term_string"}}],"inLanguage":"de"},{"@type":"Organization","@id":"https:\/\/janex-jl.pl\/#organization","name":"JANEX POLSKI PRODUCENT KASZ SP\u00d3\u0141KA Z OGRANICZON\u0104 ODPOWIEDZIALNO\u015aCI\u0104","url":"https:\/\/janex-jl.pl\/","logo":{"@type":"ImageObject","inLanguage":"de","@id":"https:\/\/janex-jl.pl\/#\/schema\/logo\/image\/","url":"https:\/\/janex-jl.pl\/wp-content\/uploads\/2021\/04\/janex-logo.svg","contentUrl":"https:\/\/janex-jl.pl\/wp-content\/uploads\/2021\/04\/janex-logo.svg","width":112,"height":77,"caption":"JANEX POLSKI PRODUCENT KASZ SP\u00d3\u0141KA Z OGRANICZON\u0104 ODPOWIEDZIALNO\u015aCI\u0104"},"image":{"@id":"https:\/\/janex-jl.pl\/#\/schema\/logo\/image\/"},"sameAs":["https:\/\/www.facebook.com\/JanexZrodloZdrowia\/","https:\/\/www.instagram.com\/twoje_zrodlo_zdrowia\/"]}]}},"_links":{"self":[{"href":"https:\/\/janex-jl.pl\/de\/wp-json\/wp\/v2\/product\/1486","targetHints":{"allow":["GET"]}}],"collection":[{"href":"https:\/\/janex-jl.pl\/de\/wp-json\/wp\/v2\/product"}],"about":[{"href":"https:\/\/janex-jl.pl\/de\/wp-json\/wp\/v2\/types\/product"}],"wp:featuredmedia":[{"embeddable":true,"href":"https:\/\/janex-jl.pl\/de\/wp-json\/wp\/v2\/media\/1357"}],"wp:attachment":[{"href":"https:\/\/janex-jl.pl\/de\/wp-json\/wp\/v2\/media?parent=1486"}],"wp:term":[{"taxonomy":"product_category","embeddable":true,"href":"https:\/\/janex-jl.pl\/de\/wp-json\/wp\/v2\/product_category?post=1486"},{"taxonomy":"weight","embeddable":true,"href":"https:\/\/janex-jl.pl\/de\/wp-json\/wp\/v2\/weight?post=1486"}],"curies":[{"name":"wp","href":"https:\/\/api.w.org\/{rel}","templated":true}]}}