{"id":1445,"date":"2021-05-19T15:23:55","date_gmt":"2021-05-19T13:23:55","guid":{"rendered":"https:\/\/janex-jl.pl\/product\/ryz-parboiled-4x100g\/"},"modified":"2026-01-26T10:11:06","modified_gmt":"2026-01-26T08:11:06","slug":"parboiled-reis","status":"publish","type":"product","link":"https:\/\/janex-jl.pl\/de\/product\/parboiled-reis\/","title":{"rendered":"Parboiled-Reis"},"content":{"rendered":"\n<p>Parboiled-Reis ist schlichtweg Reis, der vor dem Entspelzen einer kurzen thermischen Behandlung mit unter Druck stehendem Wasserdampf unterzogen wurde. Dieses spezielle Verfahren erm\u00f6glicht den Erhalt eines h\u00f6heren N\u00e4hrwerts im Vergleich zu herk\u00f6mmlichem wei\u00dfem Reis. Dies ist darauf zur\u00fcckzuf\u00fchren, dass ein Teil der N\u00e4hrstoffe von der \u00e4u\u00dferen Schale in das Innere des Korns wandert. Zudem ver\u00e4ndern sich die physikalischen Eigenschaften, wodurch der Reis beim Kochen nicht verklebt, nicht \u00fcberm\u00e4\u00dfig aufquillt und stets k\u00f6rnig bleibt.<\/p>\n\n\n\n<p><\/p>\n","protected":false},"featured_media":1334,"template":"","product_category":[61],"weight":[19],"class_list":["post-1445","product","type-product","status-publish","has-post-thumbnail","hentry","product_category-reis","weight-4-x-100-g"],"acf":[],"yoast_head":"<!-- This site is optimized with the Yoast SEO plugin v26.9 - https:\/\/yoast.com\/product\/yoast-seo-wordpress\/ -->\n<title>Parboiled-Reis - Janex<\/title>\n<meta name=\"robots\" content=\"index, follow, max-snippet:-1, max-image-preview:large, max-video-preview:-1\" \/>\n<link rel=\"canonical\" href=\"https:\/\/janex-jl.pl\/de\/product\/parboiled-reis\/\" \/>\n<meta property=\"og:locale\" content=\"de_DE\" \/>\n<meta property=\"og:type\" content=\"article\" \/>\n<meta property=\"og:title\" content=\"Parboiled-Reis - Janex\" \/>\n<meta property=\"og:description\" content=\"Parboiled-Reis ist schlichtweg Reis, der vor dem Entspelzen einer kurzen thermischen Behandlung mit unter Druck stehendem Wasserdampf unterzogen wurde. Dieses spezielle Verfahren erm\u00f6glicht den Erhalt eines h\u00f6heren N\u00e4hrwerts im Vergleich zu herk\u00f6mmlichem wei\u00dfem Reis. Dies ist darauf zur\u00fcckzuf\u00fchren, dass ein Teil der N\u00e4hrstoffe von der \u00e4u\u00dferen Schale in das Innere des Korns wandert. Zudem ver\u00e4ndern &hellip; Continued\" \/>\n<meta property=\"og:url\" content=\"https:\/\/janex-jl.pl\/de\/product\/parboiled-reis\/\" \/>\n<meta property=\"og:site_name\" content=\"Janex\" \/>\n<meta property=\"article:publisher\" content=\"https:\/\/www.facebook.com\/JanexZrodloZdrowia\/\" \/>\n<meta property=\"article:modified_time\" content=\"2026-01-26T08:11:06+00:00\" \/>\n<meta property=\"og:image\" content=\"https:\/\/janex-jl.pl\/wp-content\/uploads\/2021\/05\/35-3.png\" \/>\n\t<meta property=\"og:image:width\" content=\"1015\" \/>\n\t<meta property=\"og:image:height\" content=\"1350\" \/>\n\t<meta property=\"og:image:type\" content=\"image\/png\" \/>\n<meta name=\"twitter:card\" content=\"summary_large_image\" \/>\n<script type=\"application\/ld+json\" class=\"yoast-schema-graph\">{\"@context\":\"https:\/\/schema.org\",\"@graph\":[{\"@type\":\"WebPage\",\"@id\":\"https:\/\/janex-jl.pl\/de\/product\/parboiled-reis\/\",\"url\":\"https:\/\/janex-jl.pl\/de\/product\/parboiled-reis\/\",\"name\":\"Parboiled-Reis - Janex\",\"isPartOf\":{\"@id\":\"https:\/\/janex-jl.pl\/#website\"},\"primaryImageOfPage\":{\"@id\":\"https:\/\/janex-jl.pl\/de\/product\/parboiled-reis\/#primaryimage\"},\"image\":{\"@id\":\"https:\/\/janex-jl.pl\/de\/product\/parboiled-reis\/#primaryimage\"},\"thumbnailUrl\":\"https:\/\/janex-jl.pl\/wp-content\/uploads\/2021\/05\/35-3.png\",\"datePublished\":\"2021-05-19T13:23:55+00:00\",\"dateModified\":\"2026-01-26T08:11:06+00:00\",\"breadcrumb\":{\"@id\":\"https:\/\/janex-jl.pl\/de\/product\/parboiled-reis\/#breadcrumb\"},\"inLanguage\":\"de\",\"potentialAction\":[{\"@type\":\"ReadAction\",\"target\":[\"https:\/\/janex-jl.pl\/de\/product\/parboiled-reis\/\"]}]},{\"@type\":\"ImageObject\",\"inLanguage\":\"de\",\"@id\":\"https:\/\/janex-jl.pl\/de\/product\/parboiled-reis\/#primaryimage\",\"url\":\"https:\/\/janex-jl.pl\/wp-content\/uploads\/2021\/05\/35-3.png\",\"contentUrl\":\"https:\/\/janex-jl.pl\/wp-content\/uploads\/2021\/05\/35-3.png\",\"width\":1015,\"height\":1350},{\"@type\":\"BreadcrumbList\",\"@id\":\"https:\/\/janex-jl.pl\/de\/product\/parboiled-reis\/#breadcrumb\",\"itemListElement\":[{\"@type\":\"ListItem\",\"position\":1,\"name\":\"Strona g\u0142\u00f3wna\",\"item\":\"https:\/\/janex-jl.pl\/de\/\"},{\"@type\":\"ListItem\",\"position\":2,\"name\":\"Parboiled-Reis\"}]},{\"@type\":\"WebSite\",\"@id\":\"https:\/\/janex-jl.pl\/#website\",\"url\":\"https:\/\/janex-jl.pl\/\",\"name\":\"Janex \u2013 polski producent kasz\",\"description\":\"Producent kasz\",\"publisher\":{\"@id\":\"https:\/\/janex-jl.pl\/#organization\"},\"potentialAction\":[{\"@type\":\"SearchAction\",\"target\":{\"@type\":\"EntryPoint\",\"urlTemplate\":\"https:\/\/janex-jl.pl\/?s={search_term_string}\"},\"query-input\":{\"@type\":\"PropertyValueSpecification\",\"valueRequired\":true,\"valueName\":\"search_term_string\"}}],\"inLanguage\":\"de\"},{\"@type\":\"Organization\",\"@id\":\"https:\/\/janex-jl.pl\/#organization\",\"name\":\"JANEX POLSKI PRODUCENT KASZ SP\u00d3\u0141KA Z OGRANICZON\u0104 ODPOWIEDZIALNO\u015aCI\u0104\",\"url\":\"https:\/\/janex-jl.pl\/\",\"logo\":{\"@type\":\"ImageObject\",\"inLanguage\":\"de\",\"@id\":\"https:\/\/janex-jl.pl\/#\/schema\/logo\/image\/\",\"url\":\"https:\/\/janex-jl.pl\/wp-content\/uploads\/2021\/04\/janex-logo.svg\",\"contentUrl\":\"https:\/\/janex-jl.pl\/wp-content\/uploads\/2021\/04\/janex-logo.svg\",\"width\":112,\"height\":77,\"caption\":\"JANEX POLSKI PRODUCENT KASZ SP\u00d3\u0141KA Z OGRANICZON\u0104 ODPOWIEDZIALNO\u015aCI\u0104\"},\"image\":{\"@id\":\"https:\/\/janex-jl.pl\/#\/schema\/logo\/image\/\"},\"sameAs\":[\"https:\/\/www.facebook.com\/JanexZrodloZdrowia\/\",\"https:\/\/www.instagram.com\/twoje_zrodlo_zdrowia\/\"]}]}<\/script>\n<!-- \/ Yoast SEO plugin. -->","yoast_head_json":{"title":"Parboiled-Reis - Janex","robots":{"index":"index","follow":"follow","max-snippet":"max-snippet:-1","max-image-preview":"max-image-preview:large","max-video-preview":"max-video-preview:-1"},"canonical":"https:\/\/janex-jl.pl\/de\/product\/parboiled-reis\/","og_locale":"de_DE","og_type":"article","og_title":"Parboiled-Reis - Janex","og_description":"Parboiled-Reis ist schlichtweg Reis, der vor dem Entspelzen einer kurzen thermischen Behandlung mit unter Druck stehendem Wasserdampf unterzogen wurde. Dieses spezielle Verfahren erm\u00f6glicht den Erhalt eines h\u00f6heren N\u00e4hrwerts im Vergleich zu herk\u00f6mmlichem wei\u00dfem Reis. Dies ist darauf zur\u00fcckzuf\u00fchren, dass ein Teil der N\u00e4hrstoffe von der \u00e4u\u00dferen Schale in das Innere des Korns wandert. Zudem ver\u00e4ndern &hellip; Continued","og_url":"https:\/\/janex-jl.pl\/de\/product\/parboiled-reis\/","og_site_name":"Janex","article_publisher":"https:\/\/www.facebook.com\/JanexZrodloZdrowia\/","article_modified_time":"2026-01-26T08:11:06+00:00","og_image":[{"width":1015,"height":1350,"url":"https:\/\/janex-jl.pl\/wp-content\/uploads\/2021\/05\/35-3.png","type":"image\/png"}],"twitter_card":"summary_large_image","schema":{"@context":"https:\/\/schema.org","@graph":[{"@type":"WebPage","@id":"https:\/\/janex-jl.pl\/de\/product\/parboiled-reis\/","url":"https:\/\/janex-jl.pl\/de\/product\/parboiled-reis\/","name":"Parboiled-Reis - Janex","isPartOf":{"@id":"https:\/\/janex-jl.pl\/#website"},"primaryImageOfPage":{"@id":"https:\/\/janex-jl.pl\/de\/product\/parboiled-reis\/#primaryimage"},"image":{"@id":"https:\/\/janex-jl.pl\/de\/product\/parboiled-reis\/#primaryimage"},"thumbnailUrl":"https:\/\/janex-jl.pl\/wp-content\/uploads\/2021\/05\/35-3.png","datePublished":"2021-05-19T13:23:55+00:00","dateModified":"2026-01-26T08:11:06+00:00","breadcrumb":{"@id":"https:\/\/janex-jl.pl\/de\/product\/parboiled-reis\/#breadcrumb"},"inLanguage":"de","potentialAction":[{"@type":"ReadAction","target":["https:\/\/janex-jl.pl\/de\/product\/parboiled-reis\/"]}]},{"@type":"ImageObject","inLanguage":"de","@id":"https:\/\/janex-jl.pl\/de\/product\/parboiled-reis\/#primaryimage","url":"https:\/\/janex-jl.pl\/wp-content\/uploads\/2021\/05\/35-3.png","contentUrl":"https:\/\/janex-jl.pl\/wp-content\/uploads\/2021\/05\/35-3.png","width":1015,"height":1350},{"@type":"BreadcrumbList","@id":"https:\/\/janex-jl.pl\/de\/product\/parboiled-reis\/#breadcrumb","itemListElement":[{"@type":"ListItem","position":1,"name":"Strona g\u0142\u00f3wna","item":"https:\/\/janex-jl.pl\/de\/"},{"@type":"ListItem","position":2,"name":"Parboiled-Reis"}]},{"@type":"WebSite","@id":"https:\/\/janex-jl.pl\/#website","url":"https:\/\/janex-jl.pl\/","name":"Janex \u2013 polski producent kasz","description":"Producent kasz","publisher":{"@id":"https:\/\/janex-jl.pl\/#organization"},"potentialAction":[{"@type":"SearchAction","target":{"@type":"EntryPoint","urlTemplate":"https:\/\/janex-jl.pl\/?s={search_term_string}"},"query-input":{"@type":"PropertyValueSpecification","valueRequired":true,"valueName":"search_term_string"}}],"inLanguage":"de"},{"@type":"Organization","@id":"https:\/\/janex-jl.pl\/#organization","name":"JANEX POLSKI PRODUCENT KASZ SP\u00d3\u0141KA Z OGRANICZON\u0104 ODPOWIEDZIALNO\u015aCI\u0104","url":"https:\/\/janex-jl.pl\/","logo":{"@type":"ImageObject","inLanguage":"de","@id":"https:\/\/janex-jl.pl\/#\/schema\/logo\/image\/","url":"https:\/\/janex-jl.pl\/wp-content\/uploads\/2021\/04\/janex-logo.svg","contentUrl":"https:\/\/janex-jl.pl\/wp-content\/uploads\/2021\/04\/janex-logo.svg","width":112,"height":77,"caption":"JANEX POLSKI PRODUCENT KASZ SP\u00d3\u0141KA Z OGRANICZON\u0104 ODPOWIEDZIALNO\u015aCI\u0104"},"image":{"@id":"https:\/\/janex-jl.pl\/#\/schema\/logo\/image\/"},"sameAs":["https:\/\/www.facebook.com\/JanexZrodloZdrowia\/","https:\/\/www.instagram.com\/twoje_zrodlo_zdrowia\/"]}]}},"_links":{"self":[{"href":"https:\/\/janex-jl.pl\/de\/wp-json\/wp\/v2\/product\/1445","targetHints":{"allow":["GET"]}}],"collection":[{"href":"https:\/\/janex-jl.pl\/de\/wp-json\/wp\/v2\/product"}],"about":[{"href":"https:\/\/janex-jl.pl\/de\/wp-json\/wp\/v2\/types\/product"}],"wp:featuredmedia":[{"embeddable":true,"href":"https:\/\/janex-jl.pl\/de\/wp-json\/wp\/v2\/media\/1334"}],"wp:attachment":[{"href":"https:\/\/janex-jl.pl\/de\/wp-json\/wp\/v2\/media?parent=1445"}],"wp:term":[{"taxonomy":"product_category","embeddable":true,"href":"https:\/\/janex-jl.pl\/de\/wp-json\/wp\/v2\/product_category?post=1445"},{"taxonomy":"weight","embeddable":true,"href":"https:\/\/janex-jl.pl\/de\/wp-json\/wp\/v2\/weight?post=1445"}],"curies":[{"name":"wp","href":"https:\/\/api.w.org\/{rel}","templated":true}]}}