{"id":1443,"date":"2021-05-26T15:50:01","date_gmt":"2021-05-26T13:50:01","guid":{"rendered":"https:\/\/janex-jl.pl\/product\/maka-ziemniaczana-1kg\/"},"modified":"2026-01-26T10:09:38","modified_gmt":"2026-01-26T08:09:38","slug":"kartoffelstaerke","status":"publish","type":"product","link":"https:\/\/janex-jl.pl\/de\/product\/kartoffelstaerke\/","title":{"rendered":"Kartoffelst\u00e4rke"},"content":{"rendered":"\n<p>Kartoffelst\u00e4rke besteht zu 84 % aus St\u00e4rke, der Rest entf\u00e4llt auf Wasser. Sie ist prim\u00e4r eine Kohlenhydratquelle, da sie nahezu keine Proteine oder Fette enth\u00e4lt. In ihrer Zusammensetzung finden sich zudem die Vitamine C und B6 sowie Mineralstoffe wie Phosphor, Kalzium, Kalium, Magnesium und Natrium. Die St\u00e4rke ist glutenfrei und eignet sich daher hervorragend f\u00fcr eine glutenfreie und leicht verdauliche Ern\u00e4hrung. Kartoffelst\u00e4rke besitzt hygroskopische, auflockernde und verdickende Eigenschaften. In kaltem Wasser l\u00f6st sie sich nicht auf, bildet jedoch in Kombination mit hei\u00dfem Wasser einen kristallklaren Kleister. Sie findet Verwendung als Verdickungsmittel f\u00fcr Suppen, Saucen, Fruchtgr\u00fctzen und Puddings sowie beim Backen von Kuchen.<\/p>\n\n\n\n<p><\/p>\n","protected":false},"featured_media":1352,"template":"","product_category":[63],"weight":[16],"class_list":["post-1443","product","type-product","status-publish","has-post-thumbnail","hentry","product_category-mehle","weight-1-kg"],"acf":[],"yoast_head":"<!-- This site is optimized with the Yoast SEO plugin v26.9 - https:\/\/yoast.com\/product\/yoast-seo-wordpress\/ -->\n<title>Kartoffelst\u00e4rke - Janex<\/title>\n<meta name=\"robots\" content=\"index, follow, max-snippet:-1, max-image-preview:large, max-video-preview:-1\" \/>\n<link rel=\"canonical\" href=\"https:\/\/janex-jl.pl\/de\/product\/kartoffelstaerke\/\" \/>\n<meta property=\"og:locale\" content=\"de_DE\" \/>\n<meta property=\"og:type\" content=\"article\" \/>\n<meta property=\"og:title\" content=\"Kartoffelst\u00e4rke - Janex\" \/>\n<meta property=\"og:description\" content=\"Kartoffelst\u00e4rke besteht zu 84 % aus St\u00e4rke, der Rest entf\u00e4llt auf Wasser. Sie ist prim\u00e4r eine Kohlenhydratquelle, da sie nahezu keine Proteine oder Fette enth\u00e4lt. In ihrer Zusammensetzung finden sich zudem die Vitamine C und B6 sowie Mineralstoffe wie Phosphor, Kalzium, Kalium, Magnesium und Natrium. Die St\u00e4rke ist glutenfrei und eignet sich daher hervorragend f\u00fcr &hellip; Continued\" \/>\n<meta property=\"og:url\" content=\"https:\/\/janex-jl.pl\/de\/product\/kartoffelstaerke\/\" \/>\n<meta property=\"og:site_name\" content=\"Janex\" \/>\n<meta property=\"article:publisher\" content=\"https:\/\/www.facebook.com\/JanexZrodloZdrowia\/\" \/>\n<meta property=\"article:modified_time\" content=\"2026-01-26T08:09:38+00:00\" \/>\n<meta property=\"og:image\" content=\"https:\/\/janex-jl.pl\/wp-content\/uploads\/2022\/11\/48.png\" \/>\n\t<meta property=\"og:image:width\" content=\"1015\" \/>\n\t<meta property=\"og:image:height\" content=\"1350\" \/>\n\t<meta property=\"og:image:type\" content=\"image\/png\" \/>\n<meta name=\"twitter:card\" content=\"summary_large_image\" \/>\n<script type=\"application\/ld+json\" class=\"yoast-schema-graph\">{\"@context\":\"https:\/\/schema.org\",\"@graph\":[{\"@type\":\"WebPage\",\"@id\":\"https:\/\/janex-jl.pl\/de\/product\/kartoffelstaerke\/\",\"url\":\"https:\/\/janex-jl.pl\/de\/product\/kartoffelstaerke\/\",\"name\":\"Kartoffelst\u00e4rke - Janex\",\"isPartOf\":{\"@id\":\"https:\/\/janex-jl.pl\/#website\"},\"primaryImageOfPage\":{\"@id\":\"https:\/\/janex-jl.pl\/de\/product\/kartoffelstaerke\/#primaryimage\"},\"image\":{\"@id\":\"https:\/\/janex-jl.pl\/de\/product\/kartoffelstaerke\/#primaryimage\"},\"thumbnailUrl\":\"https:\/\/janex-jl.pl\/wp-content\/uploads\/2022\/11\/48.png\",\"datePublished\":\"2021-05-26T13:50:01+00:00\",\"dateModified\":\"2026-01-26T08:09:38+00:00\",\"breadcrumb\":{\"@id\":\"https:\/\/janex-jl.pl\/de\/product\/kartoffelstaerke\/#breadcrumb\"},\"inLanguage\":\"de\",\"potentialAction\":[{\"@type\":\"ReadAction\",\"target\":[\"https:\/\/janex-jl.pl\/de\/product\/kartoffelstaerke\/\"]}]},{\"@type\":\"ImageObject\",\"inLanguage\":\"de\",\"@id\":\"https:\/\/janex-jl.pl\/de\/product\/kartoffelstaerke\/#primaryimage\",\"url\":\"https:\/\/janex-jl.pl\/wp-content\/uploads\/2022\/11\/48.png\",\"contentUrl\":\"https:\/\/janex-jl.pl\/wp-content\/uploads\/2022\/11\/48.png\",\"width\":1015,\"height\":1350},{\"@type\":\"BreadcrumbList\",\"@id\":\"https:\/\/janex-jl.pl\/de\/product\/kartoffelstaerke\/#breadcrumb\",\"itemListElement\":[{\"@type\":\"ListItem\",\"position\":1,\"name\":\"Strona g\u0142\u00f3wna\",\"item\":\"https:\/\/janex-jl.pl\/de\/\"},{\"@type\":\"ListItem\",\"position\":2,\"name\":\"Kartoffelst\u00e4rke\"}]},{\"@type\":\"WebSite\",\"@id\":\"https:\/\/janex-jl.pl\/#website\",\"url\":\"https:\/\/janex-jl.pl\/\",\"name\":\"Janex \u2013 polski producent kasz\",\"description\":\"Producent kasz\",\"publisher\":{\"@id\":\"https:\/\/janex-jl.pl\/#organization\"},\"potentialAction\":[{\"@type\":\"SearchAction\",\"target\":{\"@type\":\"EntryPoint\",\"urlTemplate\":\"https:\/\/janex-jl.pl\/?s={search_term_string}\"},\"query-input\":{\"@type\":\"PropertyValueSpecification\",\"valueRequired\":true,\"valueName\":\"search_term_string\"}}],\"inLanguage\":\"de\"},{\"@type\":\"Organization\",\"@id\":\"https:\/\/janex-jl.pl\/#organization\",\"name\":\"JANEX POLSKI PRODUCENT KASZ SP\u00d3\u0141KA Z OGRANICZON\u0104 ODPOWIEDZIALNO\u015aCI\u0104\",\"url\":\"https:\/\/janex-jl.pl\/\",\"logo\":{\"@type\":\"ImageObject\",\"inLanguage\":\"de\",\"@id\":\"https:\/\/janex-jl.pl\/#\/schema\/logo\/image\/\",\"url\":\"https:\/\/janex-jl.pl\/wp-content\/uploads\/2021\/04\/janex-logo.svg\",\"contentUrl\":\"https:\/\/janex-jl.pl\/wp-content\/uploads\/2021\/04\/janex-logo.svg\",\"width\":112,\"height\":77,\"caption\":\"JANEX POLSKI PRODUCENT KASZ SP\u00d3\u0141KA Z OGRANICZON\u0104 ODPOWIEDZIALNO\u015aCI\u0104\"},\"image\":{\"@id\":\"https:\/\/janex-jl.pl\/#\/schema\/logo\/image\/\"},\"sameAs\":[\"https:\/\/www.facebook.com\/JanexZrodloZdrowia\/\",\"https:\/\/www.instagram.com\/twoje_zrodlo_zdrowia\/\"]}]}<\/script>\n<!-- \/ Yoast SEO plugin. -->","yoast_head_json":{"title":"Kartoffelst\u00e4rke - Janex","robots":{"index":"index","follow":"follow","max-snippet":"max-snippet:-1","max-image-preview":"max-image-preview:large","max-video-preview":"max-video-preview:-1"},"canonical":"https:\/\/janex-jl.pl\/de\/product\/kartoffelstaerke\/","og_locale":"de_DE","og_type":"article","og_title":"Kartoffelst\u00e4rke - Janex","og_description":"Kartoffelst\u00e4rke besteht zu 84 % aus St\u00e4rke, der Rest entf\u00e4llt auf Wasser. Sie ist prim\u00e4r eine Kohlenhydratquelle, da sie nahezu keine Proteine oder Fette enth\u00e4lt. In ihrer Zusammensetzung finden sich zudem die Vitamine C und B6 sowie Mineralstoffe wie Phosphor, Kalzium, Kalium, Magnesium und Natrium. Die St\u00e4rke ist glutenfrei und eignet sich daher hervorragend f\u00fcr &hellip; Continued","og_url":"https:\/\/janex-jl.pl\/de\/product\/kartoffelstaerke\/","og_site_name":"Janex","article_publisher":"https:\/\/www.facebook.com\/JanexZrodloZdrowia\/","article_modified_time":"2026-01-26T08:09:38+00:00","og_image":[{"width":1015,"height":1350,"url":"https:\/\/janex-jl.pl\/wp-content\/uploads\/2022\/11\/48.png","type":"image\/png"}],"twitter_card":"summary_large_image","schema":{"@context":"https:\/\/schema.org","@graph":[{"@type":"WebPage","@id":"https:\/\/janex-jl.pl\/de\/product\/kartoffelstaerke\/","url":"https:\/\/janex-jl.pl\/de\/product\/kartoffelstaerke\/","name":"Kartoffelst\u00e4rke - Janex","isPartOf":{"@id":"https:\/\/janex-jl.pl\/#website"},"primaryImageOfPage":{"@id":"https:\/\/janex-jl.pl\/de\/product\/kartoffelstaerke\/#primaryimage"},"image":{"@id":"https:\/\/janex-jl.pl\/de\/product\/kartoffelstaerke\/#primaryimage"},"thumbnailUrl":"https:\/\/janex-jl.pl\/wp-content\/uploads\/2022\/11\/48.png","datePublished":"2021-05-26T13:50:01+00:00","dateModified":"2026-01-26T08:09:38+00:00","breadcrumb":{"@id":"https:\/\/janex-jl.pl\/de\/product\/kartoffelstaerke\/#breadcrumb"},"inLanguage":"de","potentialAction":[{"@type":"ReadAction","target":["https:\/\/janex-jl.pl\/de\/product\/kartoffelstaerke\/"]}]},{"@type":"ImageObject","inLanguage":"de","@id":"https:\/\/janex-jl.pl\/de\/product\/kartoffelstaerke\/#primaryimage","url":"https:\/\/janex-jl.pl\/wp-content\/uploads\/2022\/11\/48.png","contentUrl":"https:\/\/janex-jl.pl\/wp-content\/uploads\/2022\/11\/48.png","width":1015,"height":1350},{"@type":"BreadcrumbList","@id":"https:\/\/janex-jl.pl\/de\/product\/kartoffelstaerke\/#breadcrumb","itemListElement":[{"@type":"ListItem","position":1,"name":"Strona g\u0142\u00f3wna","item":"https:\/\/janex-jl.pl\/de\/"},{"@type":"ListItem","position":2,"name":"Kartoffelst\u00e4rke"}]},{"@type":"WebSite","@id":"https:\/\/janex-jl.pl\/#website","url":"https:\/\/janex-jl.pl\/","name":"Janex \u2013 polski producent kasz","description":"Producent kasz","publisher":{"@id":"https:\/\/janex-jl.pl\/#organization"},"potentialAction":[{"@type":"SearchAction","target":{"@type":"EntryPoint","urlTemplate":"https:\/\/janex-jl.pl\/?s={search_term_string}"},"query-input":{"@type":"PropertyValueSpecification","valueRequired":true,"valueName":"search_term_string"}}],"inLanguage":"de"},{"@type":"Organization","@id":"https:\/\/janex-jl.pl\/#organization","name":"JANEX POLSKI PRODUCENT KASZ SP\u00d3\u0141KA Z OGRANICZON\u0104 ODPOWIEDZIALNO\u015aCI\u0104","url":"https:\/\/janex-jl.pl\/","logo":{"@type":"ImageObject","inLanguage":"de","@id":"https:\/\/janex-jl.pl\/#\/schema\/logo\/image\/","url":"https:\/\/janex-jl.pl\/wp-content\/uploads\/2021\/04\/janex-logo.svg","contentUrl":"https:\/\/janex-jl.pl\/wp-content\/uploads\/2021\/04\/janex-logo.svg","width":112,"height":77,"caption":"JANEX POLSKI PRODUCENT KASZ SP\u00d3\u0141KA Z OGRANICZON\u0104 ODPOWIEDZIALNO\u015aCI\u0104"},"image":{"@id":"https:\/\/janex-jl.pl\/#\/schema\/logo\/image\/"},"sameAs":["https:\/\/www.facebook.com\/JanexZrodloZdrowia\/","https:\/\/www.instagram.com\/twoje_zrodlo_zdrowia\/"]}]}},"_links":{"self":[{"href":"https:\/\/janex-jl.pl\/de\/wp-json\/wp\/v2\/product\/1443","targetHints":{"allow":["GET"]}}],"collection":[{"href":"https:\/\/janex-jl.pl\/de\/wp-json\/wp\/v2\/product"}],"about":[{"href":"https:\/\/janex-jl.pl\/de\/wp-json\/wp\/v2\/types\/product"}],"wp:featuredmedia":[{"embeddable":true,"href":"https:\/\/janex-jl.pl\/de\/wp-json\/wp\/v2\/media\/1352"}],"wp:attachment":[{"href":"https:\/\/janex-jl.pl\/de\/wp-json\/wp\/v2\/media?parent=1443"}],"wp:term":[{"taxonomy":"product_category","embeddable":true,"href":"https:\/\/janex-jl.pl\/de\/wp-json\/wp\/v2\/product_category?post=1443"},{"taxonomy":"weight","embeddable":true,"href":"https:\/\/janex-jl.pl\/de\/wp-json\/wp\/v2\/weight?post=1443"}],"curies":[{"name":"wp","href":"https:\/\/api.w.org\/{rel}","templated":true}]}}