{"id":1441,"date":"2021-10-04T15:44:57","date_gmt":"2021-10-04T13:44:57","guid":{"rendered":"https:\/\/janex-jl.pl\/product\/kasza-gryczana-biala\/"},"modified":"2026-01-26T10:07:45","modified_gmt":"2026-01-26T08:07:45","slug":"weisse-buchweizengruetze","status":"publish","type":"product","link":"https:\/\/janex-jl.pl\/de\/product\/weisse-buchweizengruetze\/","title":{"rendered":"Wei\u00dfe Buchweizengr\u00fctze"},"content":{"rendered":"\n<p>Wei\u00dfe Buchweizengr\u00fctze geh\u00f6rt aufgrund ihres geringen Verarbeitungsgrades zu den wertvollsten Getreideprodukten f\u00fcr den K\u00f6rper. Sie hilft dabei, den S\u00e4ure-Basen-Haushalt des Organismus im Gleichgewicht zu halten. Sie dient als Quelle f\u00fcr essenzielle Aminos\u00e4uren und Spurenelemente wie Zink, Kupfer, Eisen, Kalium und Mangan. Wie die meisten Gr\u00fctzsorten liefert sie lebensnotwendige Ballaststoffe, die f\u00fcr ein langanhaltendes S\u00e4ttigungsgef\u00fchl sorgen, die Funktion des Verdauungstrakts unterst\u00fctzen, den Kohlenhydratstoffwechsel regulieren und den Cholesterinspiegel senken.<\/p>\n\n\n\n<p>Sie ist bestens f\u00fcr eine Ern\u00e4hrung mit niedrigem glyk\u00e4mischem Index sowie f\u00fcr eine glutenfreie Di\u00e4t geeignet. Im Gegensatz zur bekannteren ger\u00f6steten Variante ist ihr Geschmack mild, weshalb sie in der K\u00fcche hervorragend als Alternative zu Reis verwendet werden kann. Sie eignet sich ideal f\u00fcr Fleischgerichte, Salate, Suppen und s\u00fc\u00dfe Speisen.<\/p>\n\n\n\n<p><\/p>\n","protected":false},"featured_media":1224,"template":"","product_category":[60],"weight":[17],"class_list":["post-1441","product","type-product","status-publish","has-post-thumbnail","hentry","product_category-gruetzen","weight-500-g"],"acf":[],"yoast_head":"<!-- This site is optimized with the Yoast SEO plugin v26.9 - https:\/\/yoast.com\/product\/yoast-seo-wordpress\/ -->\n<title>Wei\u00dfe Buchweizengr\u00fctze - Janex<\/title>\n<meta name=\"robots\" content=\"index, follow, max-snippet:-1, max-image-preview:large, max-video-preview:-1\" \/>\n<link rel=\"canonical\" href=\"https:\/\/janex-jl.pl\/de\/product\/weisse-buchweizengruetze\/\" \/>\n<meta property=\"og:locale\" content=\"de_DE\" \/>\n<meta property=\"og:type\" content=\"article\" \/>\n<meta property=\"og:title\" content=\"Wei\u00dfe Buchweizengr\u00fctze - Janex\" \/>\n<meta property=\"og:description\" content=\"Wei\u00dfe Buchweizengr\u00fctze geh\u00f6rt aufgrund ihres geringen Verarbeitungsgrades zu den wertvollsten Getreideprodukten f\u00fcr den K\u00f6rper. Sie hilft dabei, den S\u00e4ure-Basen-Haushalt des Organismus im Gleichgewicht zu halten. Sie dient als Quelle f\u00fcr essenzielle Aminos\u00e4uren und Spurenelemente wie Zink, Kupfer, Eisen, Kalium und Mangan. Wie die meisten Gr\u00fctzsorten liefert sie lebensnotwendige Ballaststoffe, die f\u00fcr ein langanhaltendes S\u00e4ttigungsgef\u00fchl sorgen, &hellip; Continued\" \/>\n<meta property=\"og:url\" content=\"https:\/\/janex-jl.pl\/de\/product\/weisse-buchweizengruetze\/\" \/>\n<meta property=\"og:site_name\" content=\"Janex\" \/>\n<meta property=\"article:publisher\" content=\"https:\/\/www.facebook.com\/JanexZrodloZdrowia\/\" \/>\n<meta property=\"article:modified_time\" content=\"2026-01-26T08:07:45+00:00\" \/>\n<meta property=\"og:image\" content=\"https:\/\/janex-jl.pl\/wp-content\/uploads\/2021\/06\/kasza-gryczana-bialy-500g.jpg\" \/>\n\t<meta property=\"og:image:width\" content=\"737\" \/>\n\t<meta property=\"og:image:height\" content=\"887\" \/>\n\t<meta property=\"og:image:type\" content=\"image\/jpeg\" \/>\n<meta name=\"twitter:card\" content=\"summary_large_image\" \/>\n<script type=\"application\/ld+json\" class=\"yoast-schema-graph\">{\"@context\":\"https:\/\/schema.org\",\"@graph\":[{\"@type\":\"WebPage\",\"@id\":\"https:\/\/janex-jl.pl\/de\/product\/weisse-buchweizengruetze\/\",\"url\":\"https:\/\/janex-jl.pl\/de\/product\/weisse-buchweizengruetze\/\",\"name\":\"Wei\u00dfe Buchweizengr\u00fctze - Janex\",\"isPartOf\":{\"@id\":\"https:\/\/janex-jl.pl\/#website\"},\"primaryImageOfPage\":{\"@id\":\"https:\/\/janex-jl.pl\/de\/product\/weisse-buchweizengruetze\/#primaryimage\"},\"image\":{\"@id\":\"https:\/\/janex-jl.pl\/de\/product\/weisse-buchweizengruetze\/#primaryimage\"},\"thumbnailUrl\":\"https:\/\/janex-jl.pl\/wp-content\/uploads\/2021\/06\/kasza-gryczana-bialy-500g.jpg\",\"datePublished\":\"2021-10-04T13:44:57+00:00\",\"dateModified\":\"2026-01-26T08:07:45+00:00\",\"breadcrumb\":{\"@id\":\"https:\/\/janex-jl.pl\/de\/product\/weisse-buchweizengruetze\/#breadcrumb\"},\"inLanguage\":\"de\",\"potentialAction\":[{\"@type\":\"ReadAction\",\"target\":[\"https:\/\/janex-jl.pl\/de\/product\/weisse-buchweizengruetze\/\"]}]},{\"@type\":\"ImageObject\",\"inLanguage\":\"de\",\"@id\":\"https:\/\/janex-jl.pl\/de\/product\/weisse-buchweizengruetze\/#primaryimage\",\"url\":\"https:\/\/janex-jl.pl\/wp-content\/uploads\/2021\/06\/kasza-gryczana-bialy-500g.jpg\",\"contentUrl\":\"https:\/\/janex-jl.pl\/wp-content\/uploads\/2021\/06\/kasza-gryczana-bialy-500g.jpg\",\"width\":737,\"height\":887},{\"@type\":\"BreadcrumbList\",\"@id\":\"https:\/\/janex-jl.pl\/de\/product\/weisse-buchweizengruetze\/#breadcrumb\",\"itemListElement\":[{\"@type\":\"ListItem\",\"position\":1,\"name\":\"Strona g\u0142\u00f3wna\",\"item\":\"https:\/\/janex-jl.pl\/de\/\"},{\"@type\":\"ListItem\",\"position\":2,\"name\":\"Wei\u00dfe Buchweizengr\u00fctze\"}]},{\"@type\":\"WebSite\",\"@id\":\"https:\/\/janex-jl.pl\/#website\",\"url\":\"https:\/\/janex-jl.pl\/\",\"name\":\"Janex \u2013 polski producent kasz\",\"description\":\"Producent kasz\",\"publisher\":{\"@id\":\"https:\/\/janex-jl.pl\/#organization\"},\"potentialAction\":[{\"@type\":\"SearchAction\",\"target\":{\"@type\":\"EntryPoint\",\"urlTemplate\":\"https:\/\/janex-jl.pl\/?s={search_term_string}\"},\"query-input\":{\"@type\":\"PropertyValueSpecification\",\"valueRequired\":true,\"valueName\":\"search_term_string\"}}],\"inLanguage\":\"de\"},{\"@type\":\"Organization\",\"@id\":\"https:\/\/janex-jl.pl\/#organization\",\"name\":\"JANEX POLSKI PRODUCENT KASZ SP\u00d3\u0141KA Z OGRANICZON\u0104 ODPOWIEDZIALNO\u015aCI\u0104\",\"url\":\"https:\/\/janex-jl.pl\/\",\"logo\":{\"@type\":\"ImageObject\",\"inLanguage\":\"de\",\"@id\":\"https:\/\/janex-jl.pl\/#\/schema\/logo\/image\/\",\"url\":\"https:\/\/janex-jl.pl\/wp-content\/uploads\/2021\/04\/janex-logo.svg\",\"contentUrl\":\"https:\/\/janex-jl.pl\/wp-content\/uploads\/2021\/04\/janex-logo.svg\",\"width\":112,\"height\":77,\"caption\":\"JANEX POLSKI PRODUCENT KASZ SP\u00d3\u0141KA Z OGRANICZON\u0104 ODPOWIEDZIALNO\u015aCI\u0104\"},\"image\":{\"@id\":\"https:\/\/janex-jl.pl\/#\/schema\/logo\/image\/\"},\"sameAs\":[\"https:\/\/www.facebook.com\/JanexZrodloZdrowia\/\",\"https:\/\/www.instagram.com\/twoje_zrodlo_zdrowia\/\"]}]}<\/script>\n<!-- \/ Yoast SEO plugin. -->","yoast_head_json":{"title":"Wei\u00dfe Buchweizengr\u00fctze - Janex","robots":{"index":"index","follow":"follow","max-snippet":"max-snippet:-1","max-image-preview":"max-image-preview:large","max-video-preview":"max-video-preview:-1"},"canonical":"https:\/\/janex-jl.pl\/de\/product\/weisse-buchweizengruetze\/","og_locale":"de_DE","og_type":"article","og_title":"Wei\u00dfe Buchweizengr\u00fctze - Janex","og_description":"Wei\u00dfe Buchweizengr\u00fctze geh\u00f6rt aufgrund ihres geringen Verarbeitungsgrades zu den wertvollsten Getreideprodukten f\u00fcr den K\u00f6rper. Sie hilft dabei, den S\u00e4ure-Basen-Haushalt des Organismus im Gleichgewicht zu halten. Sie dient als Quelle f\u00fcr essenzielle Aminos\u00e4uren und Spurenelemente wie Zink, Kupfer, Eisen, Kalium und Mangan. Wie die meisten Gr\u00fctzsorten liefert sie lebensnotwendige Ballaststoffe, die f\u00fcr ein langanhaltendes S\u00e4ttigungsgef\u00fchl sorgen, &hellip; Continued","og_url":"https:\/\/janex-jl.pl\/de\/product\/weisse-buchweizengruetze\/","og_site_name":"Janex","article_publisher":"https:\/\/www.facebook.com\/JanexZrodloZdrowia\/","article_modified_time":"2026-01-26T08:07:45+00:00","og_image":[{"width":737,"height":887,"url":"https:\/\/janex-jl.pl\/wp-content\/uploads\/2021\/06\/kasza-gryczana-bialy-500g.jpg","type":"image\/jpeg"}],"twitter_card":"summary_large_image","schema":{"@context":"https:\/\/schema.org","@graph":[{"@type":"WebPage","@id":"https:\/\/janex-jl.pl\/de\/product\/weisse-buchweizengruetze\/","url":"https:\/\/janex-jl.pl\/de\/product\/weisse-buchweizengruetze\/","name":"Wei\u00dfe Buchweizengr\u00fctze - Janex","isPartOf":{"@id":"https:\/\/janex-jl.pl\/#website"},"primaryImageOfPage":{"@id":"https:\/\/janex-jl.pl\/de\/product\/weisse-buchweizengruetze\/#primaryimage"},"image":{"@id":"https:\/\/janex-jl.pl\/de\/product\/weisse-buchweizengruetze\/#primaryimage"},"thumbnailUrl":"https:\/\/janex-jl.pl\/wp-content\/uploads\/2021\/06\/kasza-gryczana-bialy-500g.jpg","datePublished":"2021-10-04T13:44:57+00:00","dateModified":"2026-01-26T08:07:45+00:00","breadcrumb":{"@id":"https:\/\/janex-jl.pl\/de\/product\/weisse-buchweizengruetze\/#breadcrumb"},"inLanguage":"de","potentialAction":[{"@type":"ReadAction","target":["https:\/\/janex-jl.pl\/de\/product\/weisse-buchweizengruetze\/"]}]},{"@type":"ImageObject","inLanguage":"de","@id":"https:\/\/janex-jl.pl\/de\/product\/weisse-buchweizengruetze\/#primaryimage","url":"https:\/\/janex-jl.pl\/wp-content\/uploads\/2021\/06\/kasza-gryczana-bialy-500g.jpg","contentUrl":"https:\/\/janex-jl.pl\/wp-content\/uploads\/2021\/06\/kasza-gryczana-bialy-500g.jpg","width":737,"height":887},{"@type":"BreadcrumbList","@id":"https:\/\/janex-jl.pl\/de\/product\/weisse-buchweizengruetze\/#breadcrumb","itemListElement":[{"@type":"ListItem","position":1,"name":"Strona g\u0142\u00f3wna","item":"https:\/\/janex-jl.pl\/de\/"},{"@type":"ListItem","position":2,"name":"Wei\u00dfe Buchweizengr\u00fctze"}]},{"@type":"WebSite","@id":"https:\/\/janex-jl.pl\/#website","url":"https:\/\/janex-jl.pl\/","name":"Janex \u2013 polski producent kasz","description":"Producent kasz","publisher":{"@id":"https:\/\/janex-jl.pl\/#organization"},"potentialAction":[{"@type":"SearchAction","target":{"@type":"EntryPoint","urlTemplate":"https:\/\/janex-jl.pl\/?s={search_term_string}"},"query-input":{"@type":"PropertyValueSpecification","valueRequired":true,"valueName":"search_term_string"}}],"inLanguage":"de"},{"@type":"Organization","@id":"https:\/\/janex-jl.pl\/#organization","name":"JANEX POLSKI PRODUCENT KASZ SP\u00d3\u0141KA Z OGRANICZON\u0104 ODPOWIEDZIALNO\u015aCI\u0104","url":"https:\/\/janex-jl.pl\/","logo":{"@type":"ImageObject","inLanguage":"de","@id":"https:\/\/janex-jl.pl\/#\/schema\/logo\/image\/","url":"https:\/\/janex-jl.pl\/wp-content\/uploads\/2021\/04\/janex-logo.svg","contentUrl":"https:\/\/janex-jl.pl\/wp-content\/uploads\/2021\/04\/janex-logo.svg","width":112,"height":77,"caption":"JANEX POLSKI PRODUCENT KASZ SP\u00d3\u0141KA Z OGRANICZON\u0104 ODPOWIEDZIALNO\u015aCI\u0104"},"image":{"@id":"https:\/\/janex-jl.pl\/#\/schema\/logo\/image\/"},"sameAs":["https:\/\/www.facebook.com\/JanexZrodloZdrowia\/","https:\/\/www.instagram.com\/twoje_zrodlo_zdrowia\/"]}]}},"_links":{"self":[{"href":"https:\/\/janex-jl.pl\/de\/wp-json\/wp\/v2\/product\/1441","targetHints":{"allow":["GET"]}}],"collection":[{"href":"https:\/\/janex-jl.pl\/de\/wp-json\/wp\/v2\/product"}],"about":[{"href":"https:\/\/janex-jl.pl\/de\/wp-json\/wp\/v2\/types\/product"}],"wp:featuredmedia":[{"embeddable":true,"href":"https:\/\/janex-jl.pl\/de\/wp-json\/wp\/v2\/media\/1224"}],"wp:attachment":[{"href":"https:\/\/janex-jl.pl\/de\/wp-json\/wp\/v2\/media?parent=1441"}],"wp:term":[{"taxonomy":"product_category","embeddable":true,"href":"https:\/\/janex-jl.pl\/de\/wp-json\/wp\/v2\/product_category?post=1441"},{"taxonomy":"weight","embeddable":true,"href":"https:\/\/janex-jl.pl\/de\/wp-json\/wp\/v2\/weight?post=1441"}],"curies":[{"name":"wp","href":"https:\/\/api.w.org\/{rel}","templated":true}]}}