{"id":1439,"date":"2021-10-04T16:06:25","date_gmt":"2021-10-04T14:06:25","guid":{"rendered":"https:\/\/janex-jl.pl\/product\/groch-luskany-polowki\/"},"modified":"2026-01-26T10:06:17","modified_gmt":"2026-01-26T08:06:17","slug":"gelbe-schaelerbsen-halbiert","status":"publish","type":"product","link":"https:\/\/janex-jl.pl\/de\/product\/gelbe-schaelerbsen-halbiert\/","title":{"rendered":"Gelbe Sch\u00e4lerbsen (halbiert)"},"content":{"rendered":"\n<p>Erbsen sind in erster Linie eine hervorragende Eiwei\u00dfquelle und enthalten essenzielle Aminos\u00e4uren, die \u00fcber die Nahrung zugef\u00fchrt werden m\u00fcssen, da der K\u00f6rper sie nicht selbst synthetisieren kann. Sie liefern zudem Mineralstoffe wie Eisen, Kalzium, Phosphor, Magnesium und Kalium. Dar\u00fcber hinaus enthalten sie Vitamine der B-Gruppe, die das Nervensystem sch\u00fctzen, zur Vorbeugung von Angstzust\u00e4nden und Depressionen beitragen und die Auswirkungen von Stress mildern.<\/p>\n\n\n\n<p>Sie sind zudem eine wertvolle Ballaststoffquelle, welche die Verdauung f\u00f6rdert. Erbsen wirken basenbildend und neutralisieren die \u00fcbers\u00e4uernde Wirkung anderer Lebensmittel. Da diese H\u00fclsenfrucht jedoch schwer verdaulich ist, empfiehlt sich die Kombination mit Gew\u00fcrzen wie Basilikum, K\u00fcmmel, Dill oder Majoran. Sie finden vielseitige Verwendung in Suppen, Bratlingen, F\u00fcllungen, Eint\u00f6pfen und Brotaufstrichen.<\/p>\n\n\n\n<p><\/p>\n","protected":false},"featured_media":1229,"template":"","product_category":[62],"weight":[17],"class_list":["post-1439","product","type-product","status-publish","has-post-thumbnail","hentry","product_category-huelsenfruechte","weight-500-g"],"acf":[],"yoast_head":"<!-- This site is optimized with the Yoast SEO plugin v26.9 - https:\/\/yoast.com\/product\/yoast-seo-wordpress\/ -->\n<title>Gelbe Sch\u00e4lerbsen (halbiert) - Janex<\/title>\n<meta name=\"robots\" content=\"index, follow, max-snippet:-1, max-image-preview:large, max-video-preview:-1\" \/>\n<link rel=\"canonical\" href=\"https:\/\/janex-jl.pl\/de\/product\/gelbe-schaelerbsen-halbiert\/\" \/>\n<meta property=\"og:locale\" content=\"de_DE\" \/>\n<meta property=\"og:type\" content=\"article\" \/>\n<meta property=\"og:title\" content=\"Gelbe Sch\u00e4lerbsen (halbiert) - Janex\" \/>\n<meta property=\"og:description\" content=\"Erbsen sind in erster Linie eine hervorragende Eiwei\u00dfquelle und enthalten essenzielle Aminos\u00e4uren, die \u00fcber die Nahrung zugef\u00fchrt werden m\u00fcssen, da der K\u00f6rper sie nicht selbst synthetisieren kann. Sie liefern zudem Mineralstoffe wie Eisen, Kalzium, Phosphor, Magnesium und Kalium. Dar\u00fcber hinaus enthalten sie Vitamine der B-Gruppe, die das Nervensystem sch\u00fctzen, zur Vorbeugung von Angstzust\u00e4nden und Depressionen &hellip; Continued\" \/>\n<meta property=\"og:url\" content=\"https:\/\/janex-jl.pl\/de\/product\/gelbe-schaelerbsen-halbiert\/\" \/>\n<meta property=\"og:site_name\" content=\"Janex\" \/>\n<meta property=\"article:publisher\" content=\"https:\/\/www.facebook.com\/JanexZrodloZdrowia\/\" \/>\n<meta property=\"article:modified_time\" content=\"2026-01-26T08:06:17+00:00\" \/>\n<meta property=\"og:image\" content=\"https:\/\/janex-jl.pl\/wp-content\/uploads\/2021\/10\/Janex-Groch-Polowki-500g-1.png\" \/>\n\t<meta property=\"og:image:width\" content=\"743\" \/>\n\t<meta property=\"og:image:height\" content=\"1200\" \/>\n\t<meta property=\"og:image:type\" content=\"image\/png\" \/>\n<meta name=\"twitter:card\" content=\"summary_large_image\" \/>\n<script type=\"application\/ld+json\" class=\"yoast-schema-graph\">{\"@context\":\"https:\/\/schema.org\",\"@graph\":[{\"@type\":\"WebPage\",\"@id\":\"https:\/\/janex-jl.pl\/de\/product\/gelbe-schaelerbsen-halbiert\/\",\"url\":\"https:\/\/janex-jl.pl\/de\/product\/gelbe-schaelerbsen-halbiert\/\",\"name\":\"Gelbe Sch\u00e4lerbsen (halbiert) - Janex\",\"isPartOf\":{\"@id\":\"https:\/\/janex-jl.pl\/#website\"},\"primaryImageOfPage\":{\"@id\":\"https:\/\/janex-jl.pl\/de\/product\/gelbe-schaelerbsen-halbiert\/#primaryimage\"},\"image\":{\"@id\":\"https:\/\/janex-jl.pl\/de\/product\/gelbe-schaelerbsen-halbiert\/#primaryimage\"},\"thumbnailUrl\":\"https:\/\/janex-jl.pl\/wp-content\/uploads\/2021\/10\/Janex-Groch-Polowki-500g-1.png\",\"datePublished\":\"2021-10-04T14:06:25+00:00\",\"dateModified\":\"2026-01-26T08:06:17+00:00\",\"breadcrumb\":{\"@id\":\"https:\/\/janex-jl.pl\/de\/product\/gelbe-schaelerbsen-halbiert\/#breadcrumb\"},\"inLanguage\":\"de\",\"potentialAction\":[{\"@type\":\"ReadAction\",\"target\":[\"https:\/\/janex-jl.pl\/de\/product\/gelbe-schaelerbsen-halbiert\/\"]}]},{\"@type\":\"ImageObject\",\"inLanguage\":\"de\",\"@id\":\"https:\/\/janex-jl.pl\/de\/product\/gelbe-schaelerbsen-halbiert\/#primaryimage\",\"url\":\"https:\/\/janex-jl.pl\/wp-content\/uploads\/2021\/10\/Janex-Groch-Polowki-500g-1.png\",\"contentUrl\":\"https:\/\/janex-jl.pl\/wp-content\/uploads\/2021\/10\/Janex-Groch-Polowki-500g-1.png\",\"width\":743,\"height\":1200},{\"@type\":\"BreadcrumbList\",\"@id\":\"https:\/\/janex-jl.pl\/de\/product\/gelbe-schaelerbsen-halbiert\/#breadcrumb\",\"itemListElement\":[{\"@type\":\"ListItem\",\"position\":1,\"name\":\"Strona g\u0142\u00f3wna\",\"item\":\"https:\/\/janex-jl.pl\/de\/\"},{\"@type\":\"ListItem\",\"position\":2,\"name\":\"Gelbe Sch\u00e4lerbsen (halbiert)\"}]},{\"@type\":\"WebSite\",\"@id\":\"https:\/\/janex-jl.pl\/#website\",\"url\":\"https:\/\/janex-jl.pl\/\",\"name\":\"Janex \u2013 polski producent kasz\",\"description\":\"Producent kasz\",\"publisher\":{\"@id\":\"https:\/\/janex-jl.pl\/#organization\"},\"potentialAction\":[{\"@type\":\"SearchAction\",\"target\":{\"@type\":\"EntryPoint\",\"urlTemplate\":\"https:\/\/janex-jl.pl\/?s={search_term_string}\"},\"query-input\":{\"@type\":\"PropertyValueSpecification\",\"valueRequired\":true,\"valueName\":\"search_term_string\"}}],\"inLanguage\":\"de\"},{\"@type\":\"Organization\",\"@id\":\"https:\/\/janex-jl.pl\/#organization\",\"name\":\"JANEX POLSKI PRODUCENT KASZ SP\u00d3\u0141KA Z OGRANICZON\u0104 ODPOWIEDZIALNO\u015aCI\u0104\",\"url\":\"https:\/\/janex-jl.pl\/\",\"logo\":{\"@type\":\"ImageObject\",\"inLanguage\":\"de\",\"@id\":\"https:\/\/janex-jl.pl\/#\/schema\/logo\/image\/\",\"url\":\"https:\/\/janex-jl.pl\/wp-content\/uploads\/2021\/04\/janex-logo.svg\",\"contentUrl\":\"https:\/\/janex-jl.pl\/wp-content\/uploads\/2021\/04\/janex-logo.svg\",\"width\":112,\"height\":77,\"caption\":\"JANEX POLSKI PRODUCENT KASZ SP\u00d3\u0141KA Z OGRANICZON\u0104 ODPOWIEDZIALNO\u015aCI\u0104\"},\"image\":{\"@id\":\"https:\/\/janex-jl.pl\/#\/schema\/logo\/image\/\"},\"sameAs\":[\"https:\/\/www.facebook.com\/JanexZrodloZdrowia\/\",\"https:\/\/www.instagram.com\/twoje_zrodlo_zdrowia\/\"]}]}<\/script>\n<!-- \/ Yoast SEO plugin. -->","yoast_head_json":{"title":"Gelbe Sch\u00e4lerbsen (halbiert) - Janex","robots":{"index":"index","follow":"follow","max-snippet":"max-snippet:-1","max-image-preview":"max-image-preview:large","max-video-preview":"max-video-preview:-1"},"canonical":"https:\/\/janex-jl.pl\/de\/product\/gelbe-schaelerbsen-halbiert\/","og_locale":"de_DE","og_type":"article","og_title":"Gelbe Sch\u00e4lerbsen (halbiert) - Janex","og_description":"Erbsen sind in erster Linie eine hervorragende Eiwei\u00dfquelle und enthalten essenzielle Aminos\u00e4uren, die \u00fcber die Nahrung zugef\u00fchrt werden m\u00fcssen, da der K\u00f6rper sie nicht selbst synthetisieren kann. Sie liefern zudem Mineralstoffe wie Eisen, Kalzium, Phosphor, Magnesium und Kalium. Dar\u00fcber hinaus enthalten sie Vitamine der B-Gruppe, die das Nervensystem sch\u00fctzen, zur Vorbeugung von Angstzust\u00e4nden und Depressionen &hellip; Continued","og_url":"https:\/\/janex-jl.pl\/de\/product\/gelbe-schaelerbsen-halbiert\/","og_site_name":"Janex","article_publisher":"https:\/\/www.facebook.com\/JanexZrodloZdrowia\/","article_modified_time":"2026-01-26T08:06:17+00:00","og_image":[{"width":743,"height":1200,"url":"https:\/\/janex-jl.pl\/wp-content\/uploads\/2021\/10\/Janex-Groch-Polowki-500g-1.png","type":"image\/png"}],"twitter_card":"summary_large_image","schema":{"@context":"https:\/\/schema.org","@graph":[{"@type":"WebPage","@id":"https:\/\/janex-jl.pl\/de\/product\/gelbe-schaelerbsen-halbiert\/","url":"https:\/\/janex-jl.pl\/de\/product\/gelbe-schaelerbsen-halbiert\/","name":"Gelbe Sch\u00e4lerbsen (halbiert) - Janex","isPartOf":{"@id":"https:\/\/janex-jl.pl\/#website"},"primaryImageOfPage":{"@id":"https:\/\/janex-jl.pl\/de\/product\/gelbe-schaelerbsen-halbiert\/#primaryimage"},"image":{"@id":"https:\/\/janex-jl.pl\/de\/product\/gelbe-schaelerbsen-halbiert\/#primaryimage"},"thumbnailUrl":"https:\/\/janex-jl.pl\/wp-content\/uploads\/2021\/10\/Janex-Groch-Polowki-500g-1.png","datePublished":"2021-10-04T14:06:25+00:00","dateModified":"2026-01-26T08:06:17+00:00","breadcrumb":{"@id":"https:\/\/janex-jl.pl\/de\/product\/gelbe-schaelerbsen-halbiert\/#breadcrumb"},"inLanguage":"de","potentialAction":[{"@type":"ReadAction","target":["https:\/\/janex-jl.pl\/de\/product\/gelbe-schaelerbsen-halbiert\/"]}]},{"@type":"ImageObject","inLanguage":"de","@id":"https:\/\/janex-jl.pl\/de\/product\/gelbe-schaelerbsen-halbiert\/#primaryimage","url":"https:\/\/janex-jl.pl\/wp-content\/uploads\/2021\/10\/Janex-Groch-Polowki-500g-1.png","contentUrl":"https:\/\/janex-jl.pl\/wp-content\/uploads\/2021\/10\/Janex-Groch-Polowki-500g-1.png","width":743,"height":1200},{"@type":"BreadcrumbList","@id":"https:\/\/janex-jl.pl\/de\/product\/gelbe-schaelerbsen-halbiert\/#breadcrumb","itemListElement":[{"@type":"ListItem","position":1,"name":"Strona g\u0142\u00f3wna","item":"https:\/\/janex-jl.pl\/de\/"},{"@type":"ListItem","position":2,"name":"Gelbe Sch\u00e4lerbsen (halbiert)"}]},{"@type":"WebSite","@id":"https:\/\/janex-jl.pl\/#website","url":"https:\/\/janex-jl.pl\/","name":"Janex \u2013 polski producent kasz","description":"Producent kasz","publisher":{"@id":"https:\/\/janex-jl.pl\/#organization"},"potentialAction":[{"@type":"SearchAction","target":{"@type":"EntryPoint","urlTemplate":"https:\/\/janex-jl.pl\/?s={search_term_string}"},"query-input":{"@type":"PropertyValueSpecification","valueRequired":true,"valueName":"search_term_string"}}],"inLanguage":"de"},{"@type":"Organization","@id":"https:\/\/janex-jl.pl\/#organization","name":"JANEX POLSKI PRODUCENT KASZ SP\u00d3\u0141KA Z OGRANICZON\u0104 ODPOWIEDZIALNO\u015aCI\u0104","url":"https:\/\/janex-jl.pl\/","logo":{"@type":"ImageObject","inLanguage":"de","@id":"https:\/\/janex-jl.pl\/#\/schema\/logo\/image\/","url":"https:\/\/janex-jl.pl\/wp-content\/uploads\/2021\/04\/janex-logo.svg","contentUrl":"https:\/\/janex-jl.pl\/wp-content\/uploads\/2021\/04\/janex-logo.svg","width":112,"height":77,"caption":"JANEX POLSKI PRODUCENT KASZ SP\u00d3\u0141KA Z OGRANICZON\u0104 ODPOWIEDZIALNO\u015aCI\u0104"},"image":{"@id":"https:\/\/janex-jl.pl\/#\/schema\/logo\/image\/"},"sameAs":["https:\/\/www.facebook.com\/JanexZrodloZdrowia\/","https:\/\/www.instagram.com\/twoje_zrodlo_zdrowia\/"]}]}},"_links":{"self":[{"href":"https:\/\/janex-jl.pl\/de\/wp-json\/wp\/v2\/product\/1439","targetHints":{"allow":["GET"]}}],"collection":[{"href":"https:\/\/janex-jl.pl\/de\/wp-json\/wp\/v2\/product"}],"about":[{"href":"https:\/\/janex-jl.pl\/de\/wp-json\/wp\/v2\/types\/product"}],"wp:featuredmedia":[{"embeddable":true,"href":"https:\/\/janex-jl.pl\/de\/wp-json\/wp\/v2\/media\/1229"}],"wp:attachment":[{"href":"https:\/\/janex-jl.pl\/de\/wp-json\/wp\/v2\/media?parent=1439"}],"wp:term":[{"taxonomy":"product_category","embeddable":true,"href":"https:\/\/janex-jl.pl\/de\/wp-json\/wp\/v2\/product_category?post=1439"},{"taxonomy":"weight","embeddable":true,"href":"https:\/\/janex-jl.pl\/de\/wp-json\/wp\/v2\/weight?post=1439"}],"curies":[{"name":"wp","href":"https:\/\/api.w.org\/{rel}","templated":true}]}}