{"id":1437,"date":"2021-10-04T16:23:20","date_gmt":"2021-10-04T14:23:20","guid":{"rendered":"https:\/\/janex-jl.pl\/product\/fasola-piekny-jas\/"},"modified":"2026-01-26T10:05:09","modified_gmt":"2026-01-26T08:05:09","slug":"weisse-riesenbohne-piekny-jas","status":"publish","type":"product","link":"https:\/\/janex-jl.pl\/de\/product\/weisse-riesenbohne-piekny-jas\/","title":{"rendered":"Wei\u00dfe Riesenbohne \u201ePi\u0119kny Ja\u015b\u201c"},"content":{"rendered":"\n<p>Die Bohne geh\u00f6rt zu den am h\u00e4ufigsten angebauten H\u00fclsenfr\u00fcchten weltweit. Aufgrund ihres hohen Proteingehalts dient sie in der vegetarischen Ern\u00e4hrung oft als prim\u00e4re Eiwei\u00dfquelle. Sie enth\u00e4lt Phyto\u00f6strogene, die in der Medizin und Kosmetologie Anwendung finden, da sie Wechseljahresbeschwerden lindern, das allgemeine Wohlbefinden steigern und zur Erhaltung der Vitalit\u00e4t beitragen k\u00f6nnen. Bohnen liefern zudem Vitamine der B-Gruppe sowie die Vitamine A und E, Kalium und Fols\u00e4ure. Die Bohnensamen sind dar\u00fcber hinaus eine hervorragende Ballaststoffquelle, die zu einer optimalen Funktion des Verdauungssystems beitr\u00e4gt. In der K\u00fcche ist die Bohne vielseitig einsetzbar \u2013 als Zutat f\u00fcr Suppen, Eint\u00f6pfe, F\u00fcllungen, Pasteten oder sogar Kuchen.<\/p>\n\n\n\n<p><\/p>\n","protected":false},"featured_media":1230,"template":"","product_category":[62],"weight":[17],"class_list":["post-1437","product","type-product","status-publish","has-post-thumbnail","hentry","product_category-huelsenfruechte","weight-500-g"],"acf":[],"yoast_head":"<!-- This site is optimized with the Yoast SEO plugin v26.9 - https:\/\/yoast.com\/product\/yoast-seo-wordpress\/ -->\n<title>Wei\u00dfe Riesenbohne \u201ePi\u0119kny Ja\u015b\u201c - Janex<\/title>\n<meta name=\"robots\" content=\"index, follow, max-snippet:-1, max-image-preview:large, max-video-preview:-1\" \/>\n<link rel=\"canonical\" href=\"https:\/\/janex-jl.pl\/de\/product\/weisse-riesenbohne-piekny-jas\/\" \/>\n<meta property=\"og:locale\" content=\"de_DE\" \/>\n<meta property=\"og:type\" content=\"article\" \/>\n<meta property=\"og:title\" content=\"Wei\u00dfe Riesenbohne \u201ePi\u0119kny Ja\u015b\u201c - Janex\" \/>\n<meta property=\"og:description\" content=\"Die Bohne geh\u00f6rt zu den am h\u00e4ufigsten angebauten H\u00fclsenfr\u00fcchten weltweit. Aufgrund ihres hohen Proteingehalts dient sie in der vegetarischen Ern\u00e4hrung oft als prim\u00e4re Eiwei\u00dfquelle. Sie enth\u00e4lt Phyto\u00f6strogene, die in der Medizin und Kosmetologie Anwendung finden, da sie Wechseljahresbeschwerden lindern, das allgemeine Wohlbefinden steigern und zur Erhaltung der Vitalit\u00e4t beitragen k\u00f6nnen. Bohnen liefern zudem Vitamine der &hellip; Continued\" \/>\n<meta property=\"og:url\" content=\"https:\/\/janex-jl.pl\/de\/product\/weisse-riesenbohne-piekny-jas\/\" \/>\n<meta property=\"og:site_name\" content=\"Janex\" \/>\n<meta property=\"article:publisher\" content=\"https:\/\/www.facebook.com\/JanexZrodloZdrowia\/\" \/>\n<meta property=\"article:modified_time\" content=\"2026-01-26T08:05:09+00:00\" \/>\n<meta property=\"og:image\" content=\"https:\/\/janex-jl.pl\/wp-content\/uploads\/2021\/10\/Janex-Fasola-Piekny-Jas-500g.png\" \/>\n\t<meta property=\"og:image:width\" content=\"743\" \/>\n\t<meta property=\"og:image:height\" content=\"1200\" \/>\n\t<meta property=\"og:image:type\" content=\"image\/png\" \/>\n<meta name=\"twitter:card\" content=\"summary_large_image\" \/>\n<script type=\"application\/ld+json\" class=\"yoast-schema-graph\">{\"@context\":\"https:\/\/schema.org\",\"@graph\":[{\"@type\":\"WebPage\",\"@id\":\"https:\/\/janex-jl.pl\/de\/product\/weisse-riesenbohne-piekny-jas\/\",\"url\":\"https:\/\/janex-jl.pl\/de\/product\/weisse-riesenbohne-piekny-jas\/\",\"name\":\"Wei\u00dfe Riesenbohne \u201ePi\u0119kny Ja\u015b\u201c - Janex\",\"isPartOf\":{\"@id\":\"https:\/\/janex-jl.pl\/#website\"},\"primaryImageOfPage\":{\"@id\":\"https:\/\/janex-jl.pl\/de\/product\/weisse-riesenbohne-piekny-jas\/#primaryimage\"},\"image\":{\"@id\":\"https:\/\/janex-jl.pl\/de\/product\/weisse-riesenbohne-piekny-jas\/#primaryimage\"},\"thumbnailUrl\":\"https:\/\/janex-jl.pl\/wp-content\/uploads\/2021\/10\/Janex-Fasola-Piekny-Jas-500g.png\",\"datePublished\":\"2021-10-04T14:23:20+00:00\",\"dateModified\":\"2026-01-26T08:05:09+00:00\",\"breadcrumb\":{\"@id\":\"https:\/\/janex-jl.pl\/de\/product\/weisse-riesenbohne-piekny-jas\/#breadcrumb\"},\"inLanguage\":\"de\",\"potentialAction\":[{\"@type\":\"ReadAction\",\"target\":[\"https:\/\/janex-jl.pl\/de\/product\/weisse-riesenbohne-piekny-jas\/\"]}]},{\"@type\":\"ImageObject\",\"inLanguage\":\"de\",\"@id\":\"https:\/\/janex-jl.pl\/de\/product\/weisse-riesenbohne-piekny-jas\/#primaryimage\",\"url\":\"https:\/\/janex-jl.pl\/wp-content\/uploads\/2021\/10\/Janex-Fasola-Piekny-Jas-500g.png\",\"contentUrl\":\"https:\/\/janex-jl.pl\/wp-content\/uploads\/2021\/10\/Janex-Fasola-Piekny-Jas-500g.png\",\"width\":743,\"height\":1200},{\"@type\":\"BreadcrumbList\",\"@id\":\"https:\/\/janex-jl.pl\/de\/product\/weisse-riesenbohne-piekny-jas\/#breadcrumb\",\"itemListElement\":[{\"@type\":\"ListItem\",\"position\":1,\"name\":\"Strona g\u0142\u00f3wna\",\"item\":\"https:\/\/janex-jl.pl\/de\/\"},{\"@type\":\"ListItem\",\"position\":2,\"name\":\"Wei\u00dfe Riesenbohne \u201ePi\u0119kny Ja\u015b\u201c\"}]},{\"@type\":\"WebSite\",\"@id\":\"https:\/\/janex-jl.pl\/#website\",\"url\":\"https:\/\/janex-jl.pl\/\",\"name\":\"Janex \u2013 polski producent kasz\",\"description\":\"Producent kasz\",\"publisher\":{\"@id\":\"https:\/\/janex-jl.pl\/#organization\"},\"potentialAction\":[{\"@type\":\"SearchAction\",\"target\":{\"@type\":\"EntryPoint\",\"urlTemplate\":\"https:\/\/janex-jl.pl\/?s={search_term_string}\"},\"query-input\":{\"@type\":\"PropertyValueSpecification\",\"valueRequired\":true,\"valueName\":\"search_term_string\"}}],\"inLanguage\":\"de\"},{\"@type\":\"Organization\",\"@id\":\"https:\/\/janex-jl.pl\/#organization\",\"name\":\"JANEX POLSKI PRODUCENT KASZ SP\u00d3\u0141KA Z OGRANICZON\u0104 ODPOWIEDZIALNO\u015aCI\u0104\",\"url\":\"https:\/\/janex-jl.pl\/\",\"logo\":{\"@type\":\"ImageObject\",\"inLanguage\":\"de\",\"@id\":\"https:\/\/janex-jl.pl\/#\/schema\/logo\/image\/\",\"url\":\"https:\/\/janex-jl.pl\/wp-content\/uploads\/2021\/04\/janex-logo.svg\",\"contentUrl\":\"https:\/\/janex-jl.pl\/wp-content\/uploads\/2021\/04\/janex-logo.svg\",\"width\":112,\"height\":77,\"caption\":\"JANEX POLSKI PRODUCENT KASZ SP\u00d3\u0141KA Z OGRANICZON\u0104 ODPOWIEDZIALNO\u015aCI\u0104\"},\"image\":{\"@id\":\"https:\/\/janex-jl.pl\/#\/schema\/logo\/image\/\"},\"sameAs\":[\"https:\/\/www.facebook.com\/JanexZrodloZdrowia\/\",\"https:\/\/www.instagram.com\/twoje_zrodlo_zdrowia\/\"]}]}<\/script>\n<!-- \/ Yoast SEO plugin. -->","yoast_head_json":{"title":"Wei\u00dfe Riesenbohne \u201ePi\u0119kny Ja\u015b\u201c - Janex","robots":{"index":"index","follow":"follow","max-snippet":"max-snippet:-1","max-image-preview":"max-image-preview:large","max-video-preview":"max-video-preview:-1"},"canonical":"https:\/\/janex-jl.pl\/de\/product\/weisse-riesenbohne-piekny-jas\/","og_locale":"de_DE","og_type":"article","og_title":"Wei\u00dfe Riesenbohne \u201ePi\u0119kny Ja\u015b\u201c - Janex","og_description":"Die Bohne geh\u00f6rt zu den am h\u00e4ufigsten angebauten H\u00fclsenfr\u00fcchten weltweit. Aufgrund ihres hohen Proteingehalts dient sie in der vegetarischen Ern\u00e4hrung oft als prim\u00e4re Eiwei\u00dfquelle. Sie enth\u00e4lt Phyto\u00f6strogene, die in der Medizin und Kosmetologie Anwendung finden, da sie Wechseljahresbeschwerden lindern, das allgemeine Wohlbefinden steigern und zur Erhaltung der Vitalit\u00e4t beitragen k\u00f6nnen. Bohnen liefern zudem Vitamine der &hellip; Continued","og_url":"https:\/\/janex-jl.pl\/de\/product\/weisse-riesenbohne-piekny-jas\/","og_site_name":"Janex","article_publisher":"https:\/\/www.facebook.com\/JanexZrodloZdrowia\/","article_modified_time":"2026-01-26T08:05:09+00:00","og_image":[{"width":743,"height":1200,"url":"https:\/\/janex-jl.pl\/wp-content\/uploads\/2021\/10\/Janex-Fasola-Piekny-Jas-500g.png","type":"image\/png"}],"twitter_card":"summary_large_image","schema":{"@context":"https:\/\/schema.org","@graph":[{"@type":"WebPage","@id":"https:\/\/janex-jl.pl\/de\/product\/weisse-riesenbohne-piekny-jas\/","url":"https:\/\/janex-jl.pl\/de\/product\/weisse-riesenbohne-piekny-jas\/","name":"Wei\u00dfe Riesenbohne \u201ePi\u0119kny Ja\u015b\u201c - Janex","isPartOf":{"@id":"https:\/\/janex-jl.pl\/#website"},"primaryImageOfPage":{"@id":"https:\/\/janex-jl.pl\/de\/product\/weisse-riesenbohne-piekny-jas\/#primaryimage"},"image":{"@id":"https:\/\/janex-jl.pl\/de\/product\/weisse-riesenbohne-piekny-jas\/#primaryimage"},"thumbnailUrl":"https:\/\/janex-jl.pl\/wp-content\/uploads\/2021\/10\/Janex-Fasola-Piekny-Jas-500g.png","datePublished":"2021-10-04T14:23:20+00:00","dateModified":"2026-01-26T08:05:09+00:00","breadcrumb":{"@id":"https:\/\/janex-jl.pl\/de\/product\/weisse-riesenbohne-piekny-jas\/#breadcrumb"},"inLanguage":"de","potentialAction":[{"@type":"ReadAction","target":["https:\/\/janex-jl.pl\/de\/product\/weisse-riesenbohne-piekny-jas\/"]}]},{"@type":"ImageObject","inLanguage":"de","@id":"https:\/\/janex-jl.pl\/de\/product\/weisse-riesenbohne-piekny-jas\/#primaryimage","url":"https:\/\/janex-jl.pl\/wp-content\/uploads\/2021\/10\/Janex-Fasola-Piekny-Jas-500g.png","contentUrl":"https:\/\/janex-jl.pl\/wp-content\/uploads\/2021\/10\/Janex-Fasola-Piekny-Jas-500g.png","width":743,"height":1200},{"@type":"BreadcrumbList","@id":"https:\/\/janex-jl.pl\/de\/product\/weisse-riesenbohne-piekny-jas\/#breadcrumb","itemListElement":[{"@type":"ListItem","position":1,"name":"Strona g\u0142\u00f3wna","item":"https:\/\/janex-jl.pl\/de\/"},{"@type":"ListItem","position":2,"name":"Wei\u00dfe Riesenbohne \u201ePi\u0119kny Ja\u015b\u201c"}]},{"@type":"WebSite","@id":"https:\/\/janex-jl.pl\/#website","url":"https:\/\/janex-jl.pl\/","name":"Janex \u2013 polski producent kasz","description":"Producent kasz","publisher":{"@id":"https:\/\/janex-jl.pl\/#organization"},"potentialAction":[{"@type":"SearchAction","target":{"@type":"EntryPoint","urlTemplate":"https:\/\/janex-jl.pl\/?s={search_term_string}"},"query-input":{"@type":"PropertyValueSpecification","valueRequired":true,"valueName":"search_term_string"}}],"inLanguage":"de"},{"@type":"Organization","@id":"https:\/\/janex-jl.pl\/#organization","name":"JANEX POLSKI PRODUCENT KASZ SP\u00d3\u0141KA Z OGRANICZON\u0104 ODPOWIEDZIALNO\u015aCI\u0104","url":"https:\/\/janex-jl.pl\/","logo":{"@type":"ImageObject","inLanguage":"de","@id":"https:\/\/janex-jl.pl\/#\/schema\/logo\/image\/","url":"https:\/\/janex-jl.pl\/wp-content\/uploads\/2021\/04\/janex-logo.svg","contentUrl":"https:\/\/janex-jl.pl\/wp-content\/uploads\/2021\/04\/janex-logo.svg","width":112,"height":77,"caption":"JANEX POLSKI PRODUCENT KASZ SP\u00d3\u0141KA Z OGRANICZON\u0104 ODPOWIEDZIALNO\u015aCI\u0104"},"image":{"@id":"https:\/\/janex-jl.pl\/#\/schema\/logo\/image\/"},"sameAs":["https:\/\/www.facebook.com\/JanexZrodloZdrowia\/","https:\/\/www.instagram.com\/twoje_zrodlo_zdrowia\/"]}]}},"_links":{"self":[{"href":"https:\/\/janex-jl.pl\/de\/wp-json\/wp\/v2\/product\/1437","targetHints":{"allow":["GET"]}}],"collection":[{"href":"https:\/\/janex-jl.pl\/de\/wp-json\/wp\/v2\/product"}],"about":[{"href":"https:\/\/janex-jl.pl\/de\/wp-json\/wp\/v2\/types\/product"}],"wp:featuredmedia":[{"embeddable":true,"href":"https:\/\/janex-jl.pl\/de\/wp-json\/wp\/v2\/media\/1230"}],"wp:attachment":[{"href":"https:\/\/janex-jl.pl\/de\/wp-json\/wp\/v2\/media?parent=1437"}],"wp:term":[{"taxonomy":"product_category","embeddable":true,"href":"https:\/\/janex-jl.pl\/de\/wp-json\/wp\/v2\/product_category?post=1437"},{"taxonomy":"weight","embeddable":true,"href":"https:\/\/janex-jl.pl\/de\/wp-json\/wp\/v2\/weight?post=1437"}],"curies":[{"name":"wp","href":"https:\/\/api.w.org\/{rel}","templated":true}]}}