{"id":1435,"date":"2022-04-06T12:23:46","date_gmt":"2022-04-06T10:23:46","guid":{"rendered":"https:\/\/janex-jl.pl\/product\/musli-sniadaniowe\/"},"modified":"2026-01-26T10:03:49","modified_gmt":"2026-01-26T08:03:49","slug":"fruehstuecksmuesli","status":"publish","type":"product","link":"https:\/\/janex-jl.pl\/de\/product\/fruehstuecksmuesli\/","title":{"rendered":"Fr\u00fchst\u00fccksm\u00fcsli"},"content":{"rendered":"\n<p>Fr\u00fchst\u00fccksm\u00fcsli<\/p>\n\n\n\n<p>Das Janex Fr\u00fchst\u00fccksm\u00fcsli ist eine Komposition aus vier Getreideflockensorten und aromatischen Fr\u00fcchten. Dank des hohen Anteils an Weizen, Hafer, Gerste und Roggen gew\u00e4hrleistet es die Zufuhr wichtiger N\u00e4hrstoffe, Mineralien und Vitamine. Der Gehalt an Ballaststoffen f\u00f6rdert eine ordnungsgem\u00e4\u00dfe Verdauung, sorgt f\u00fcr ein langanhaltendes S\u00e4ttigungsgef\u00fchl und senkt den Cholesterinspiegel im Blut. Zudem besitzt es hypoglyk\u00e4mische und immunmodulierende Eigenschaften.<\/p>\n\n\n\n<p>Das M\u00fcsli stellt eine hervorragende Alternative zum klassischen Haferbrei dar, enth\u00e4lt schmackhafte Fr\u00fcchte und ben\u00f6tigt keine thermische Zubereitung. In Kombination mit Joghurt oder Milch ist es das ideale vollwertige, nahrhafte Fr\u00fchst\u00fcck oder ein schneller Snack f\u00fcr zwischendurch.<\/p>\n\n\n\n<p><\/p>\n","protected":false},"featured_media":1241,"template":"","product_category":[64],"weight":[14],"class_list":["post-1435","product","type-product","status-publish","has-post-thumbnail","hentry","product_category-flocken","weight-400-g"],"acf":[],"yoast_head":"<!-- This site is optimized with the Yoast SEO plugin v26.9 - https:\/\/yoast.com\/product\/yoast-seo-wordpress\/ -->\n<title>Fr\u00fchst\u00fccksm\u00fcsli - Janex<\/title>\n<meta name=\"robots\" content=\"index, follow, max-snippet:-1, max-image-preview:large, max-video-preview:-1\" \/>\n<link rel=\"canonical\" href=\"https:\/\/janex-jl.pl\/de\/product\/fruehstuecksmuesli\/\" \/>\n<meta property=\"og:locale\" content=\"de_DE\" \/>\n<meta property=\"og:type\" content=\"article\" \/>\n<meta property=\"og:title\" content=\"Fr\u00fchst\u00fccksm\u00fcsli - Janex\" \/>\n<meta property=\"og:description\" content=\"Fr\u00fchst\u00fccksm\u00fcsli Das Janex Fr\u00fchst\u00fccksm\u00fcsli ist eine Komposition aus vier Getreideflockensorten und aromatischen Fr\u00fcchten. Dank des hohen Anteils an Weizen, Hafer, Gerste und Roggen gew\u00e4hrleistet es die Zufuhr wichtiger N\u00e4hrstoffe, Mineralien und Vitamine. Der Gehalt an Ballaststoffen f\u00f6rdert eine ordnungsgem\u00e4\u00dfe Verdauung, sorgt f\u00fcr ein langanhaltendes S\u00e4ttigungsgef\u00fchl und senkt den Cholesterinspiegel im Blut. Zudem besitzt es hypoglyk\u00e4mische &hellip; Continued\" \/>\n<meta property=\"og:url\" content=\"https:\/\/janex-jl.pl\/de\/product\/fruehstuecksmuesli\/\" \/>\n<meta property=\"og:site_name\" content=\"Janex\" \/>\n<meta property=\"article:publisher\" content=\"https:\/\/www.facebook.com\/JanexZrodloZdrowia\/\" \/>\n<meta property=\"article:modified_time\" content=\"2026-01-26T08:03:49+00:00\" \/>\n<meta property=\"og:image\" content=\"https:\/\/janex-jl.pl\/wp-content\/uploads\/2022\/04\/Janex_musli-sniadaniowe_400-nowa-wizuazlizacja.jpg\" \/>\n\t<meta property=\"og:image:width\" content=\"548\" \/>\n\t<meta property=\"og:image:height\" content=\"768\" \/>\n\t<meta property=\"og:image:type\" content=\"image\/jpeg\" \/>\n<meta name=\"twitter:card\" content=\"summary_large_image\" \/>\n<script type=\"application\/ld+json\" class=\"yoast-schema-graph\">{\"@context\":\"https:\/\/schema.org\",\"@graph\":[{\"@type\":\"WebPage\",\"@id\":\"https:\/\/janex-jl.pl\/de\/product\/fruehstuecksmuesli\/\",\"url\":\"https:\/\/janex-jl.pl\/de\/product\/fruehstuecksmuesli\/\",\"name\":\"Fr\u00fchst\u00fccksm\u00fcsli - Janex\",\"isPartOf\":{\"@id\":\"https:\/\/janex-jl.pl\/#website\"},\"primaryImageOfPage\":{\"@id\":\"https:\/\/janex-jl.pl\/de\/product\/fruehstuecksmuesli\/#primaryimage\"},\"image\":{\"@id\":\"https:\/\/janex-jl.pl\/de\/product\/fruehstuecksmuesli\/#primaryimage\"},\"thumbnailUrl\":\"https:\/\/janex-jl.pl\/wp-content\/uploads\/2022\/04\/Janex_musli-sniadaniowe_400-nowa-wizuazlizacja.jpg\",\"datePublished\":\"2022-04-06T10:23:46+00:00\",\"dateModified\":\"2026-01-26T08:03:49+00:00\",\"breadcrumb\":{\"@id\":\"https:\/\/janex-jl.pl\/de\/product\/fruehstuecksmuesli\/#breadcrumb\"},\"inLanguage\":\"de\",\"potentialAction\":[{\"@type\":\"ReadAction\",\"target\":[\"https:\/\/janex-jl.pl\/de\/product\/fruehstuecksmuesli\/\"]}]},{\"@type\":\"ImageObject\",\"inLanguage\":\"de\",\"@id\":\"https:\/\/janex-jl.pl\/de\/product\/fruehstuecksmuesli\/#primaryimage\",\"url\":\"https:\/\/janex-jl.pl\/wp-content\/uploads\/2022\/04\/Janex_musli-sniadaniowe_400-nowa-wizuazlizacja.jpg\",\"contentUrl\":\"https:\/\/janex-jl.pl\/wp-content\/uploads\/2022\/04\/Janex_musli-sniadaniowe_400-nowa-wizuazlizacja.jpg\",\"width\":548,\"height\":768},{\"@type\":\"BreadcrumbList\",\"@id\":\"https:\/\/janex-jl.pl\/de\/product\/fruehstuecksmuesli\/#breadcrumb\",\"itemListElement\":[{\"@type\":\"ListItem\",\"position\":1,\"name\":\"Strona g\u0142\u00f3wna\",\"item\":\"https:\/\/janex-jl.pl\/de\/\"},{\"@type\":\"ListItem\",\"position\":2,\"name\":\"Fr\u00fchst\u00fccksm\u00fcsli\"}]},{\"@type\":\"WebSite\",\"@id\":\"https:\/\/janex-jl.pl\/#website\",\"url\":\"https:\/\/janex-jl.pl\/\",\"name\":\"Janex \u2013 polski producent kasz\",\"description\":\"Producent kasz\",\"publisher\":{\"@id\":\"https:\/\/janex-jl.pl\/#organization\"},\"potentialAction\":[{\"@type\":\"SearchAction\",\"target\":{\"@type\":\"EntryPoint\",\"urlTemplate\":\"https:\/\/janex-jl.pl\/?s={search_term_string}\"},\"query-input\":{\"@type\":\"PropertyValueSpecification\",\"valueRequired\":true,\"valueName\":\"search_term_string\"}}],\"inLanguage\":\"de\"},{\"@type\":\"Organization\",\"@id\":\"https:\/\/janex-jl.pl\/#organization\",\"name\":\"JANEX POLSKI PRODUCENT KASZ SP\u00d3\u0141KA Z OGRANICZON\u0104 ODPOWIEDZIALNO\u015aCI\u0104\",\"url\":\"https:\/\/janex-jl.pl\/\",\"logo\":{\"@type\":\"ImageObject\",\"inLanguage\":\"de\",\"@id\":\"https:\/\/janex-jl.pl\/#\/schema\/logo\/image\/\",\"url\":\"https:\/\/janex-jl.pl\/wp-content\/uploads\/2021\/04\/janex-logo.svg\",\"contentUrl\":\"https:\/\/janex-jl.pl\/wp-content\/uploads\/2021\/04\/janex-logo.svg\",\"width\":112,\"height\":77,\"caption\":\"JANEX POLSKI PRODUCENT KASZ SP\u00d3\u0141KA Z OGRANICZON\u0104 ODPOWIEDZIALNO\u015aCI\u0104\"},\"image\":{\"@id\":\"https:\/\/janex-jl.pl\/#\/schema\/logo\/image\/\"},\"sameAs\":[\"https:\/\/www.facebook.com\/JanexZrodloZdrowia\/\",\"https:\/\/www.instagram.com\/twoje_zrodlo_zdrowia\/\"]}]}<\/script>\n<!-- \/ Yoast SEO plugin. -->","yoast_head_json":{"title":"Fr\u00fchst\u00fccksm\u00fcsli - Janex","robots":{"index":"index","follow":"follow","max-snippet":"max-snippet:-1","max-image-preview":"max-image-preview:large","max-video-preview":"max-video-preview:-1"},"canonical":"https:\/\/janex-jl.pl\/de\/product\/fruehstuecksmuesli\/","og_locale":"de_DE","og_type":"article","og_title":"Fr\u00fchst\u00fccksm\u00fcsli - Janex","og_description":"Fr\u00fchst\u00fccksm\u00fcsli Das Janex Fr\u00fchst\u00fccksm\u00fcsli ist eine Komposition aus vier Getreideflockensorten und aromatischen Fr\u00fcchten. Dank des hohen Anteils an Weizen, Hafer, Gerste und Roggen gew\u00e4hrleistet es die Zufuhr wichtiger N\u00e4hrstoffe, Mineralien und Vitamine. Der Gehalt an Ballaststoffen f\u00f6rdert eine ordnungsgem\u00e4\u00dfe Verdauung, sorgt f\u00fcr ein langanhaltendes S\u00e4ttigungsgef\u00fchl und senkt den Cholesterinspiegel im Blut. Zudem besitzt es hypoglyk\u00e4mische &hellip; Continued","og_url":"https:\/\/janex-jl.pl\/de\/product\/fruehstuecksmuesli\/","og_site_name":"Janex","article_publisher":"https:\/\/www.facebook.com\/JanexZrodloZdrowia\/","article_modified_time":"2026-01-26T08:03:49+00:00","og_image":[{"width":548,"height":768,"url":"https:\/\/janex-jl.pl\/wp-content\/uploads\/2022\/04\/Janex_musli-sniadaniowe_400-nowa-wizuazlizacja.jpg","type":"image\/jpeg"}],"twitter_card":"summary_large_image","schema":{"@context":"https:\/\/schema.org","@graph":[{"@type":"WebPage","@id":"https:\/\/janex-jl.pl\/de\/product\/fruehstuecksmuesli\/","url":"https:\/\/janex-jl.pl\/de\/product\/fruehstuecksmuesli\/","name":"Fr\u00fchst\u00fccksm\u00fcsli - Janex","isPartOf":{"@id":"https:\/\/janex-jl.pl\/#website"},"primaryImageOfPage":{"@id":"https:\/\/janex-jl.pl\/de\/product\/fruehstuecksmuesli\/#primaryimage"},"image":{"@id":"https:\/\/janex-jl.pl\/de\/product\/fruehstuecksmuesli\/#primaryimage"},"thumbnailUrl":"https:\/\/janex-jl.pl\/wp-content\/uploads\/2022\/04\/Janex_musli-sniadaniowe_400-nowa-wizuazlizacja.jpg","datePublished":"2022-04-06T10:23:46+00:00","dateModified":"2026-01-26T08:03:49+00:00","breadcrumb":{"@id":"https:\/\/janex-jl.pl\/de\/product\/fruehstuecksmuesli\/#breadcrumb"},"inLanguage":"de","potentialAction":[{"@type":"ReadAction","target":["https:\/\/janex-jl.pl\/de\/product\/fruehstuecksmuesli\/"]}]},{"@type":"ImageObject","inLanguage":"de","@id":"https:\/\/janex-jl.pl\/de\/product\/fruehstuecksmuesli\/#primaryimage","url":"https:\/\/janex-jl.pl\/wp-content\/uploads\/2022\/04\/Janex_musli-sniadaniowe_400-nowa-wizuazlizacja.jpg","contentUrl":"https:\/\/janex-jl.pl\/wp-content\/uploads\/2022\/04\/Janex_musli-sniadaniowe_400-nowa-wizuazlizacja.jpg","width":548,"height":768},{"@type":"BreadcrumbList","@id":"https:\/\/janex-jl.pl\/de\/product\/fruehstuecksmuesli\/#breadcrumb","itemListElement":[{"@type":"ListItem","position":1,"name":"Strona g\u0142\u00f3wna","item":"https:\/\/janex-jl.pl\/de\/"},{"@type":"ListItem","position":2,"name":"Fr\u00fchst\u00fccksm\u00fcsli"}]},{"@type":"WebSite","@id":"https:\/\/janex-jl.pl\/#website","url":"https:\/\/janex-jl.pl\/","name":"Janex \u2013 polski producent kasz","description":"Producent kasz","publisher":{"@id":"https:\/\/janex-jl.pl\/#organization"},"potentialAction":[{"@type":"SearchAction","target":{"@type":"EntryPoint","urlTemplate":"https:\/\/janex-jl.pl\/?s={search_term_string}"},"query-input":{"@type":"PropertyValueSpecification","valueRequired":true,"valueName":"search_term_string"}}],"inLanguage":"de"},{"@type":"Organization","@id":"https:\/\/janex-jl.pl\/#organization","name":"JANEX POLSKI PRODUCENT KASZ SP\u00d3\u0141KA Z OGRANICZON\u0104 ODPOWIEDZIALNO\u015aCI\u0104","url":"https:\/\/janex-jl.pl\/","logo":{"@type":"ImageObject","inLanguage":"de","@id":"https:\/\/janex-jl.pl\/#\/schema\/logo\/image\/","url":"https:\/\/janex-jl.pl\/wp-content\/uploads\/2021\/04\/janex-logo.svg","contentUrl":"https:\/\/janex-jl.pl\/wp-content\/uploads\/2021\/04\/janex-logo.svg","width":112,"height":77,"caption":"JANEX POLSKI PRODUCENT KASZ SP\u00d3\u0141KA Z OGRANICZON\u0104 ODPOWIEDZIALNO\u015aCI\u0104"},"image":{"@id":"https:\/\/janex-jl.pl\/#\/schema\/logo\/image\/"},"sameAs":["https:\/\/www.facebook.com\/JanexZrodloZdrowia\/","https:\/\/www.instagram.com\/twoje_zrodlo_zdrowia\/"]}]}},"_links":{"self":[{"href":"https:\/\/janex-jl.pl\/de\/wp-json\/wp\/v2\/product\/1435","targetHints":{"allow":["GET"]}}],"collection":[{"href":"https:\/\/janex-jl.pl\/de\/wp-json\/wp\/v2\/product"}],"about":[{"href":"https:\/\/janex-jl.pl\/de\/wp-json\/wp\/v2\/types\/product"}],"wp:featuredmedia":[{"embeddable":true,"href":"https:\/\/janex-jl.pl\/de\/wp-json\/wp\/v2\/media\/1241"}],"wp:attachment":[{"href":"https:\/\/janex-jl.pl\/de\/wp-json\/wp\/v2\/media?parent=1435"}],"wp:term":[{"taxonomy":"product_category","embeddable":true,"href":"https:\/\/janex-jl.pl\/de\/wp-json\/wp\/v2\/product_category?post=1435"},{"taxonomy":"weight","embeddable":true,"href":"https:\/\/janex-jl.pl\/de\/wp-json\/wp\/v2\/weight?post=1435"}],"curies":[{"name":"wp","href":"https:\/\/api.w.org\/{rel}","templated":true}]}}