{"id":1432,"date":"2022-11-21T11:26:38","date_gmt":"2022-11-21T09:26:38","guid":{"rendered":"https:\/\/janex-jl.pl\/product\/kasza-bulgur\/"},"modified":"2026-01-26T10:02:12","modified_gmt":"2026-01-26T08:02:12","slug":"bulgur-gruetze","status":"publish","type":"product","link":"https:\/\/janex-jl.pl\/de\/product\/bulgur-gruetze\/","title":{"rendered":"Bulgur-Gr\u00fctze"},"content":{"rendered":"\n<p>Bulgur wird aus erstklassigem Durum-Weizen hergestellt. Er wird aus dem vollen, ungesch\u00e4lten Korn gewonnen, was ihn von anderen Getreideprodukten abhebt. Dadurch ist er besonders reich an Eiwei\u00df, Fetten, Kohlenhydraten und Mineralstoffen. Er enth\u00e4lt vor allem Kalium, Natrium, Magnesium, Zink, Phosphor, Kalzium und Eisen. Zudem ist er eine wertvolle Quelle f\u00fcr Vitamine der B-Gruppe sowie f\u00fcr die Vitamine A, E und K. Der hohe Ballaststoffgehalt wirkt sich positiv auf die Funktion des Verdauungstrakts aus und unterst\u00fctzt zudem das Herz-Kreislauf-System.<\/p>\n\n\n\n<p>Bulgur besticht durch seine markante Farbe und seinen intensiven Geschmack. Er nimmt die Aromen von beigef\u00fcgtem Gem\u00fcse, Saucen und Gew\u00fcrzen hervorragend auf. Klassischerweise wird er mit Pilzen, Zwiebeln, Pesto, Zucchini und Tomaten zubereitet oder als Beilage zu Fleischgerichten serviert. Feinere Varianten eignen sich ideal als Zutat f\u00fcr Suppen und F\u00fcllungen. Auch in s\u00fc\u00dfen Desserts, verfeinert mit Milch, Datteln und Feigen, findet Bulgur erfolgreich Verwendung.<\/p>\n\n\n\n<p><\/p>\n","protected":false},"featured_media":1367,"template":"","product_category":[60],"weight":[19],"class_list":["post-1432","product","type-product","status-publish","has-post-thumbnail","hentry","product_category-gruetzen","weight-4-x-100-g"],"acf":[],"yoast_head":"<!-- This site is optimized with the Yoast SEO plugin v26.9 - https:\/\/yoast.com\/product\/yoast-seo-wordpress\/ -->\n<title>Bulgur-Gr\u00fctze - Janex<\/title>\n<meta name=\"robots\" content=\"index, follow, max-snippet:-1, max-image-preview:large, max-video-preview:-1\" \/>\n<link rel=\"canonical\" href=\"https:\/\/janex-jl.pl\/de\/product\/bulgur-gruetze\/\" \/>\n<meta property=\"og:locale\" content=\"de_DE\" \/>\n<meta property=\"og:type\" content=\"article\" \/>\n<meta property=\"og:title\" content=\"Bulgur-Gr\u00fctze - Janex\" \/>\n<meta property=\"og:description\" content=\"Bulgur wird aus erstklassigem Durum-Weizen hergestellt. Er wird aus dem vollen, ungesch\u00e4lten Korn gewonnen, was ihn von anderen Getreideprodukten abhebt. Dadurch ist er besonders reich an Eiwei\u00df, Fetten, Kohlenhydraten und Mineralstoffen. Er enth\u00e4lt vor allem Kalium, Natrium, Magnesium, Zink, Phosphor, Kalzium und Eisen. Zudem ist er eine wertvolle Quelle f\u00fcr Vitamine der B-Gruppe sowie f\u00fcr &hellip; Continued\" \/>\n<meta property=\"og:url\" content=\"https:\/\/janex-jl.pl\/de\/product\/bulgur-gruetze\/\" \/>\n<meta property=\"og:site_name\" content=\"Janex\" \/>\n<meta property=\"article:publisher\" content=\"https:\/\/www.facebook.com\/JanexZrodloZdrowia\/\" \/>\n<meta property=\"article:modified_time\" content=\"2026-01-26T08:02:12+00:00\" \/>\n<meta property=\"og:image\" content=\"https:\/\/janex-jl.pl\/wp-content\/uploads\/2022\/11\/GRAFIKI-JANEX-3.png\" \/>\n\t<meta property=\"og:image:width\" content=\"1015\" \/>\n\t<meta property=\"og:image:height\" content=\"1350\" \/>\n\t<meta property=\"og:image:type\" content=\"image\/png\" \/>\n<meta name=\"twitter:card\" content=\"summary_large_image\" \/>\n<script type=\"application\/ld+json\" class=\"yoast-schema-graph\">{\"@context\":\"https:\/\/schema.org\",\"@graph\":[{\"@type\":\"WebPage\",\"@id\":\"https:\/\/janex-jl.pl\/de\/product\/bulgur-gruetze\/\",\"url\":\"https:\/\/janex-jl.pl\/de\/product\/bulgur-gruetze\/\",\"name\":\"Bulgur-Gr\u00fctze - Janex\",\"isPartOf\":{\"@id\":\"https:\/\/janex-jl.pl\/#website\"},\"primaryImageOfPage\":{\"@id\":\"https:\/\/janex-jl.pl\/de\/product\/bulgur-gruetze\/#primaryimage\"},\"image\":{\"@id\":\"https:\/\/janex-jl.pl\/de\/product\/bulgur-gruetze\/#primaryimage\"},\"thumbnailUrl\":\"https:\/\/janex-jl.pl\/wp-content\/uploads\/2022\/11\/GRAFIKI-JANEX-3.png\",\"datePublished\":\"2022-11-21T09:26:38+00:00\",\"dateModified\":\"2026-01-26T08:02:12+00:00\",\"breadcrumb\":{\"@id\":\"https:\/\/janex-jl.pl\/de\/product\/bulgur-gruetze\/#breadcrumb\"},\"inLanguage\":\"de\",\"potentialAction\":[{\"@type\":\"ReadAction\",\"target\":[\"https:\/\/janex-jl.pl\/de\/product\/bulgur-gruetze\/\"]}]},{\"@type\":\"ImageObject\",\"inLanguage\":\"de\",\"@id\":\"https:\/\/janex-jl.pl\/de\/product\/bulgur-gruetze\/#primaryimage\",\"url\":\"https:\/\/janex-jl.pl\/wp-content\/uploads\/2022\/11\/GRAFIKI-JANEX-3.png\",\"contentUrl\":\"https:\/\/janex-jl.pl\/wp-content\/uploads\/2022\/11\/GRAFIKI-JANEX-3.png\",\"width\":1015,\"height\":1350},{\"@type\":\"BreadcrumbList\",\"@id\":\"https:\/\/janex-jl.pl\/de\/product\/bulgur-gruetze\/#breadcrumb\",\"itemListElement\":[{\"@type\":\"ListItem\",\"position\":1,\"name\":\"Strona g\u0142\u00f3wna\",\"item\":\"https:\/\/janex-jl.pl\/de\/\"},{\"@type\":\"ListItem\",\"position\":2,\"name\":\"Bulgur-Gr\u00fctze\"}]},{\"@type\":\"WebSite\",\"@id\":\"https:\/\/janex-jl.pl\/#website\",\"url\":\"https:\/\/janex-jl.pl\/\",\"name\":\"Janex \u2013 polski producent kasz\",\"description\":\"Producent kasz\",\"publisher\":{\"@id\":\"https:\/\/janex-jl.pl\/#organization\"},\"potentialAction\":[{\"@type\":\"SearchAction\",\"target\":{\"@type\":\"EntryPoint\",\"urlTemplate\":\"https:\/\/janex-jl.pl\/?s={search_term_string}\"},\"query-input\":{\"@type\":\"PropertyValueSpecification\",\"valueRequired\":true,\"valueName\":\"search_term_string\"}}],\"inLanguage\":\"de\"},{\"@type\":\"Organization\",\"@id\":\"https:\/\/janex-jl.pl\/#organization\",\"name\":\"JANEX POLSKI PRODUCENT KASZ SP\u00d3\u0141KA Z OGRANICZON\u0104 ODPOWIEDZIALNO\u015aCI\u0104\",\"url\":\"https:\/\/janex-jl.pl\/\",\"logo\":{\"@type\":\"ImageObject\",\"inLanguage\":\"de\",\"@id\":\"https:\/\/janex-jl.pl\/#\/schema\/logo\/image\/\",\"url\":\"https:\/\/janex-jl.pl\/wp-content\/uploads\/2021\/04\/janex-logo.svg\",\"contentUrl\":\"https:\/\/janex-jl.pl\/wp-content\/uploads\/2021\/04\/janex-logo.svg\",\"width\":112,\"height\":77,\"caption\":\"JANEX POLSKI PRODUCENT KASZ SP\u00d3\u0141KA Z OGRANICZON\u0104 ODPOWIEDZIALNO\u015aCI\u0104\"},\"image\":{\"@id\":\"https:\/\/janex-jl.pl\/#\/schema\/logo\/image\/\"},\"sameAs\":[\"https:\/\/www.facebook.com\/JanexZrodloZdrowia\/\",\"https:\/\/www.instagram.com\/twoje_zrodlo_zdrowia\/\"]}]}<\/script>\n<!-- \/ Yoast SEO plugin. -->","yoast_head_json":{"title":"Bulgur-Gr\u00fctze - Janex","robots":{"index":"index","follow":"follow","max-snippet":"max-snippet:-1","max-image-preview":"max-image-preview:large","max-video-preview":"max-video-preview:-1"},"canonical":"https:\/\/janex-jl.pl\/de\/product\/bulgur-gruetze\/","og_locale":"de_DE","og_type":"article","og_title":"Bulgur-Gr\u00fctze - Janex","og_description":"Bulgur wird aus erstklassigem Durum-Weizen hergestellt. Er wird aus dem vollen, ungesch\u00e4lten Korn gewonnen, was ihn von anderen Getreideprodukten abhebt. Dadurch ist er besonders reich an Eiwei\u00df, Fetten, Kohlenhydraten und Mineralstoffen. Er enth\u00e4lt vor allem Kalium, Natrium, Magnesium, Zink, Phosphor, Kalzium und Eisen. Zudem ist er eine wertvolle Quelle f\u00fcr Vitamine der B-Gruppe sowie f\u00fcr &hellip; Continued","og_url":"https:\/\/janex-jl.pl\/de\/product\/bulgur-gruetze\/","og_site_name":"Janex","article_publisher":"https:\/\/www.facebook.com\/JanexZrodloZdrowia\/","article_modified_time":"2026-01-26T08:02:12+00:00","og_image":[{"width":1015,"height":1350,"url":"https:\/\/janex-jl.pl\/wp-content\/uploads\/2022\/11\/GRAFIKI-JANEX-3.png","type":"image\/png"}],"twitter_card":"summary_large_image","schema":{"@context":"https:\/\/schema.org","@graph":[{"@type":"WebPage","@id":"https:\/\/janex-jl.pl\/de\/product\/bulgur-gruetze\/","url":"https:\/\/janex-jl.pl\/de\/product\/bulgur-gruetze\/","name":"Bulgur-Gr\u00fctze - Janex","isPartOf":{"@id":"https:\/\/janex-jl.pl\/#website"},"primaryImageOfPage":{"@id":"https:\/\/janex-jl.pl\/de\/product\/bulgur-gruetze\/#primaryimage"},"image":{"@id":"https:\/\/janex-jl.pl\/de\/product\/bulgur-gruetze\/#primaryimage"},"thumbnailUrl":"https:\/\/janex-jl.pl\/wp-content\/uploads\/2022\/11\/GRAFIKI-JANEX-3.png","datePublished":"2022-11-21T09:26:38+00:00","dateModified":"2026-01-26T08:02:12+00:00","breadcrumb":{"@id":"https:\/\/janex-jl.pl\/de\/product\/bulgur-gruetze\/#breadcrumb"},"inLanguage":"de","potentialAction":[{"@type":"ReadAction","target":["https:\/\/janex-jl.pl\/de\/product\/bulgur-gruetze\/"]}]},{"@type":"ImageObject","inLanguage":"de","@id":"https:\/\/janex-jl.pl\/de\/product\/bulgur-gruetze\/#primaryimage","url":"https:\/\/janex-jl.pl\/wp-content\/uploads\/2022\/11\/GRAFIKI-JANEX-3.png","contentUrl":"https:\/\/janex-jl.pl\/wp-content\/uploads\/2022\/11\/GRAFIKI-JANEX-3.png","width":1015,"height":1350},{"@type":"BreadcrumbList","@id":"https:\/\/janex-jl.pl\/de\/product\/bulgur-gruetze\/#breadcrumb","itemListElement":[{"@type":"ListItem","position":1,"name":"Strona g\u0142\u00f3wna","item":"https:\/\/janex-jl.pl\/de\/"},{"@type":"ListItem","position":2,"name":"Bulgur-Gr\u00fctze"}]},{"@type":"WebSite","@id":"https:\/\/janex-jl.pl\/#website","url":"https:\/\/janex-jl.pl\/","name":"Janex \u2013 polski producent kasz","description":"Producent kasz","publisher":{"@id":"https:\/\/janex-jl.pl\/#organization"},"potentialAction":[{"@type":"SearchAction","target":{"@type":"EntryPoint","urlTemplate":"https:\/\/janex-jl.pl\/?s={search_term_string}"},"query-input":{"@type":"PropertyValueSpecification","valueRequired":true,"valueName":"search_term_string"}}],"inLanguage":"de"},{"@type":"Organization","@id":"https:\/\/janex-jl.pl\/#organization","name":"JANEX POLSKI PRODUCENT KASZ SP\u00d3\u0141KA Z OGRANICZON\u0104 ODPOWIEDZIALNO\u015aCI\u0104","url":"https:\/\/janex-jl.pl\/","logo":{"@type":"ImageObject","inLanguage":"de","@id":"https:\/\/janex-jl.pl\/#\/schema\/logo\/image\/","url":"https:\/\/janex-jl.pl\/wp-content\/uploads\/2021\/04\/janex-logo.svg","contentUrl":"https:\/\/janex-jl.pl\/wp-content\/uploads\/2021\/04\/janex-logo.svg","width":112,"height":77,"caption":"JANEX POLSKI PRODUCENT KASZ SP\u00d3\u0141KA Z OGRANICZON\u0104 ODPOWIEDZIALNO\u015aCI\u0104"},"image":{"@id":"https:\/\/janex-jl.pl\/#\/schema\/logo\/image\/"},"sameAs":["https:\/\/www.facebook.com\/JanexZrodloZdrowia\/","https:\/\/www.instagram.com\/twoje_zrodlo_zdrowia\/"]}]}},"_links":{"self":[{"href":"https:\/\/janex-jl.pl\/de\/wp-json\/wp\/v2\/product\/1432","targetHints":{"allow":["GET"]}}],"collection":[{"href":"https:\/\/janex-jl.pl\/de\/wp-json\/wp\/v2\/product"}],"about":[{"href":"https:\/\/janex-jl.pl\/de\/wp-json\/wp\/v2\/types\/product"}],"wp:featuredmedia":[{"embeddable":true,"href":"https:\/\/janex-jl.pl\/de\/wp-json\/wp\/v2\/media\/1367"}],"wp:attachment":[{"href":"https:\/\/janex-jl.pl\/de\/wp-json\/wp\/v2\/media?parent=1432"}],"wp:term":[{"taxonomy":"product_category","embeddable":true,"href":"https:\/\/janex-jl.pl\/de\/wp-json\/wp\/v2\/product_category?post=1432"},{"taxonomy":"weight","embeddable":true,"href":"https:\/\/janex-jl.pl\/de\/wp-json\/wp\/v2\/weight?post=1432"}],"curies":[{"name":"wp","href":"https:\/\/api.w.org\/{rel}","templated":true}]}}