{"id":1429,"date":"2022-11-21T11:29:01","date_gmt":"2022-11-21T09:29:01","guid":{"rendered":"https:\/\/janex-jl.pl\/product\/kasza-orkiszowa\/"},"modified":"2026-01-26T09:37:10","modified_gmt":"2026-01-26T07:37:10","slug":"dinkelgruetze","status":"publish","type":"product","link":"https:\/\/janex-jl.pl\/de\/product\/dinkelgruetze\/","title":{"rendered":"Dinkelgr\u00fctze"},"content":{"rendered":"\n<p>Dinkel ist eine der alten Unterarten des Weizens, bekannt f\u00fcr seine zahlreichen gesundheitsf\u00f6rdernden Eigenschaften und hohen N\u00e4hrwerte. Der hohe Ballaststoffgehalt unterst\u00fctzt die Verdauungs- und Absorptionsprozesse im K\u00f6rper. Dinkelgr\u00fctze zeichnet sich durch einen niedrigen glyk\u00e4mischen Index aus und enth\u00e4lt deutlich geringere Mengen an Gluten als andere Getreidesorten, wodurch sie f\u00fcr Diabetiker bestens geeignet ist. Sie dient als Quelle f\u00fcr unges\u00e4ttigte Fetts\u00e4uren, Vitamine und Mineralstoffe, weshalb ihr regelm\u00e4\u00dfiger Verzehr die Funktion des Hormon-, Immun- und Verdauungssystems positiv beeinflussen kann. Besonders empfohlen wird sie f\u00fcr die vegane und vegetarische Ern\u00e4hrung, um den Bedarf an essenziellen Mineralstoffen zu decken. Dinkelgr\u00fctze ist eine hervorragende Basis f\u00fcr Eintopfgerichte sowie eine ideale Beilage zu Fleisch, Gem\u00fcse, Saucen und Gulasch. Auch als nahrhaftes Fr\u00fchst\u00fcck ist sie bestens geeignet: In Milch gekocht und mit Obst und N\u00fcssen verfeinert, bietet sie eine vollwertige Mahlzeit.<\/p>\n\n\n\n<p><\/p>\n","protected":false},"featured_media":1369,"template":"","product_category":[60],"weight":[19],"class_list":["post-1429","product","type-product","status-publish","has-post-thumbnail","hentry","product_category-gruetzen","weight-4-x-100-g"],"acf":[],"yoast_head":"<!-- This site is optimized with the Yoast SEO plugin v26.9 - https:\/\/yoast.com\/product\/yoast-seo-wordpress\/ -->\n<title>Dinkelgr\u00fctze - Janex<\/title>\n<meta name=\"robots\" content=\"index, follow, max-snippet:-1, max-image-preview:large, max-video-preview:-1\" \/>\n<link rel=\"canonical\" href=\"https:\/\/janex-jl.pl\/de\/product\/dinkelgruetze\/\" \/>\n<meta property=\"og:locale\" content=\"de_DE\" \/>\n<meta property=\"og:type\" content=\"article\" \/>\n<meta property=\"og:title\" content=\"Dinkelgr\u00fctze - Janex\" \/>\n<meta property=\"og:description\" content=\"Dinkel ist eine der alten Unterarten des Weizens, bekannt f\u00fcr seine zahlreichen gesundheitsf\u00f6rdernden Eigenschaften und hohen N\u00e4hrwerte. Der hohe Ballaststoffgehalt unterst\u00fctzt die Verdauungs- und Absorptionsprozesse im K\u00f6rper. Dinkelgr\u00fctze zeichnet sich durch einen niedrigen glyk\u00e4mischen Index aus und enth\u00e4lt deutlich geringere Mengen an Gluten als andere Getreidesorten, wodurch sie f\u00fcr Diabetiker bestens geeignet ist. Sie dient &hellip; Continued\" \/>\n<meta property=\"og:url\" content=\"https:\/\/janex-jl.pl\/de\/product\/dinkelgruetze\/\" \/>\n<meta property=\"og:site_name\" content=\"Janex\" \/>\n<meta property=\"article:publisher\" content=\"https:\/\/www.facebook.com\/JanexZrodloZdrowia\/\" \/>\n<meta property=\"article:modified_time\" content=\"2026-01-26T07:37:10+00:00\" \/>\n<meta property=\"og:image\" content=\"https:\/\/janex-jl.pl\/wp-content\/uploads\/2022\/11\/GRAFIKI-JANEX-1.png\" \/>\n\t<meta property=\"og:image:width\" content=\"1015\" \/>\n\t<meta property=\"og:image:height\" content=\"1350\" \/>\n\t<meta property=\"og:image:type\" content=\"image\/png\" \/>\n<meta name=\"twitter:card\" content=\"summary_large_image\" \/>\n<script type=\"application\/ld+json\" class=\"yoast-schema-graph\">{\"@context\":\"https:\/\/schema.org\",\"@graph\":[{\"@type\":\"WebPage\",\"@id\":\"https:\/\/janex-jl.pl\/de\/product\/dinkelgruetze\/\",\"url\":\"https:\/\/janex-jl.pl\/de\/product\/dinkelgruetze\/\",\"name\":\"Dinkelgr\u00fctze - Janex\",\"isPartOf\":{\"@id\":\"https:\/\/janex-jl.pl\/#website\"},\"primaryImageOfPage\":{\"@id\":\"https:\/\/janex-jl.pl\/de\/product\/dinkelgruetze\/#primaryimage\"},\"image\":{\"@id\":\"https:\/\/janex-jl.pl\/de\/product\/dinkelgruetze\/#primaryimage\"},\"thumbnailUrl\":\"https:\/\/janex-jl.pl\/wp-content\/uploads\/2022\/11\/GRAFIKI-JANEX-1.png\",\"datePublished\":\"2022-11-21T09:29:01+00:00\",\"dateModified\":\"2026-01-26T07:37:10+00:00\",\"breadcrumb\":{\"@id\":\"https:\/\/janex-jl.pl\/de\/product\/dinkelgruetze\/#breadcrumb\"},\"inLanguage\":\"de\",\"potentialAction\":[{\"@type\":\"ReadAction\",\"target\":[\"https:\/\/janex-jl.pl\/de\/product\/dinkelgruetze\/\"]}]},{\"@type\":\"ImageObject\",\"inLanguage\":\"de\",\"@id\":\"https:\/\/janex-jl.pl\/de\/product\/dinkelgruetze\/#primaryimage\",\"url\":\"https:\/\/janex-jl.pl\/wp-content\/uploads\/2022\/11\/GRAFIKI-JANEX-1.png\",\"contentUrl\":\"https:\/\/janex-jl.pl\/wp-content\/uploads\/2022\/11\/GRAFIKI-JANEX-1.png\",\"width\":1015,\"height\":1350,\"caption\":\"Opakowanie kaszy orkiszowej Janex 4x100g, naturalne \u017ar\u00f3d\u0142o b\u0142onnika, produkt polski, szybki czas gotowania 15 minut.\"},{\"@type\":\"BreadcrumbList\",\"@id\":\"https:\/\/janex-jl.pl\/de\/product\/dinkelgruetze\/#breadcrumb\",\"itemListElement\":[{\"@type\":\"ListItem\",\"position\":1,\"name\":\"Strona g\u0142\u00f3wna\",\"item\":\"https:\/\/janex-jl.pl\/de\/\"},{\"@type\":\"ListItem\",\"position\":2,\"name\":\"Dinkelgr\u00fctze\"}]},{\"@type\":\"WebSite\",\"@id\":\"https:\/\/janex-jl.pl\/#website\",\"url\":\"https:\/\/janex-jl.pl\/\",\"name\":\"Janex \u2013 polski producent kasz\",\"description\":\"Producent kasz\",\"publisher\":{\"@id\":\"https:\/\/janex-jl.pl\/#organization\"},\"potentialAction\":[{\"@type\":\"SearchAction\",\"target\":{\"@type\":\"EntryPoint\",\"urlTemplate\":\"https:\/\/janex-jl.pl\/?s={search_term_string}\"},\"query-input\":{\"@type\":\"PropertyValueSpecification\",\"valueRequired\":true,\"valueName\":\"search_term_string\"}}],\"inLanguage\":\"de\"},{\"@type\":\"Organization\",\"@id\":\"https:\/\/janex-jl.pl\/#organization\",\"name\":\"JANEX POLSKI PRODUCENT KASZ SP\u00d3\u0141KA Z OGRANICZON\u0104 ODPOWIEDZIALNO\u015aCI\u0104\",\"url\":\"https:\/\/janex-jl.pl\/\",\"logo\":{\"@type\":\"ImageObject\",\"inLanguage\":\"de\",\"@id\":\"https:\/\/janex-jl.pl\/#\/schema\/logo\/image\/\",\"url\":\"https:\/\/janex-jl.pl\/wp-content\/uploads\/2021\/04\/janex-logo.svg\",\"contentUrl\":\"https:\/\/janex-jl.pl\/wp-content\/uploads\/2021\/04\/janex-logo.svg\",\"width\":112,\"height\":77,\"caption\":\"JANEX POLSKI PRODUCENT KASZ SP\u00d3\u0141KA Z OGRANICZON\u0104 ODPOWIEDZIALNO\u015aCI\u0104\"},\"image\":{\"@id\":\"https:\/\/janex-jl.pl\/#\/schema\/logo\/image\/\"},\"sameAs\":[\"https:\/\/www.facebook.com\/JanexZrodloZdrowia\/\",\"https:\/\/www.instagram.com\/twoje_zrodlo_zdrowia\/\"]}]}<\/script>\n<!-- \/ Yoast SEO plugin. -->","yoast_head_json":{"title":"Dinkelgr\u00fctze - Janex","robots":{"index":"index","follow":"follow","max-snippet":"max-snippet:-1","max-image-preview":"max-image-preview:large","max-video-preview":"max-video-preview:-1"},"canonical":"https:\/\/janex-jl.pl\/de\/product\/dinkelgruetze\/","og_locale":"de_DE","og_type":"article","og_title":"Dinkelgr\u00fctze - Janex","og_description":"Dinkel ist eine der alten Unterarten des Weizens, bekannt f\u00fcr seine zahlreichen gesundheitsf\u00f6rdernden Eigenschaften und hohen N\u00e4hrwerte. Der hohe Ballaststoffgehalt unterst\u00fctzt die Verdauungs- und Absorptionsprozesse im K\u00f6rper. Dinkelgr\u00fctze zeichnet sich durch einen niedrigen glyk\u00e4mischen Index aus und enth\u00e4lt deutlich geringere Mengen an Gluten als andere Getreidesorten, wodurch sie f\u00fcr Diabetiker bestens geeignet ist. Sie dient &hellip; Continued","og_url":"https:\/\/janex-jl.pl\/de\/product\/dinkelgruetze\/","og_site_name":"Janex","article_publisher":"https:\/\/www.facebook.com\/JanexZrodloZdrowia\/","article_modified_time":"2026-01-26T07:37:10+00:00","og_image":[{"width":1015,"height":1350,"url":"https:\/\/janex-jl.pl\/wp-content\/uploads\/2022\/11\/GRAFIKI-JANEX-1.png","type":"image\/png"}],"twitter_card":"summary_large_image","schema":{"@context":"https:\/\/schema.org","@graph":[{"@type":"WebPage","@id":"https:\/\/janex-jl.pl\/de\/product\/dinkelgruetze\/","url":"https:\/\/janex-jl.pl\/de\/product\/dinkelgruetze\/","name":"Dinkelgr\u00fctze - Janex","isPartOf":{"@id":"https:\/\/janex-jl.pl\/#website"},"primaryImageOfPage":{"@id":"https:\/\/janex-jl.pl\/de\/product\/dinkelgruetze\/#primaryimage"},"image":{"@id":"https:\/\/janex-jl.pl\/de\/product\/dinkelgruetze\/#primaryimage"},"thumbnailUrl":"https:\/\/janex-jl.pl\/wp-content\/uploads\/2022\/11\/GRAFIKI-JANEX-1.png","datePublished":"2022-11-21T09:29:01+00:00","dateModified":"2026-01-26T07:37:10+00:00","breadcrumb":{"@id":"https:\/\/janex-jl.pl\/de\/product\/dinkelgruetze\/#breadcrumb"},"inLanguage":"de","potentialAction":[{"@type":"ReadAction","target":["https:\/\/janex-jl.pl\/de\/product\/dinkelgruetze\/"]}]},{"@type":"ImageObject","inLanguage":"de","@id":"https:\/\/janex-jl.pl\/de\/product\/dinkelgruetze\/#primaryimage","url":"https:\/\/janex-jl.pl\/wp-content\/uploads\/2022\/11\/GRAFIKI-JANEX-1.png","contentUrl":"https:\/\/janex-jl.pl\/wp-content\/uploads\/2022\/11\/GRAFIKI-JANEX-1.png","width":1015,"height":1350,"caption":"Opakowanie kaszy orkiszowej Janex 4x100g, naturalne \u017ar\u00f3d\u0142o b\u0142onnika, produkt polski, szybki czas gotowania 15 minut."},{"@type":"BreadcrumbList","@id":"https:\/\/janex-jl.pl\/de\/product\/dinkelgruetze\/#breadcrumb","itemListElement":[{"@type":"ListItem","position":1,"name":"Strona g\u0142\u00f3wna","item":"https:\/\/janex-jl.pl\/de\/"},{"@type":"ListItem","position":2,"name":"Dinkelgr\u00fctze"}]},{"@type":"WebSite","@id":"https:\/\/janex-jl.pl\/#website","url":"https:\/\/janex-jl.pl\/","name":"Janex \u2013 polski producent kasz","description":"Producent kasz","publisher":{"@id":"https:\/\/janex-jl.pl\/#organization"},"potentialAction":[{"@type":"SearchAction","target":{"@type":"EntryPoint","urlTemplate":"https:\/\/janex-jl.pl\/?s={search_term_string}"},"query-input":{"@type":"PropertyValueSpecification","valueRequired":true,"valueName":"search_term_string"}}],"inLanguage":"de"},{"@type":"Organization","@id":"https:\/\/janex-jl.pl\/#organization","name":"JANEX POLSKI PRODUCENT KASZ SP\u00d3\u0141KA Z OGRANICZON\u0104 ODPOWIEDZIALNO\u015aCI\u0104","url":"https:\/\/janex-jl.pl\/","logo":{"@type":"ImageObject","inLanguage":"de","@id":"https:\/\/janex-jl.pl\/#\/schema\/logo\/image\/","url":"https:\/\/janex-jl.pl\/wp-content\/uploads\/2021\/04\/janex-logo.svg","contentUrl":"https:\/\/janex-jl.pl\/wp-content\/uploads\/2021\/04\/janex-logo.svg","width":112,"height":77,"caption":"JANEX POLSKI PRODUCENT KASZ SP\u00d3\u0141KA Z OGRANICZON\u0104 ODPOWIEDZIALNO\u015aCI\u0104"},"image":{"@id":"https:\/\/janex-jl.pl\/#\/schema\/logo\/image\/"},"sameAs":["https:\/\/www.facebook.com\/JanexZrodloZdrowia\/","https:\/\/www.instagram.com\/twoje_zrodlo_zdrowia\/"]}]}},"_links":{"self":[{"href":"https:\/\/janex-jl.pl\/de\/wp-json\/wp\/v2\/product\/1429","targetHints":{"allow":["GET"]}}],"collection":[{"href":"https:\/\/janex-jl.pl\/de\/wp-json\/wp\/v2\/product"}],"about":[{"href":"https:\/\/janex-jl.pl\/de\/wp-json\/wp\/v2\/types\/product"}],"wp:featuredmedia":[{"embeddable":true,"href":"https:\/\/janex-jl.pl\/de\/wp-json\/wp\/v2\/media\/1369"}],"wp:attachment":[{"href":"https:\/\/janex-jl.pl\/de\/wp-json\/wp\/v2\/media?parent=1429"}],"wp:term":[{"taxonomy":"product_category","embeddable":true,"href":"https:\/\/janex-jl.pl\/de\/wp-json\/wp\/v2\/product_category?post=1429"},{"taxonomy":"weight","embeddable":true,"href":"https:\/\/janex-jl.pl\/de\/wp-json\/wp\/v2\/weight?post=1429"}],"curies":[{"name":"wp","href":"https:\/\/api.w.org\/{rel}","templated":true}]}}